{"id":37101,"date":"2024-08-30T01:54:00","date_gmt":"2024-08-29T23:54:00","guid":{"rendered":"https:\/\/ascale.es\/politica-de-privacidad\/"},"modified":"2024-10-14T15:09:55","modified_gmt":"2024-10-14T15:09:55","slug":"datenschutzrichtlinie","status":"publish","type":"page","link":"https:\/\/www.ascale.es\/de\/datenschutzrichtlinie\/","title":{"rendered":"Datenschutzrichtlinie"},"content":{"rendered":"\t\t<div data-elementor-type=\"wp-page\" data-elementor-id=\"37101\" class=\"elementor elementor-37101 elementor-26393\" data-elementor-post-type=\"page\">\n\t\t\t\t<div class=\"elementor-element elementor-element-5e0936ec e-flex e-con-boxed e-con e-parent\" data-id=\"5e0936ec\" data-element_type=\"container\" data-e-type=\"container\" data-settings=\"{&quot;jet_parallax_layout_list&quot;:[]}\">\n\t\t\t\t\t<div class=\"e-con-inner\">\n\t\t\t\t<div class=\"elementor-element elementor-element-d70c3da elementor-widget elementor-widget-heading\" data-id=\"d70c3da\" data-element_type=\"widget\" data-e-type=\"widget\" data-widget_type=\"heading.default\">\n\t\t\t\t<div class=\"elementor-widget-container\">\n\t\t\t\t\t<h2 class=\"elementor-heading-title elementor-size-default\">Datenschutzrichtlinie<\/h2>\t\t\t\t<\/div>\n\t\t\t\t<\/div>\n\t\t\t\t<div class=\"elementor-element elementor-element-7cfa8d59 elementor-widget elementor-widget-text-editor\" data-id=\"7cfa8d59\" data-element_type=\"widget\" data-e-type=\"widget\" data-widget_type=\"text-editor.default\">\n\t\t\t\t<div class=\"elementor-widget-container\">\n\t\t\t\t\t\t\t\t\t<p>Im Folgenden beschreiben wir die Verarbeitung Ihrer personenbezogenen Daten und die Ihnen gem\u00e4\u00df der geltenden Datenschutzgesetzgebung zustehenden Rechte &#8211; Verordnung (EU) 2016\/679 des Europ\u00e4ischen Parlaments und des Rates vom 27. April 2016 zum Schutz nat\u00fcrlicher Personen bei der Verarbeitung personenbezogener Daten und die sie erg\u00e4nzenden Vorschriften, im Folgenden \u201eDatenschutzgesetzgebung\u201c oder \u201eDSGVO\u201c.<\/p><p>Verantwortlicher f\u00fcr die Verarbeitung und Kontaktdaten. Verantwortlich f\u00fcr die Verarbeitung Ihrer Daten ist ASCALE ELITE S.L.U., mit Sitz in Ctra. Castell\u00f3n 117 (Partida Foyes Ferraes 5D) 12110 Alcora, Castell\u00f3n, Spanien. Wenn Sie m\u00f6chten, k\u00f6nnen Sie uns \u00fcber die folgende E-Mail-Adresse kontaktieren: lopd@ascale.es oder \u00fcber die oben angegebene Postanschrift.<\/p><p>Zu welchem Zweck und auf welcher Rechtsgrundlage verarbeiten wir Ihre Daten? Ihre personenbezogenen Daten werden gem\u00e4\u00df den Bestimmungen der DSGVO auf der folgenden Rechtsgrundlage und zu den folgenden Zwecken verarbeitet:<\/p><p>a) Einwilligung der betroffenen Person. Die Verarbeitung Ihrer personenbezogenen Daten erfolgt, sofern Sie uns Ihre Einwilligung erteilt haben, zu den nachfolgend genannten Zwecken, abh\u00e4ngig vom ausgef\u00fcllten Formular in jedem Fall und von den uns erteilten Einwilligungen:<\/p><p>Kontaktformular: Um Anfragen, Anliegen, Kommentare, Fragen, Beschwerden oder sonstige Anliegen, die Sie \u00fcber das Kontaktformular an uns gerichtet haben, in erster Instanz zu beantworten.<br \/>Newsletter-Abonnement: Um Ihnen regelm\u00e4\u00dfig den Newsletter auf elektronischem Wege zuzusenden.<br \/>Sie k\u00f6nnen Ihre Einwilligung jederzeit widerrufen. Dies gilt auch f\u00fcr den Fall, dass Ihre Einwilligung vor Inkrafttreten der EU-Datenschutz-Grundverordnung, d. h. vor dem 25. Mai 2018, erteilt wurde. Es sei darauf hingewiesen, dass der Widerspruch gegen eine bestimmte Verarbeitung und der Widerruf der Einwilligung keine r\u00fcckwirkende Wirkung haben.<\/p><p>Automatisierte Einzelentscheidungen und Profilbildung. Wir verwenden keine vollst\u00e4ndig automatisierten Entscheidungsprozesse im Sinne von Artikel 22 der DSGVO. Sollte dieses Verfahren punktuell angewendet werden, werden wir Sie dar\u00fcber informieren, und Sie haben das Recht, menschliches Eingreifen in die Entscheidungsfindung zu verlangen.<\/p><p>An welche Empf\u00e4nger werden Ihre Daten \u00fcbermittelt? Zur Erf\u00fcllung der oben genannten Zwecke arbeitet ASCALE ELITE S.L.U. mit Drittanbietern von Dienstleistungen zusammen, die aufgrund der Erbringung der vertraglich vereinbarten Dienstleistungen Zugriff auf die personenbezogenen Daten haben k\u00f6nnen. In jedem Fall folgt ASCALE ELITE S.L.U. strengen Auswahlkriterien f\u00fcr diese Dritten, um seinen Verpflichtungen im Datenschutz nachzukommen, und schlie\u00dft mit ihnen eine entsprechende Datenschutzvereinbarung ab, in der sich diese Dritten verpflichten, ihre Datenschutzpflichten zu erf\u00fcllen, insbesondere in Bezug auf die rechtlichen, technischen und organisatorischen Ma\u00dfnahmen zur Verarbeitung der personenbezogenen Daten zu den vereinbarten Zwecken, sowie das Verbot, diese Daten f\u00fcr andere Zwecke zu verarbeiten oder an Dritte weiterzugeben.<\/p><p>Dar\u00fcber hinaus kann ASCALE ELITE S.L.U. personenbezogene Daten und sonstige Informationen des Nutzers an \u00f6ffentliche Beh\u00f6rden weitergeben, wenn dies im Rahmen der rechtm\u00e4\u00dfigen Aus\u00fcbung ihrer Befugnisse und gem\u00e4\u00df den anwendbaren Vorschriften erforderlich ist.<\/p><p>Wie lange bewahren wir Ihre Daten auf? ASCALE ELITE S.L.U. erf\u00fcllt die geltenden Vorschriften zur L\u00f6schung personenbezogener Daten, sobald der verfolgte Zweck erreicht ist oder Ihre Einwilligung zur Verarbeitung widerrufen wird, wobei die Daten ausschlie\u00dflich f\u00fcr Richter und Gerichte, die Staatsanwaltschaft oder die zust\u00e4ndigen \u00f6ffentlichen Verwaltungen zur Verf\u00fcgung stehen, um m\u00f6gliche aus der Verarbeitung entstandene Verantwortlichkeiten zu kl\u00e4ren, und nur f\u00fcr die Zeitr\u00e4ume, die f\u00fcr die Verj\u00e4hrung dieser Verantwortlichkeiten vorgesehen sind. Nach Ablauf dieser Fristen werden die Daten endg\u00fcltig auf sichere Weise gel\u00f6scht.<\/p><p>Wie haben wir Ihre Daten erhalten? Die von ASCALE ELITE S.L.U. verarbeiteten personenbezogenen Daten stammen aus den Formularen, die auf der Website bereitgestellt werden.<\/p><p>Welche Rechte haben Sie, wenn Sie uns Ihre Daten zur Verf\u00fcgung stellen? Gem\u00e4\u00df der Datenschutz-Grundverordnung sowie der nationalen Datenschutzgesetzgebung haben Sie das Recht, Ihre Rechte auf Zugang, Berichtigung und L\u00f6schung Ihrer Daten auszu\u00fcben, sowie die Einschr\u00e4nkung der Verarbeitung Ihrer personenbezogenen Daten zu verlangen, der Verarbeitung zu widersprechen, die \u00dcbertragbarkeit Ihrer Daten zu fordern und keiner automatisierten Einzelentscheidung unterworfen zu werden.<\/p><p>Dar\u00fcber hinaus k\u00f6nnen Sie, falls die Verarbeitung Ihrer personenbezogenen Daten auf Ihrer Einwilligung beruht, diese jederzeit widerrufen. In diesem Zusammenhang sei darauf hingewiesen, dass der Widerruf der erteilten Einwilligung die Rechtm\u00e4\u00dfigkeit der zuvor erfolgten Verarbeitung nicht ber\u00fchrt.<\/p><p>Sie k\u00f6nnen die oben beschriebenen Rechte auf folgende Weise aus\u00fcben, indem Sie die notwendigen Unterlagen vorlegen, die uns Ihre Identit\u00e4t best\u00e4tigen (Kopie des Personalausweises, Reisepasses, NIE usw.):<\/p><p>Schriftlich durch Antrag an: Ctra. Castell\u00f3n 117 (Partida Foyes Ferraes 5D) 12110 Alcora, Castell\u00f3n, Spanien.<br \/>Per E-Mail an folgende Adresse: lopd@ascale.es<br \/>An wen k\u00f6nnen Sie Ihre Beschwerden richten? Sollten Sie der Ansicht sein, dass Ihre Datenschutzrechte verletzt wurden oder Sie eine Beschwerde bez\u00fcglich Ihrer pers\u00f6nlichen Daten haben, k\u00f6nnen Sie sich an den Datenschutzbeauftragten wenden, dessen Kontaktdaten Sie im Abschnitt 1 finden.<br \/>In jedem Fall k\u00f6nnen sich Betroffene immer an die spanische Datenschutzbeh\u00f6rde, die Kontrollbeh\u00f6rde f\u00fcr Datenschutz, wenden: https:\/\/www.agpd.es, C\/Jorge Juan Nummer 5, 28001, Madrid.<\/p>\t\t\t\t\t\t\t\t<\/div>\n\t\t\t\t<\/div>\n\t\t\t\t\t<\/div>\n\t\t\t\t<\/div>\n\t\t\t\t<\/div>\n\t\t","protected":false},"excerpt":{"rendered":"<p>Im Folgenden beschreiben wir die Verarbeitung Ihrer personenbezogenen Daten und die Ihnen gem\u00e4\u00df der geltenden Datenschutzgesetzgebung zustehenden Rechte &#8211; Verordnung (EU) 2016\/679 des Europ\u00e4ischen Parlaments und des Rates vom 27. April 2016 zum Schutz nat\u00fcrlicher Personen bei der Verarbeitung personenbezogener Daten und die sie erg\u00e4nzenden Vorschriften, im Folgenden \u201eDatenschutzgesetzgebung\u201c oder \u201eDSGVO\u201c. Verantwortlicher f\u00fcr die Verarbeitung [&hellip;]<\/p>\n","protected":false},"author":1,"featured_media":0,"parent":0,"menu_order":0,"comment_status":"closed","ping_status":"closed","template":"","meta":{"_monsterinsights_skip_tracking":false,"_monsterinsights_sitenote_active":false,"_monsterinsights_sitenote_note":"","_monsterinsights_sitenote_category":0,"footnotes":""},"class_list":["post-37101","page","type-page","status-publish","hentry"],"aioseo_notices":[],"_links":{"self":[{"href":"https:\/\/www.ascale.es\/de\/wp-json\/wp\/v2\/pages\/37101","targetHints":{"allow":["GET"]}}],"collection":[{"href":"https:\/\/www.ascale.es\/de\/wp-json\/wp\/v2\/pages"}],"about":[{"href":"https:\/\/www.ascale.es\/de\/wp-json\/wp\/v2\/types\/page"}],"author":[{"embeddable":true,"href":"https:\/\/www.ascale.es\/de\/wp-json\/wp\/v2\/users\/1"}],"replies":[{"embeddable":true,"href":"https:\/\/www.ascale.es\/de\/wp-json\/wp\/v2\/comments?post=37101"}],"version-history":[{"count":4,"href":"https:\/\/www.ascale.es\/de\/wp-json\/wp\/v2\/pages\/37101\/revisions"}],"predecessor-version":[{"id":37124,"href":"https:\/\/www.ascale.es\/de\/wp-json\/wp\/v2\/pages\/37101\/revisions\/37124"}],"wp:attachment":[{"href":"https:\/\/www.ascale.es\/de\/wp-json\/wp\/v2\/media?parent=37101"}],"curies":[{"name":"wp","href":"https:\/\/api.w.org\/{rel}","templated":true}]}}