{"id":37113,"date":"2024-08-30T00:09:58","date_gmt":"2024-08-29T22:09:58","guid":{"rendered":"https:\/\/ascale.es\/quien-somos\/"},"modified":"2025-11-07T11:56:30","modified_gmt":"2025-11-07T10:56:30","slug":"wer-wir-sind","status":"publish","type":"page","link":"https:\/\/www.ascale.es\/de\/wer-wir-sind\/","title":{"rendered":"Wer Wir Sind"},"content":{"rendered":"\t\t<div data-elementor-type=\"wp-page\" data-elementor-id=\"37113\" class=\"elementor elementor-37113 elementor-26355\" data-elementor-post-type=\"page\">\n\t\t\t\t<div class=\"elementor-element elementor-element-3f891bf e-flex e-con-boxed e-con e-parent\" data-id=\"3f891bf\" data-element_type=\"container\" data-settings=\"{&quot;background_background&quot;:&quot;classic&quot;,&quot;jet_parallax_layout_list&quot;:[]}\">\n\t\t\t\t\t<div class=\"e-con-inner\">\n\t\t\t\t\t<\/div>\n\t\t\t\t<\/div>\n\t\t<div class=\"elementor-element elementor-element-399be87 page-section-first e-flex e-con-boxed e-con e-parent\" data-id=\"399be87\" data-element_type=\"container\" data-settings=\"{&quot;jet_parallax_layout_list&quot;:[],&quot;background_background&quot;:&quot;classic&quot;}\">\n\t\t\t\t\t<div class=\"e-con-inner\">\n\t\t\t\t<div class=\"elementor-element elementor-element-fcf0b81 elementor-absolute forma-a elementor-hidden-mobile elementor-widget elementor-widget-image\" data-id=\"fcf0b81\" data-element_type=\"widget\" data-settings=\"{&quot;_position&quot;:&quot;absolute&quot;}\" data-widget_type=\"image.default\">\n\t\t\t\t<div class=\"elementor-widget-container\">\n\t\t\t\t\t\t\t\t\t\t\t\t\t\t\t<img fetchpriority=\"high\" decoding=\"async\" width=\"800\" height=\"541\" src=\"https:\/\/www.ascale.es\/wp-content\/uploads\/2024\/08\/forma-A-2.svg\" class=\"attachment-large size-large wp-image-33310\" alt=\"\" \/>\t\t\t\t\t\t\t\t\t\t\t\t\t\t\t<\/div>\n\t\t\t\t<\/div>\n\t\t<div class=\"elementor-element elementor-element-8d765a9 e-con-full grupo-texto e-flex e-con e-child\" data-id=\"8d765a9\" data-element_type=\"container\" data-settings=\"{&quot;jet_parallax_layout_list&quot;:[]}\">\n\t\t\t\t<div class=\"elementor-element elementor-element-97f9f3c elementor-widget elementor-widget-heading\" data-id=\"97f9f3c\" data-element_type=\"widget\" data-widget_type=\"heading.default\">\n\t\t\t\t<div class=\"elementor-widget-container\">\n\t\t\t\t\t<span class=\"elementor-heading-title elementor-size-default\">WER WIR SIND<\/span>\t\t\t\t<\/div>\n\t\t\t\t<\/div>\n\t\t\t\t<div class=\"elementor-element elementor-element-0e7d542 elementor-widget elementor-widget-heading\" data-id=\"0e7d542\" data-element_type=\"widget\" data-widget_type=\"heading.default\">\n\t\t\t\t<div class=\"elementor-widget-container\">\n\t\t\t\t\t<span class=\"elementor-heading-title elementor-size-default\">WIR SCHAFFEN <br>BEWUSSTE R\u00c4UME<\/span>\t\t\t\t<\/div>\n\t\t\t\t<\/div>\n\t\t\t\t<div class=\"elementor-element elementor-element-0957912 elementor-widget elementor-widget-text-editor\" data-id=\"0957912\" data-element_type=\"widget\" data-widget_type=\"text-editor.default\">\n\t\t\t\t<div class=\"elementor-widget-container\">\n\t\t\t\t\t\t\t\t\t<p>Wir bei Ascale fertigen gesinterten Stein, der R\u00e4ume in einzigartige Erfahrungen verwandelt, denn das Beste ist, das Erschaffene zu leben.<\/p><p>Unsere mehr als 50-j\u00e4hrige Geschichte ist gepr\u00e4gt von st\u00e4ndiger Weiterentwicklung, um an der Spitze von Technologie und Design zu bleiben. Inspiriert von der Natur und angetrieben von Innovationen bieten wir eine breite Palette von Materialien, die es Architekten, Designern und Bauherren erm\u00f6glichen, ihre ehrgeizigsten Pl\u00e4ne zu verwirklichen.<\/p><p>Aus diesem Grund sind wir die f\u00fchrende Marke auf dem Markt f\u00fcr gro\u00dfformatige Platten aus gesintertem Stein, dank unserer Leidenschaft f\u00fcr Spitzenleistungen und unserem unersch\u00fctterlichen Engagement f\u00fcr Qualit\u00e4t.<\/p>\t\t\t\t\t\t\t\t<\/div>\n\t\t\t\t<\/div>\n\t\t\t\t<div class=\"elementor-element elementor-element-bd10d97 elementor-widget elementor-widget-button\" data-id=\"bd10d97\" data-element_type=\"widget\" data-widget_type=\"button.default\">\n\t\t\t\t<div class=\"elementor-widget-container\">\n\t\t\t\t\t\t\t\t\t<div class=\"elementor-button-wrapper\">\n\t\t\t\t\t<a class=\"elementor-button elementor-button-link elementor-size-sm\" href=\"https:\/\/www.ascale.es\/de\/kontakt\/\">\n\t\t\t\t\t\t<span class=\"elementor-button-content-wrapper\">\n\t\t\t\t\t\t<span class=\"elementor-button-icon\">\n\t\t\t\t<svg xmlns=\"http:\/\/www.w3.org\/2000\/svg\" width=\"29\" height=\"29\" viewBox=\"0 0 29 29\" fill=\"none\"><circle cx=\"14.5\" cy=\"14.5\" r=\"14.5\" fill=\"#D9D9D9\"><\/circle><path fill-rule=\"evenodd\" clip-rule=\"evenodd\" d=\"M14 14V6H15V14L23 14V15L15 15V23H14V15L6 15V14L14 14Z\" fill=\"white\"><\/path><\/svg>\t\t\t<\/span>\n\t\t\t\t\t\t\t\t\t<span class=\"elementor-button-text\">Kontakt<\/span>\n\t\t\t\t\t<\/span>\n\t\t\t\t\t<\/a>\n\t\t\t\t<\/div>\n\t\t\t\t\t\t\t\t<\/div>\n\t\t\t\t<\/div>\n\t\t\t\t<\/div>\n\t\t<div class=\"elementor-element elementor-element-af2fab3 e-con-full grupo-texto e-flex e-con e-child\" data-id=\"af2fab3\" data-element_type=\"container\" data-settings=\"{&quot;jet_parallax_layout_list&quot;:[]}\">\n\t\t\t\t<div class=\"elementor-element elementor-element-ff1004d elementor-widget elementor-widget-image\" data-id=\"ff1004d\" data-element_type=\"widget\" data-widget_type=\"image.default\">\n\t\t\t\t<div class=\"elementor-widget-container\">\n\t\t\t\t\t\t\t\t\t\t\t\t\t\t\t<img decoding=\"async\" width=\"800\" height=\"558\" src=\"https:\/\/www.ascale.es\/wp-content\/uploads\/2024\/09\/MACCHIA-VECCHIA-GOLD-1-1024x714.webp\" class=\"attachment-large size-large wp-image-35100\" alt=\"\" srcset=\"https:\/\/www.ascale.es\/wp-content\/uploads\/2024\/09\/MACCHIA-VECCHIA-GOLD-1-1024x714.webp 1024w, https:\/\/www.ascale.es\/wp-content\/uploads\/2024\/09\/MACCHIA-VECCHIA-GOLD-1-300x209.webp 300w, https:\/\/www.ascale.es\/wp-content\/uploads\/2024\/09\/MACCHIA-VECCHIA-GOLD-1-768x536.webp 768w, https:\/\/www.ascale.es\/wp-content\/uploads\/2024\/09\/MACCHIA-VECCHIA-GOLD-1-1536x1071.webp 1536w, https:\/\/www.ascale.es\/wp-content\/uploads\/2024\/09\/MACCHIA-VECCHIA-GOLD-1.webp 1920w\" sizes=\"(max-width: 800px) 100vw, 800px\" \/>\t\t\t\t\t\t\t\t\t\t\t\t\t\t\t<\/div>\n\t\t\t\t<\/div>\n\t\t\t\t<\/div>\n\t\t\t\t\t<\/div>\n\t\t\t\t<\/div>\n\t\t<div class=\"elementor-element elementor-element-6e537c8 page-section e-flex e-con-boxed e-con e-parent\" data-id=\"6e537c8\" data-element_type=\"container\" data-settings=\"{&quot;jet_parallax_layout_list&quot;:[],&quot;background_background&quot;:&quot;classic&quot;}\">\n\t\t\t\t\t<div class=\"e-con-inner\">\n\t\t<div class=\"elementor-element elementor-element-d24ca75 e-con-full grupo-texto e-flex e-con e-child\" data-id=\"d24ca75\" data-element_type=\"container\" data-settings=\"{&quot;jet_parallax_layout_list&quot;:[]}\">\n\t\t\t\t<div class=\"elementor-element elementor-element-a717f71 elementor-widget elementor-widget-image\" data-id=\"a717f71\" data-element_type=\"widget\" data-widget_type=\"image.default\">\n\t\t\t\t<div class=\"elementor-widget-container\">\n\t\t\t\t\t\t\t\t\t\t\t\t\t\t\t<img decoding=\"async\" width=\"800\" height=\"527\" src=\"https:\/\/www.ascale.es\/wp-content\/uploads\/2024\/09\/about-2.webp\" class=\"attachment-large size-large wp-image-34850\" alt=\"\" srcset=\"https:\/\/www.ascale.es\/wp-content\/uploads\/2024\/09\/about-2.webp 803w, https:\/\/www.ascale.es\/wp-content\/uploads\/2024\/09\/about-2-300x198.webp 300w, https:\/\/www.ascale.es\/wp-content\/uploads\/2024\/09\/about-2-768x506.webp 768w\" sizes=\"(max-width: 800px) 100vw, 800px\" \/>\t\t\t\t\t\t\t\t\t\t\t\t\t\t\t<\/div>\n\t\t\t\t<\/div>\n\t\t\t\t<\/div>\n\t\t<div class=\"elementor-element elementor-element-454556c e-con-full grupo-texto e-flex e-con e-child\" data-id=\"454556c\" data-element_type=\"container\" data-settings=\"{&quot;jet_parallax_layout_list&quot;:[]}\">\n\t\t\t\t<div class=\"elementor-element elementor-element-40ed909 elementor-widget elementor-widget-heading\" data-id=\"40ed909\" data-element_type=\"widget\" data-widget_type=\"heading.default\">\n\t\t\t\t<div class=\"elementor-widget-container\">\n\t\t\t\t\t<span class=\"elementor-heading-title elementor-size-default\">Vision<\/span>\t\t\t\t<\/div>\n\t\t\t\t<\/div>\n\t\t\t\t<div class=\"elementor-element elementor-element-af95e95 elementor-widget elementor-widget-heading\" data-id=\"af95e95\" data-element_type=\"widget\" data-widget_type=\"heading.default\">\n\t\t\t\t<div class=\"elementor-widget-container\">\n\t\t\t\t\t<span class=\"elementor-heading-title elementor-size-default\">GELEITET VON INNOVATION<\/span>\t\t\t\t<\/div>\n\t\t\t\t<\/div>\n\t\t\t\t<div class=\"elementor-element elementor-element-848a2cd elementor-widget elementor-widget-text-editor\" data-id=\"848a2cd\" data-element_type=\"widget\" data-widget_type=\"text-editor.default\">\n\t\t\t\t<div class=\"elementor-widget-container\">\n\t\t\t\t\t\t\t\t\t<p>Ein globaler Ma\u00dfstab im Bereich gesinterter Stein zu sein, anerkannt f\u00fcr unsere Innovation und Exzellenz.<\/p><p>Wir streben danach, den Markt durch nachhaltige L\u00f6sungen zu f\u00fchren, die die wirtschaftliche Entwicklung f\u00f6rdern, die Umwelt respektieren und das Wohlbefinden von Menschen und Gemeinschaften verbessern.<\/p>\t\t\t\t\t\t\t\t<\/div>\n\t\t\t\t<\/div>\n\t\t\t\t<div class=\"elementor-element elementor-element-878a466 elementor-widget elementor-widget-button\" data-id=\"878a466\" data-element_type=\"widget\" data-widget_type=\"button.default\">\n\t\t\t\t<div class=\"elementor-widget-container\">\n\t\t\t\t\t\t\t\t\t<div class=\"elementor-button-wrapper\">\n\t\t\t\t\t<a class=\"elementor-button elementor-button-link elementor-size-sm\" href=\"https:\/\/www.ascale.es\/de\/kontakt\/\">\n\t\t\t\t\t\t<span class=\"elementor-button-content-wrapper\">\n\t\t\t\t\t\t<span class=\"elementor-button-icon\">\n\t\t\t\t<svg xmlns=\"http:\/\/www.w3.org\/2000\/svg\" width=\"29\" height=\"29\" viewBox=\"0 0 29 29\" fill=\"none\"><circle cx=\"14.5\" cy=\"14.5\" r=\"14.5\" fill=\"#D9D9D9\"><\/circle><path fill-rule=\"evenodd\" clip-rule=\"evenodd\" d=\"M14 14V6H15V14L23 14V15L15 15V23H14V15L6 15V14L14 14Z\" fill=\"white\"><\/path><\/svg>\t\t\t<\/span>\n\t\t\t\t\t\t\t\t\t<span class=\"elementor-button-text\">Kontakt<\/span>\n\t\t\t\t\t<\/span>\n\t\t\t\t\t<\/a>\n\t\t\t\t<\/div>\n\t\t\t\t\t\t\t\t<\/div>\n\t\t\t\t<\/div>\n\t\t\t\t<\/div>\n\t\t\t\t\t<\/div>\n\t\t\t\t<\/div>\n\t\t<div class=\"elementor-element elementor-element-6311685 page-section e-flex e-con-boxed e-con e-parent\" data-id=\"6311685\" data-element_type=\"container\" data-settings=\"{&quot;jet_parallax_layout_list&quot;:[],&quot;background_background&quot;:&quot;classic&quot;}\">\n\t\t\t\t\t<div class=\"e-con-inner\">\n\t\t<div class=\"elementor-element elementor-element-344e055 e-con-full grupo-texto e-flex e-con e-child\" data-id=\"344e055\" data-element_type=\"container\" data-settings=\"{&quot;jet_parallax_layout_list&quot;:[]}\">\n\t\t\t\t<div class=\"elementor-element elementor-element-1d28ab3 elementor-widget elementor-widget-heading\" data-id=\"1d28ab3\" data-element_type=\"widget\" data-widget_type=\"heading.default\">\n\t\t\t\t<div class=\"elementor-widget-container\">\n\t\t\t\t\t<span class=\"elementor-heading-title elementor-size-default\">UNSERE MISSION<\/span>\t\t\t\t<\/div>\n\t\t\t\t<\/div>\n\t\t\t\t<div class=\"elementor-element elementor-element-d671d4f elementor-widget elementor-widget-text-editor\" data-id=\"d671d4f\" data-element_type=\"widget\" data-widget_type=\"text-editor.default\">\n\t\t\t\t<div class=\"elementor-widget-container\">\n\t\t\t\t\t\t\t\t\t<p>Wir produzieren und vertreiben hochwertige L\u00f6sungen aus gesintertem Stein und engagieren uns f\u00fcr unsere Kundinnen und Kunden durch verantwortungsvolle, innovative und nachhaltige Praktiken.<\/p><p>Wir arbeiten daran, einen positiven Einfluss auf die Gemeinschaften, in denen wir t\u00e4tig sind, zu schaffen, die Umwelt zu sch\u00fctzen und Mehrwert f\u00fcr alle Beteiligten zu generieren.<\/p>\t\t\t\t\t\t\t\t<\/div>\n\t\t\t\t<\/div>\n\t\t\t\t<\/div>\n\t\t<div class=\"elementor-element elementor-element-d937a4e e-con-full grupo-texto e-flex e-con e-child\" data-id=\"d937a4e\" data-element_type=\"container\" data-settings=\"{&quot;jet_parallax_layout_list&quot;:[]}\">\n\t\t\t\t<div class=\"elementor-element elementor-element-b1c86f6 e-transform e-transform e-transform elementor-widget elementor-widget-image\" data-id=\"b1c86f6\" data-element_type=\"widget\" data-settings=\"{&quot;_transform_translateX_effect&quot;:{&quot;unit&quot;:&quot;px&quot;,&quot;size&quot;:-50,&quot;sizes&quot;:[]},&quot;_transform_translateX_effect_mobile&quot;:{&quot;unit&quot;:&quot;px&quot;,&quot;size&quot;:0,&quot;sizes&quot;:[]},&quot;_transform_flipX_effect&quot;:&quot;transform&quot;,&quot;_transform_flipY_effect&quot;:&quot;transform&quot;,&quot;_transform_translateX_effect_tablet&quot;:{&quot;unit&quot;:&quot;px&quot;,&quot;size&quot;:&quot;&quot;,&quot;sizes&quot;:[]},&quot;_transform_translateY_effect&quot;:{&quot;unit&quot;:&quot;px&quot;,&quot;size&quot;:&quot;&quot;,&quot;sizes&quot;:[]},&quot;_transform_translateY_effect_tablet&quot;:{&quot;unit&quot;:&quot;px&quot;,&quot;size&quot;:&quot;&quot;,&quot;sizes&quot;:[]},&quot;_transform_translateY_effect_mobile&quot;:{&quot;unit&quot;:&quot;px&quot;,&quot;size&quot;:&quot;&quot;,&quot;sizes&quot;:[]}}\" data-widget_type=\"image.default\">\n\t\t\t\t<div class=\"elementor-widget-container\">\n\t\t\t\t\t\t\t\t\t\t\t\t\t\t\t<img loading=\"lazy\" decoding=\"async\" width=\"119\" height=\"96\" src=\"https:\/\/www.ascale.es\/wp-content\/uploads\/2024\/09\/comillas.svg\" class=\"attachment-large size-large wp-image-34854\" alt=\"\" \/>\t\t\t\t\t\t\t\t\t\t\t\t\t\t\t<\/div>\n\t\t\t\t<\/div>\n\t\t\t\t<div class=\"elementor-element elementor-element-4b4c2c4 elementor-widget elementor-widget-heading\" data-id=\"4b4c2c4\" data-element_type=\"widget\" data-widget_type=\"heading.default\">\n\t\t\t\t<div class=\"elementor-widget-container\">\n\t\t\t\t\t<span class=\"elementor-heading-title elementor-size-default\">ASCALE, wo Innovation und Natur aufeinandertreffen, um etwas Au\u00dfergew\u00f6hnliches zu schaffen.<\/span>\t\t\t\t<\/div>\n\t\t\t\t<\/div>\n\t\t\t\t<div class=\"elementor-element elementor-element-9c5429b e-transform elementor-widget elementor-widget-image\" data-id=\"9c5429b\" data-element_type=\"widget\" data-settings=\"{&quot;_transform_translateX_effect&quot;:{&quot;unit&quot;:&quot;px&quot;,&quot;size&quot;:20,&quot;sizes&quot;:[]},&quot;_transform_translateX_effect_mobile&quot;:{&quot;unit&quot;:&quot;px&quot;,&quot;size&quot;:0,&quot;sizes&quot;:[]},&quot;_transform_translateX_effect_tablet&quot;:{&quot;unit&quot;:&quot;px&quot;,&quot;size&quot;:&quot;&quot;,&quot;sizes&quot;:[]},&quot;_transform_translateY_effect&quot;:{&quot;unit&quot;:&quot;px&quot;,&quot;size&quot;:&quot;&quot;,&quot;sizes&quot;:[]},&quot;_transform_translateY_effect_tablet&quot;:{&quot;unit&quot;:&quot;px&quot;,&quot;size&quot;:&quot;&quot;,&quot;sizes&quot;:[]},&quot;_transform_translateY_effect_mobile&quot;:{&quot;unit&quot;:&quot;px&quot;,&quot;size&quot;:&quot;&quot;,&quot;sizes&quot;:[]}}\" data-widget_type=\"image.default\">\n\t\t\t\t<div class=\"elementor-widget-container\">\n\t\t\t\t\t\t\t\t\t\t\t\t\t\t\t<img loading=\"lazy\" decoding=\"async\" width=\"119\" height=\"96\" src=\"https:\/\/www.ascale.es\/wp-content\/uploads\/2024\/09\/comillas.svg\" class=\"attachment-large size-large wp-image-34854\" alt=\"\" \/>\t\t\t\t\t\t\t\t\t\t\t\t\t\t\t<\/div>\n\t\t\t\t<\/div>\n\t\t\t\t<\/div>\n\t\t\t\t\t<\/div>\n\t\t\t\t<\/div>\n\t\t<div class=\"elementor-element elementor-element-d73955e page-section e-flex e-con-boxed e-con e-parent\" data-id=\"d73955e\" data-element_type=\"container\" data-settings=\"{&quot;jet_parallax_layout_list&quot;:[],&quot;background_background&quot;:&quot;classic&quot;}\">\n\t\t\t\t\t<div class=\"e-con-inner\">\n\t\t<div class=\"elementor-element elementor-element-e2236ee e-con-full grupo-texto e-flex e-con e-child\" data-id=\"e2236ee\" data-element_type=\"container\" data-settings=\"{&quot;jet_parallax_layout_list&quot;:[]}\">\n\t\t\t\t<\/div>\n\t\t<div class=\"elementor-element elementor-element-ece9560 e-con-full grupo-texto e-flex e-con e-child\" data-id=\"ece9560\" data-element_type=\"container\" data-settings=\"{&quot;jet_parallax_layout_list&quot;:[]}\">\n\t\t\t\t<div class=\"elementor-element elementor-element-1b74648 elementor-widget elementor-widget-heading\" data-id=\"1b74648\" data-element_type=\"widget\" data-widget_type=\"heading.default\">\n\t\t\t\t<div class=\"elementor-widget-container\">\n\t\t\t\t\t<span class=\"elementor-heading-title elementor-size-default\">UNSERE ANLAGEN<\/span>\t\t\t\t<\/div>\n\t\t\t\t<\/div>\n\t\t\t\t<\/div>\n\t\t\t\t\t<\/div>\n\t\t\t\t<\/div>\n\t\t<div class=\"elementor-element elementor-element-e2d36e9 page-section e-flex e-con-boxed e-con e-parent\" data-id=\"e2d36e9\" data-element_type=\"container\" data-settings=\"{&quot;jet_parallax_layout_list&quot;:[],&quot;background_background&quot;:&quot;classic&quot;}\">\n\t\t\t\t\t<div class=\"e-con-inner\">\n\t\t<div class=\"elementor-element elementor-element-59265c5 e-con-full grupo-texto e-flex e-con e-child\" data-id=\"59265c5\" data-element_type=\"container\" data-settings=\"{&quot;jet_parallax_layout_list&quot;:[]}\">\n\t\t\t\t<div class=\"elementor-element elementor-element-d2e1eed elementor-widget elementor-widget-image\" data-id=\"d2e1eed\" data-element_type=\"widget\" data-widget_type=\"image.default\">\n\t\t\t\t<div class=\"elementor-widget-container\">\n\t\t\t\t\t\t\t\t\t\t\t\t\t\t\t<img loading=\"lazy\" decoding=\"async\" width=\"800\" height=\"527\" src=\"https:\/\/www.ascale.es\/wp-content\/uploads\/2024\/09\/ROTULO-EXTERIOR-2.webp\" class=\"attachment-large size-large wp-image-35238\" alt=\"\" srcset=\"https:\/\/www.ascale.es\/wp-content\/uploads\/2024\/09\/ROTULO-EXTERIOR-2.webp 900w, https:\/\/www.ascale.es\/wp-content\/uploads\/2024\/09\/ROTULO-EXTERIOR-2-300x198.webp 300w, https:\/\/www.ascale.es\/wp-content\/uploads\/2024\/09\/ROTULO-EXTERIOR-2-768x506.webp 768w\" sizes=\"(max-width: 800px) 100vw, 800px\" \/>\t\t\t\t\t\t\t\t\t\t\t\t\t\t\t<\/div>\n\t\t\t\t<\/div>\n\t\t\t\t<\/div>\n\t\t<div class=\"elementor-element elementor-element-5a00b5a e-con-full grupo-texto e-flex e-con e-child\" data-id=\"5a00b5a\" data-element_type=\"container\" data-settings=\"{&quot;jet_parallax_layout_list&quot;:[]}\">\n\t\t\t\t<div class=\"elementor-element elementor-element-fc1d151 elementor-widget elementor-widget-text-editor\" data-id=\"fc1d151\" data-element_type=\"widget\" data-widget_type=\"text-editor.default\">\n\t\t\t\t<div class=\"elementor-widget-container\">\n\t\t\t\t\t\t\t\t\t<p>Bei Ascale sind Ausstellungsraum, B\u00fcros und Fabrik in einem einzigen Bereich direkt am Fu\u00dfe des Ofens vereint, wo die eigentliche Magie stattfindet: die Herstellung unseres gesinterten Steins.<\/p><p>Im Herzen der spanischen Ton-, Boden- und Keramikindustrie verbindet unser industrielles Umfeld Tradition und Modernit\u00e4t. Unser Werk, das mit modernsten Maschinen ausgestattet ist, spiegelt unser Engagement f\u00fcr Technologie und Forschung und Entwicklung wider.<\/p><p>Jedes Detail ist darauf ausgerichtet, Innovationen voranzutreiben und sicherzustellen, dass jedes Projekt zu einem einzigartigen Erlebnis wird.<\/p>\t\t\t\t\t\t\t\t<\/div>\n\t\t\t\t<\/div>\n\t\t\t\t<\/div>\n\t\t\t\t\t<\/div>\n\t\t\t\t<\/div>\n\t\t<div class=\"elementor-element elementor-element-11ad43c page-section e-flex e-con-boxed e-con e-parent\" data-id=\"11ad43c\" data-element_type=\"container\" data-settings=\"{&quot;jet_parallax_layout_list&quot;:[],&quot;background_background&quot;:&quot;classic&quot;}\">\n\t\t\t\t\t<div class=\"e-con-inner\">\n\t\t<div class=\"elementor-element elementor-element-8d1d966 e-con-full grupo-texto e-flex e-con e-child\" data-id=\"8d1d966\" data-element_type=\"container\" data-settings=\"{&quot;jet_parallax_layout_list&quot;:[]}\">\n\t\t\t\t<div class=\"elementor-element elementor-element-d3579e9 elementor-widget elementor-widget-heading\" data-id=\"d3579e9\" data-element_type=\"widget\" data-widget_type=\"heading.default\">\n\t\t\t\t<div class=\"elementor-widget-container\">\n\t\t\t\t\t<span class=\"elementor-heading-title elementor-size-default\">WERTE<\/span>\t\t\t\t<\/div>\n\t\t\t\t<\/div>\n\t\t\t\t<div class=\"elementor-element elementor-element-140b569 elementor-widget elementor-widget-heading\" data-id=\"140b569\" data-element_type=\"widget\" data-widget_type=\"heading.default\">\n\t\t\t\t<div class=\"elementor-widget-container\">\n\t\t\t\t\t<span class=\"elementor-heading-title elementor-size-default\">GELEITET VON EXZELLENZ<\/span>\t\t\t\t<\/div>\n\t\t\t\t<\/div>\n\t\t\t\t<div class=\"elementor-element elementor-element-66e31d4 elementor-widget elementor-widget-text-editor\" data-id=\"66e31d4\" data-element_type=\"widget\" data-widget_type=\"text-editor.default\">\n\t\t\t\t<div class=\"elementor-widget-container\">\n\t\t\t\t\t\t\t\t\t<p data-start=\"43\" data-end=\"165\"><strong data-start=\"43\" data-end=\"58\">Engagement:<\/strong> Wir handeln mit Einsatz und Verantwortung und richten unser Handeln nach den Grunds\u00e4tzen von PAMESA aus.<\/p><p data-start=\"167\" data-end=\"326\"><strong data-start=\"167\" data-end=\"181\">Exzellenz:<\/strong> Wir stellen unsere Kundinnen und Kunden in den Mittelpunkt jeder Entscheidung und bieten ein Erlebnis, das auf Exzellenz und Qualit\u00e4t basiert.<\/p><p data-start=\"328\" data-end=\"510\"><strong data-start=\"328\" data-end=\"347\">Nachhaltigkeit:<\/strong> Wir engagieren uns f\u00fcr Praktiken, die ein Gleichgewicht zwischen wirtschaftlicher und sozialer Entwicklung sowie dem Schutz und der Bewahrung der Natur f\u00f6rdern.<\/p><p data-start=\"512\" data-end=\"641\" data-is-last-node=\"\" data-is-only-node=\"\"><strong data-start=\"512\" data-end=\"527\">Innovation:<\/strong> Wir integrieren kontinuierlich neue Trends, Dienstleistungen und Produkte, um Unternehmensprozesse zu verbessern.<\/p>\t\t\t\t\t\t\t\t<\/div>\n\t\t\t\t<\/div>\n\t\t\t\t<\/div>\n\t\t<div class=\"elementor-element elementor-element-7ccc381 e-con-full grupo-texto e-flex e-con e-child\" data-id=\"7ccc381\" data-element_type=\"container\" data-settings=\"{&quot;jet_parallax_layout_list&quot;:[]}\">\n\t\t\t\t<div class=\"elementor-element elementor-element-609046f elementor-widget elementor-widget-image\" data-id=\"609046f\" data-element_type=\"widget\" data-widget_type=\"image.default\">\n\t\t\t\t<div class=\"elementor-widget-container\">\n\t\t\t\t\t\t\t\t\t\t\t\t\t\t\t<img loading=\"lazy\" decoding=\"async\" width=\"800\" height=\"527\" src=\"https:\/\/www.ascale.es\/wp-content\/uploads\/2025\/09\/Diseno-sin-titulo-10.webp\" class=\"attachment-large size-large wp-image-68195\" alt=\"F\u00e1brica piedra sinterizada gran formato ASCALE\" srcset=\"https:\/\/www.ascale.es\/wp-content\/uploads\/2025\/09\/Diseno-sin-titulo-10.webp 803w, https:\/\/www.ascale.es\/wp-content\/uploads\/2025\/09\/Diseno-sin-titulo-10-300x198.webp 300w, https:\/\/www.ascale.es\/wp-content\/uploads\/2025\/09\/Diseno-sin-titulo-10-768x506.webp 768w\" sizes=\"(max-width: 800px) 100vw, 800px\" \/>\t\t\t\t\t\t\t\t\t\t\t\t\t\t\t<\/div>\n\t\t\t\t<\/div>\n\t\t\t\t<\/div>\n\t\t\t\t\t<\/div>\n\t\t\t\t<\/div>\n\t\t<div class=\"elementor-element elementor-element-5314589 e-flex e-con-boxed e-con e-parent\" data-id=\"5314589\" data-element_type=\"container\" data-settings=\"{&quot;background_background&quot;:&quot;classic&quot;,&quot;jet_parallax_layout_list&quot;:[]}\">\n\t\t\t\t\t<div class=\"e-con-inner\">\n\t\t<div class=\"elementor-element elementor-element-ffd1ce1 e-con-full grupo-texto e-flex e-con e-child\" data-id=\"ffd1ce1\" data-element_type=\"container\" data-settings=\"{&quot;jet_parallax_layout_list&quot;:[]}\">\n\t\t\t\t<div class=\"elementor-element elementor-element-f3054b2 elementor-widget elementor-widget-button\" data-id=\"f3054b2\" data-element_type=\"widget\" data-widget_type=\"button.default\">\n\t\t\t\t<div class=\"elementor-widget-container\">\n\t\t\t\t\t\t\t\t\t<div class=\"elementor-button-wrapper\">\n\t\t\t\t\t<a class=\"elementor-button elementor-button-link elementor-size-sm\" href=\"https:\/\/www.ascale.es\/virtual-showroom-ascale\/\" target=\"_blank\">\n\t\t\t\t\t\t<span class=\"elementor-button-content-wrapper\">\n\t\t\t\t\t\t\t\t\t<span class=\"elementor-button-text\">Besuchen Sie unsere virtuelle Tour<\/span>\n\t\t\t\t\t<\/span>\n\t\t\t\t\t<\/a>\n\t\t\t\t<\/div>\n\t\t\t\t\t\t\t\t<\/div>\n\t\t\t\t<\/div>\n\t\t\t\t<\/div>\n\t\t\t\t\t<\/div>\n\t\t\t\t<\/div>\n\t\t\t\t<\/div>\n\t\t","protected":false},"excerpt":{"rendered":"<p>WER WIR SIND WIR SCHAFFEN BEWUSSTE R\u00c4UME Wir bei Ascale fertigen gesinterten Stein, der R\u00e4ume in einzigartige Erfahrungen verwandelt, denn das Beste ist, das Erschaffene zu leben. Unsere mehr als 50-j\u00e4hrige Geschichte ist gepr\u00e4gt von st\u00e4ndiger Weiterentwicklung, um an der Spitze von Technologie und Design zu bleiben. Inspiriert von der Natur und angetrieben von Innovationen [&hellip;]<\/p>\n","protected":false},"author":1,"featured_media":0,"parent":0,"menu_order":0,"comment_status":"closed","ping_status":"closed","template":"","meta":{"_monsterinsights_skip_tracking":false,"_monsterinsights_sitenote_active":false,"_monsterinsights_sitenote_note":"","_monsterinsights_sitenote_category":0,"footnotes":""},"class_list":["post-37113","page","type-page","status-publish","hentry"],"aioseo_notices":[],"_links":{"self":[{"href":"https:\/\/www.ascale.es\/de\/wp-json\/wp\/v2\/pages\/37113","targetHints":{"allow":["GET"]}}],"collection":[{"href":"https:\/\/www.ascale.es\/de\/wp-json\/wp\/v2\/pages"}],"about":[{"href":"https:\/\/www.ascale.es\/de\/wp-json\/wp\/v2\/types\/page"}],"author":[{"embeddable":true,"href":"https:\/\/www.ascale.es\/de\/wp-json\/wp\/v2\/users\/1"}],"replies":[{"embeddable":true,"href":"https:\/\/www.ascale.es\/de\/wp-json\/wp\/v2\/comments?post=37113"}],"version-history":[{"count":17,"href":"https:\/\/www.ascale.es\/de\/wp-json\/wp\/v2\/pages\/37113\/revisions"}],"predecessor-version":[{"id":74352,"href":"https:\/\/www.ascale.es\/de\/wp-json\/wp\/v2\/pages\/37113\/revisions\/74352"}],"wp:attachment":[{"href":"https:\/\/www.ascale.es\/de\/wp-json\/wp\/v2\/media?parent=37113"}],"curies":[{"name":"wp","href":"https:\/\/api.w.org\/{rel}","templated":true}]}}