{"id":39050,"date":"2024-08-30T01:54:15","date_gmt":"2024-08-29T23:54:15","guid":{"rendered":"https:\/\/ascale.es\/aviso-legal\/"},"modified":"2025-09-19T13:45:20","modified_gmt":"2025-09-19T11:45:20","slug":"impressum","status":"publish","type":"page","link":"https:\/\/www.ascale.es\/de\/impressum\/","title":{"rendered":"Impressum"},"content":{"rendered":"\t\t<div data-elementor-type=\"wp-page\" data-elementor-id=\"39050\" class=\"elementor elementor-39050 elementor-26392\" data-elementor-post-type=\"page\">\n\t\t\t\t<div class=\"elementor-element elementor-element-7336528b e-flex e-con-boxed e-con e-parent\" data-id=\"7336528b\" data-element_type=\"container\" data-settings=\"{&quot;jet_parallax_layout_list&quot;:[]}\">\n\t\t\t\t\t<div class=\"e-con-inner\">\n\t\t\t\t<div class=\"elementor-element elementor-element-52eba48 elementor-widget elementor-widget-heading\" data-id=\"52eba48\" data-element_type=\"widget\" data-widget_type=\"heading.default\">\n\t\t\t\t<div class=\"elementor-widget-container\">\n\t\t\t\t\t<h2 class=\"elementor-heading-title elementor-size-default\">Impressum<\/h2>\t\t\t\t<\/div>\n\t\t\t\t<\/div>\n\t\t\t\t<div class=\"elementor-element elementor-element-144deca0 elementor-widget elementor-widget-text-editor\" data-id=\"144deca0\" data-element_type=\"widget\" data-widget_type=\"text-editor.default\">\n\t\t\t\t<div class=\"elementor-widget-container\">\n\t\t\t\t\t\t\t\t\t<h5>1. RECHTLICHE INFORMATIONEN<\/h5><p>In \u00dcbereinstimmung mit der Informationspflicht gem\u00e4\u00df Artikel 10 des Gesetzes 34\/2002 \u00fcber Dienste der Informationsgesellschaft und den elektronischen Gesch\u00e4ftsverkehr informieren wir Sie, dass der Eigent\u00fcmer der Website <a href=\"https:\/\/www.ascale.es\/\">https:\/\/www.ascale.es<\/a> (im Folgenden die \u201eWebsite\u201c) <strong>ASCALE ELITE S.L.U.<\/strong> ist. Die Identifikations- und Kontaktdaten des Website-Betreibers lauten wie folgt:<\/p><ul><li>Firmenname: <strong>ASCALE ELITE S.L.U.<\/strong><\/li><li>Steuer-ID (NIF): <strong>B56480981<\/strong><\/li><li>Adresse: <strong>Castell\u00f3n 117 (Partida Foyes Ferraes 5D), 12110 Alcora, Castell\u00f3n, Spanien<\/strong><\/li><li>Handelsregisterinformationen:<\/li><li>E-Mail: <strong><a href=\"mailto:info@ascale.es\">info@ascale.es<\/a><\/strong><\/li><li>Telefonkontakt: <a href=\"tel:+34964777700\"><strong>+34 964 77 77 00<\/strong><\/a><\/li><\/ul><h5>2. ZWECK UND ANWENDUNGSBEREICH<\/h5><p><strong>2.1.<\/strong> Dieses Impressum legt die allgemeinen Nutzungsbedingungen fest, die den Zugang, das Browsen und die Nutzung der Website sowie die sich aus der Nutzung der Inhalte ergebenden Verantwortlichkeiten regeln. Dar\u00fcber hinaus kann die Bereitstellung bestimmter Dienstleistungen oder Aktivit\u00e4ten im Rahmen der Website spezifischen Bedingungen unterliegen, die diese allgemeinen Nutzungsbedingungen ersetzen, erg\u00e4nzen und\/oder \u00e4ndern k\u00f6nnen.<\/p><p><strong>2.2.<\/strong> Diese Website ist ein Dienst, der von ASCALE ELITE S.L.U. Internetnutzern zu Informationszwecken zur Verf\u00fcgung gestellt wird, mit dem Hauptziel, Kontakt mit Nutzern herzustellen, die an der T\u00e4tigkeit von ASCALE ELITE interessiert sind. Die Website bietet keinen Online-Verkauf ihrer Produkte an, sondern informiert \u00fcber den Kaufprozess, der in ihren Einrichtungen durchgef\u00fchrt werden kann.<\/p><p><strong>2.3.<\/strong> Der Zugang zu und die Nutzung dieser Website verleihen dem Besucher den Status eines <strong>NUTZERS<\/strong> und implizieren die volle und bedingungslose Akzeptanz aller in diesem Impressum enthaltenen Nutzungsbedingungen in der zum Zeitpunkt des Zugriffs ver\u00f6ffentlichten Version. F\u00fcr diese Zwecke bedeutet <strong>NUTZER<\/strong> jede Person, die auf die Website zugreift, darin browsed, sie nutzt oder an den auf der Website entwickelten Diensten und Aktivit\u00e4ten teilnimmt.<\/p><p><strong>2.4.<\/strong> Der NUTZER verpflichtet sich, die Website gem\u00e4\u00df den geltenden Gesetzen, in gutem Glauben, unter Beachtung der \u00f6ffentlichen Ordnung, \u00fcblicher Praktiken und dieses Impressums ordnungsgem\u00e4\u00df zu nutzen und haftet gegen\u00fcber ASCALE ELITE S.L.U. und Dritten f\u00fcr Sch\u00e4den, die sich aus der Nichteinhaltung dieser Verpflichtung ergeben.<\/p><h5>3. ZUGANG ZU UND NUTZUNG DER WEBSITE<\/h5><p><strong>3.1.<\/strong> Der Zugang zu dieser Website ist kostenlos und offen, abgesehen von den Kosten f\u00fcr die vom NUTZER beauftragte Telekommunikationsnetzverbindung.<\/p><p data-start=\"204\" data-end=\"368\"><strong data-start=\"204\" data-end=\"212\">3.2.<\/strong> Der NUTZER \u00fcbernimmt die Verantwortung f\u00fcr die Nutzung der Website und verpflichtet sich, die Inhalte sorgf\u00e4ltig und gesetzm\u00e4\u00dfig zu verwenden. Insbesondere verpflichtet sich der NUTZER, Folgendes nicht zu tun:<\/p><ul data-start=\"369\" data-end=\"1930\" data-is-last-node=\"\" data-is-only-node=\"\"><li data-start=\"369\" data-end=\"464\"><p data-start=\"371\" data-end=\"464\">Falsche Identit\u00e4ten verwenden oder andere Nutzer bei der Nutzung der Website oder ihrer Dienste nachahmen.<\/p><\/li><li data-start=\"465\" data-end=\"833\"><p data-start=\"467\" data-end=\"833\">Computer-Viren einf\u00fchren oder Handlungen durchf\u00fchren, die wahrscheinlich elektronische Dokumente, Daten oder physische und logische Systeme von ASCALE ELITE S.L.U. oder Dritten ver\u00e4ndern, besch\u00e4digen, unterbrechen oder Fehler erzeugen oder den Zugang anderer Nutzer durch massiven Verbrauch der Computerressourcen, \u00fcber die ASCALE ELITE S.L.U. seine Dienste bereitstellt, behindern.<\/p><\/li><li data-start=\"834\" data-end=\"912\"><p data-start=\"836\" data-end=\"912\">Versuchen, auf E-Mail-Konten anderer Nutzer zuzugreifen und diese gegebenenfalls zu nutzen.<\/p><\/li><li data-start=\"913\" data-end=\"1168\"><p data-start=\"915\" data-end=\"1168\">Inhalte der Website f\u00fcr kommerzielle Zwecke zu reproduzieren, zu kopieren, zu verbreiten, zug\u00e4nglich zu machen oder anderweitig \u00f6ffentlich zu kommunizieren, zu transformieren oder zu modifizieren, auf jeglichem Medium und mit jeglichen technischen Mitteln, ohne die vorherige ausdr\u00fcckliche Genehmigung des Rechteinhabers.<\/p><\/li><li data-start=\"1169\" data-end=\"1302\"><p data-start=\"1171\" data-end=\"1302\">Die auf dieser Website pr\u00e4sentierten Inhalte und\/oder Dienstleistungen als eigene gesch\u00e4ftliche oder berufliche T\u00e4tigkeit einzuf\u00fchren oder zu \u00fcbernehmen.<\/p><\/li><li data-start=\"1303\" data-end=\"1399\"><p data-start=\"1305\" data-end=\"1399\">Jegliche geistigen oder gewerblichen Schutzrechte, die sich aus den Inhalten der Website ergeben, zu verletzen.<\/p><\/li><li data-start=\"1400\" data-end=\"1665\"><p data-start=\"1402\" data-end=\"1665\">Die \u00fcber diese Website erhaltenen Inhalte und\/oder Informationen f\u00fcr Werbe- oder Promotionszwecke, zum Versenden von Werbung jeglicher Art oder Mitteilungen zu Verkaufs- oder anderen kommerziellen Zwecken zu verwenden oder solche Informationen auf irgendeine Weise zu sammeln, zu vermarkten oder offenzulegen.<\/p><\/li><li data-start=\"1666\" data-end=\"1930\" data-is-last-node=\"\"><p data-start=\"1668\" data-end=\"1930\" data-is-last-node=\"\">Diese Website oder die darauf erhaltenen Inhalte und\/oder Dienstleistungen zu nutzen, um T\u00e4tigkeiten auszuf\u00fchren, die gegen das Gesetz, die Moral, die guten Sitten oder die \u00f6ffentliche Ordnung versto\u00dfen, oder f\u00fcr rechtswidrige, verbotene oder sch\u00e4dliche Zwecke oder Effekte, die die Rechte und Interessen Dritter sch\u00e4digen.<\/p><\/li><\/ul><h5>4. SCHUTZ PERSONENBEZOGENER DATEN<\/h5><p><strong>4.1.<\/strong> ASCALE ELITE S.L.U. verpflichtet sich, personenbezogene Daten unter Wahrung der Rechte ihrer Inhaber und in \u00dcbereinstimmung mit den jeweils geltenden Datenschutzvorschriften zu verarbeiten.<\/p><p><strong>4.2.<\/strong> Im Abschnitt \u201eDatenschutzrichtlinie\u201c (<a href=\"https:\/\/www.ascale.es\/politica-de-privacidad\/\">https:\/\/www.ascale.es\/politica-de-privacidad\/<br \/><\/a>) der Website werden den NUTZERN dauerhaft die rechtlichen Informationen oder Datenschutzbestimmungen zu den verschiedenen Datenverarbeitungsaktivit\u00e4ten von ASCALE ELITE S.L.U. in Bezug auf die Verwaltung der Daten der Website-Nutzer bereitgestellt.<\/p><p><strong>4.3.<\/strong> Sollte der NUTZER freiwillig eines der Online-Datenerfassungsformulare auf der Website ausf\u00fcllen, um auf bestimmte Dienste oder Inhalte zuzugreifen, verpflichtet er sich, genaue und wahrheitsgem\u00e4\u00dfe Angaben zu machen und ASCALE ELITE S.L.U. \u00fcber \u00c4nderungen zu informieren. Sofern nicht ausdr\u00fccklich anders angegeben, sind die in unseren Formularen angeforderten Daten erforderlich, um die Anfrage zu bearbeiten.<\/p><p>In jedem Fall enth\u00e4lt das betreffende Online-Formular zur Erfassung personenbezogener Daten des NUTZERS einen Link zu der entsprechenden Datenschutzerkl\u00e4rung, die f\u00fcr die Verarbeitung der bereitgestellten personenbezogenen Daten gilt. Die ausdr\u00fcckliche Zustimmung des NUTZERS zu dieser Datenschutzerkl\u00e4rung ist erforderlich, damit das Formular als ordnungsgem\u00e4\u00df ausgef\u00fcllt gilt und der \u00dcbermittlungsvorgang abgeschlossen wird. Der Inhalt dieser Datenschutzrichtlinie kann ge\u00e4ndert werden, um ihn an gesetzliche \u00c4nderungen sowie an Kriterien und Positionen der zust\u00e4ndigen Datenschutzbeh\u00f6rden anzupassen.<\/p><p><strong>4.4.<\/strong> Wenn ein NUTZER personenbezogene Daten anderer Personen bereitstellt, ist er verpflichtet, alle Pflichten aus den geltenden Datenschutzvorschriften in Bezug auf diese Daten einzuhalten, insbesondere die Informationspflicht und die Einholung der Einwilligung der betroffenen Person.<\/p><p><strong>4.5.<\/strong> Minderj\u00e4hrige unter 14 Jahren d\u00fcrfen keine personenbezogenen Daten \u00fcber die Website bereitstellen, und die vorherige ausdr\u00fcckliche Genehmigung der Eltern oder Erziehungsberechtigten ist erforderlich. In jedem Fall richtet sich diese Website nicht an Minderj\u00e4hrige.<\/p><h5>5. GEISTIGES UND GEWERBLICHES EIGENTUM<\/h5><p><strong>5.1.<\/strong> Alle Elemente der Website (einschlie\u00dflich, aber nicht beschr\u00e4nkt auf Quellcodes, Datenbanken, Design, Bilder, Fotografien, Zeichnungen, Grafiken, Animationen, Anwendungen, Suchmaschinen, Seiten, Logos, Marken und Handelsnamen) sind Eigentum von ASCALE ELITE S.L.U. oder wurden ihr lizenziert (sofern nicht ausdr\u00fccklich anders angegeben). Daher sind Urheber- und Verwertungsrechte in vollem Umfang und in allen Formen durch nationale und internationale geistige und gewerbliche Schutzgesetze gesch\u00fctzt, deren Verletzung eine rechtswidrige und strafbare Handlung darstellt.<\/p><p><strong>5.2.<\/strong> Unter keinen Umst\u00e4nden ist zu verstehen, dass der Zugang des NUTZERS zur Website und das Browsen auf dieser einen Verzicht, eine \u00dcbertragung, Lizenz oder vollst\u00e4ndige oder teilweise Abtretung dieser Rechte durch ASCALE ELITE S.L.U. impliziert, noch dass es dem NUTZER irgendein Nutzungsrecht, \u00dcbersetzungsrecht, Anpassungsrecht, \u00c4nderungsrecht, Verwertungsrecht, Reproduktionsrecht, Verbreitungsrecht oder Recht zur \u00f6ffentlichen Kommunikation zu kommerziellen Zwecken dieser Inhalte gew\u00e4hrt, ohne die vorherige ausdr\u00fcckliche Genehmigung von ASCALE ELITE S.L.U. oder des Rechteinhabers. Die Nichtbeachtung berechtigt ASCALE ELITE S.L.U. oder die entsprechenden Rechteinhaber, geeignete rechtliche Schritte einzuleiten.<\/p><p><strong>5.3.<\/strong> Die Verbreitung, Modifizierung, \u00dcbertragung oder \u00f6ffentliche Kommunikation der Inhalte sowie jede andere nicht ausdr\u00fccklich vom Rechteinhaber autorisierte Handlung ist verboten.<\/p><p><strong>5.4.<\/strong> Die Reproduktion (Drucken und Herunterladen) von Ausz\u00fcgen aus den Website-Inhalten ist nur f\u00fcr den pers\u00f6nlichen oder privaten Gebrauch oder f\u00fcr Forschungs- oder Studienzwecke gestattet.<\/p><h5>6. MARKEN<\/h5><p>Alle auf dieser Website angezeigten Marken, Logos und Embleme sind Eigentum von ASCALE ELITE S.L.U. oder Drittunternehmen. Die Nutzung eines Elements dieser Website, das durch geltendes gewerbliches Schutzrecht gesch\u00fctzt ist, ohne vorherige Zustimmung ist ausdr\u00fccklich verboten. Insbesondere d\u00fcrfen Marken, Handelsnamen, Gesch\u00e4ftsschilder, Namen, Logos, Slogans oder sonstige Unterscheidungsmerkmale des Eigent\u00fcmers nicht verwendet werden.<\/p><h5>7. HAFTUNGSAUSSCHLUSS UND GEW\u00c4HRLEISTUNG<\/h5><p><strong>7.1.<\/strong> Der Inhalt dieser Website dient Informationszwecken und zur Einrichtung eines Kommunikationskanals mit den NUTZERN. ASCALE ELITE S.L.U. garantiert nicht vollst\u00e4ndig den Zugang zu allen Inhalten, deren Vollst\u00e4ndigkeit, Richtigkeit, G\u00fcltigkeit oder Aktualit\u00e4t sowie deren Eignung oder N\u00fctzlichkeit f\u00fcr einen bestimmten Zweck. ASCALE ELITE S.L.U. schlie\u00dft, soweit gesetzlich zul\u00e4ssig, jede Haftung f\u00fcr Sch\u00e4den jeglicher Art aus, die entstehen durch, aber nicht beschr\u00e4nkt auf: Fehler oder Auslassungen in den Inhalten, Nichtverf\u00fcgbarkeit der Website oder \u00dcbertragung von Viren oder sch\u00e4dlichen Programmen in den Inhalten. Dennoch erkl\u00e4rt ASCALE ELITE S.L.U., alle erforderlichen Ma\u00dfnahmen im Rahmen der verf\u00fcgbaren Mittel und aktuellen Technologie ergriffen zu haben, um die Funktionalit\u00e4t der Website sicherzustellen und das Vorhandensein sowie die \u00dcbertragung von Viren und anderen sch\u00e4dlichen Komponenten an die NUTZER zu verhindern.<\/p><p><strong>7.2.<\/strong> ASCALE ELITE S.L.U. ist nicht verantwortlich f\u00fcr die Nutzung der Dienste und Inhalte der Website durch den NUTZER. Der NUTZER erkennt an und akzeptiert, dass die Nutzung der Website sowie ihrer Dienste und Inhalte auf eigenes Risiko und eigene Verantwortung erfolgt.<\/p><p><strong>7.3.<\/strong> Der NUTZER ist allein verantwortlich f\u00fcr die Beitr\u00e4ge und Kommentare, die er auf dieser Website abgibt. ASCALE ELITE S.L.U. beh\u00e4lt sich das Recht vor, Kommentare, die es f\u00fcr unangemessen h\u00e4lt, zu entfernen, ohne Verantwortung f\u00fcr Kommentare der NUTZER zu \u00fcbernehmen.<\/p><h5>8. LINKS<\/h5><p><strong>8.1.<\/strong> Sollte die Website Links oder Hyperlinks zu anderen Websites enthalten, \u00fcbt ASCALE ELITE S.L.U. keine Kontrolle \u00fcber diese Seiten und Inhalte aus. Unter keinen Umst\u00e4nden \u00fcbernimmt ASCALE ELITE S.L.U. Verantwortung f\u00fcr Inhalte externer verlinkter Websites noch gew\u00e4hrleistet sie die technische Verf\u00fcgbarkeit, Qualit\u00e4t, Zuverl\u00e4ssigkeit, Genauigkeit, Vollst\u00e4ndigkeit, Wahrheit, Rechtm\u00e4\u00dfigkeit oder G\u00fcltigkeit der darin enthaltenen Materialien oder Informationen. Sollten NUTZER Kenntnis von rechtswidrigen Aktivit\u00e4ten auf diesen Drittanbieter-Websites haben, m\u00fcssen sie ASCALE ELITE S.L.U. sofort informieren, damit der Zugangslink deaktiviert werden kann.<\/p><p><strong>8.2.<\/strong> Ebenso impliziert die Einbindung eines Links seitens ASCALE ELITE S.L.U. zu anderen Websites keine Art von Beziehung, Verbindung, Zusammenarbeit oder Abh\u00e4ngigkeit zwischen ASCALE ELITE S.L.U. und dem Eigent\u00fcmer der externen Website.<\/p><h5>9. AUSSCHLUSSRECHT<\/h5><p>ASCALE ELITE S.L.U. beh\u00e4lt sich das Recht vor, den Zugang zu dieser Website und\/oder den darin angebotenen Inhalten und Diensten ohne vorherige Ank\u00fcndigung zu verweigern oder zu entziehen, wenn NUTZER diese allgemeinen Nutzungsbedingungen oder spezifische Bedingungen nicht einhalten.<\/p><h5>10. ALLGEMEINE BESTIMMUNGEN<\/h5><p><strong>10.1.<\/strong> Im Falle von Unstimmigkeiten zwischen den Bestimmungen dieser allgemeinen Nutzungsbedingungen und den spezifischen Bedingungen einzelner Dienste haben die letzteren Vorrang.<\/p><p><strong>10.2.<\/strong> Sollte eine Bestimmung oder ein Inhalt dieses Impressums ganz oder teilweise von einem zust\u00e4ndigen Gericht f\u00fcr ung\u00fcltig oder nicht durchsetzbar erkl\u00e4rt werden, ber\u00fchrt dies nicht die \u00fcbrigen Bestimmungen der Nutzungsbedingungen, die in allen Punkten weiterhin g\u00fcltig bleiben.<\/p><p><strong>10.3.<\/strong> Das Unterlassen der Aus\u00fcbung oder Durchsetzung von Rechten oder Bestimmungen durch ASCALE ELITE S.L.U. stellt keinen Verzicht dar, sofern dies nicht schriftlich anerkannt und vereinbart wird.<\/p><p><strong>10.4.<\/strong> ASCALE ELITE S.L.U. kann die hierin festgelegten Bedingungen jederzeit ganz oder teilweise \u00e4ndern, und diese \u00c4nderungen treten ab dem Zeitpunkt ihrer Ver\u00f6ffentlichung auf dieser Website in Kraft.<\/p><h5>11. SOZIALE MEDIEN<\/h5><p>ASCALE ELITE S.L.U. kann derzeit oder in Zukunft auf sozialen Medien pr\u00e4sent sein, wenn es dies f\u00fcr angemessen h\u00e4lt.<\/p><p>Diese R\u00e4ume gelten als offiziell, wobei ASCALE ELITE S.L.U. keine Verantwortung f\u00fcr die Nutzung oder Inhalte anderer Konten oder R\u00e4ume auf sozialen Medien durch Dritte \u00fcbernimmt. Ebenso \u00fcbernimmt ASCALE ELITE S.L.U. keine Verantwortung f\u00fcr die Nutzung oder Inhalte von Konten oder R\u00e4umen, die von seinen \u00f6ffentlichen Vertretern privat oder \u00fcber politische Parteien oder andere Gruppen er\u00f6ffnet wurden.<\/p><p>ASCALE ELITE S.L.U. kann als Administrator seiner eigenen R\u00e4ume in solchen Netzwerken entscheiden, Inhalte nicht zu ver\u00f6ffentlichen und\/oder zu l\u00f6schen.<\/p><p>In jedem Fall ist der NUTZER allein verantwortlich f\u00fcr Inhalte, die er auf den sozialen Netzwerken von ASCALE ELITE S.L.U. ver\u00f6ffentlicht. Die allgemeinen Nutzungsbedingungen der Website gelten vollst\u00e4ndig f\u00fcr soziale Netzwerke, unbeschadet der Bedingungen oder Richtlinien des jeweiligen Netzwerks.<\/p><p>Dar\u00fcber hinaus kann die Website Plugins oder Add-ons von sozialen Netzwerken integrieren. In diesem Fall gilt Folgendes:<\/p><ul><li>Wenn Sie als Nutzer des sozialen Netzwerks (Facebook, Twitter (\u201eX\u201c), Instagram usw.) registriert sind und beim Besuch dieser Website in einem solchen Netzwerk eingeloggt sind, erh\u00e4lt das soziale Netzwerk durch Anklicken seines Plugins die Information, dass Sie die Website besucht haben. Es werden auch Informationen \u00fcber Ihr Nutzerprofil im sozialen Netzwerk bereitgestellt (Name, E-Mail, Foto usw.).<\/li><li>Wenn Sie nicht im sozialen Netzwerk registriert sind oder beim Besuch der Website nicht eingeloggt sind, kann das soziale Netzwerk dennoch Ihre IP-Adresse empfangen und speichern.<\/li><li>Wenn Sie nicht m\u00f6chten, dass ein soziales Netzwerk personenbezogene Daten sammelt oder sie mit uns oder Dritten teilt, pr\u00fcfen Sie die Datenschutzrichtlinie des jeweiligen Netzwerks und loggen Sie sich vor dem Besuch dieser Website aus. Sie k\u00f6nnen auch Cookies, die das soziale Netzwerk auf Ihrem Computer installiert hat, \u00fcber die Funktionen Ihres Browsers l\u00f6schen.<\/li><\/ul><h5>12. ANWENDBARES RECHT UND GERICHTSSTAND<\/h5><p>Die Beziehung zwischen ASCALE ELITE S.L.U. und dem NUTZER unterliegt dem geltenden spanischen Recht, und alle Streitigkeiten werden den Gerichten und Tribunalen von Castell\u00f3n vorgelegt.<\/p>\t\t\t\t\t\t\t\t<\/div>\n\t\t\t\t<\/div>\n\t\t\t\t\t<\/div>\n\t\t\t\t<\/div>\n\t\t\t\t<\/div>\n\t\t","protected":false},"excerpt":{"rendered":"<p>1. RECHTLICHE INFORMATIONEN In \u00dcbereinstimmung mit der Informationspflicht gem\u00e4\u00df Artikel 10 des Gesetzes 34\/2002 \u00fcber Dienste der Informationsgesellschaft und den elektronischen Gesch\u00e4ftsverkehr informieren wir Sie, dass der Eigent\u00fcmer der Website https:\/\/www.ascale.es (im Folgenden die \u201eWebsite\u201c) ASCALE ELITE S.L.U. ist. Die Identifikations- und Kontaktdaten des Website-Betreibers lauten wie folgt: Firmenname: ASCALE ELITE S.L.U. Steuer-ID (NIF): B56480981 [&hellip;]<\/p>\n","protected":false},"author":1,"featured_media":0,"parent":0,"menu_order":0,"comment_status":"closed","ping_status":"closed","template":"","meta":{"_monsterinsights_skip_tracking":false,"_monsterinsights_sitenote_active":false,"_monsterinsights_sitenote_note":"","_monsterinsights_sitenote_category":0,"footnotes":""},"class_list":["post-39050","page","type-page","status-publish","hentry"],"aioseo_notices":[],"_links":{"self":[{"href":"https:\/\/www.ascale.es\/de\/wp-json\/wp\/v2\/pages\/39050","targetHints":{"allow":["GET"]}}],"collection":[{"href":"https:\/\/www.ascale.es\/de\/wp-json\/wp\/v2\/pages"}],"about":[{"href":"https:\/\/www.ascale.es\/de\/wp-json\/wp\/v2\/types\/page"}],"author":[{"embeddable":true,"href":"https:\/\/www.ascale.es\/de\/wp-json\/wp\/v2\/users\/1"}],"replies":[{"embeddable":true,"href":"https:\/\/www.ascale.es\/de\/wp-json\/wp\/v2\/comments?post=39050"}],"version-history":[{"count":8,"href":"https:\/\/www.ascale.es\/de\/wp-json\/wp\/v2\/pages\/39050\/revisions"}],"predecessor-version":[{"id":69338,"href":"https:\/\/www.ascale.es\/de\/wp-json\/wp\/v2\/pages\/39050\/revisions\/69338"}],"wp:attachment":[{"href":"https:\/\/www.ascale.es\/de\/wp-json\/wp\/v2\/media?parent=39050"}],"curies":[{"name":"wp","href":"https:\/\/api.w.org\/{rel}","templated":true}]}}