{"id":79251,"date":"2025-11-11T16:45:42","date_gmt":"2025-11-11T15:45:42","guid":{"rendered":"https:\/\/www.ascale.es\/book-a-visit\/"},"modified":"2026-01-23T12:49:04","modified_gmt":"2026-01-23T11:49:04","slug":"besuch-anfragen","status":"publish","type":"page","link":"https:\/\/www.ascale.es\/de\/besuch-anfragen\/","title":{"rendered":"Besuch anfragen"},"content":{"rendered":"\t\t<div data-elementor-type=\"wp-page\" data-elementor-id=\"79251\" class=\"elementor elementor-79251 elementor-74582\" data-elementor-post-type=\"page\">\n\t\t\t\t<div class=\"elementor-element elementor-element-ac2f22f e-flex e-con-boxed e-con e-parent\" data-id=\"ac2f22f\" data-element_type=\"container\" data-settings=\"{&quot;background_background&quot;:&quot;classic&quot;,&quot;jet_parallax_layout_list&quot;:[]}\">\n\t\t\t\t\t<div class=\"e-con-inner\">\n\t\t\t\t<div class=\"elementor-element elementor-element-9ea8011 elementor-absolute forma-a elementor-hidden-mobile elementor-widget elementor-widget-image\" data-id=\"9ea8011\" data-element_type=\"widget\" data-settings=\"{&quot;_position&quot;:&quot;absolute&quot;}\" data-widget_type=\"image.default\">\n\t\t\t\t<div class=\"elementor-widget-container\">\n\t\t\t\t\t\t\t\t\t\t\t\t\t\t\t<img fetchpriority=\"high\" decoding=\"async\" width=\"800\" height=\"541\" src=\"https:\/\/www.ascale.es\/wp-content\/uploads\/2024\/08\/forma-A-2.svg\" class=\"attachment-large size-large wp-image-33310\" alt=\"\" \/>\t\t\t\t\t\t\t\t\t\t\t\t\t\t\t<\/div>\n\t\t\t\t<\/div>\n\t\t\t\t\t<\/div>\n\t\t\t\t<\/div>\n\t\t<div class=\"elementor-element elementor-element-785edb4 e-flex e-con-boxed e-con e-parent\" data-id=\"785edb4\" data-element_type=\"container\" data-settings=\"{&quot;jet_parallax_layout_list&quot;:[]}\">\n\t\t\t\t\t<div class=\"e-con-inner\">\n\t\t<div class=\"elementor-element elementor-element-04df49f e-con-full e-flex e-con e-child\" data-id=\"04df49f\" data-element_type=\"container\" data-settings=\"{&quot;jet_parallax_layout_list&quot;:[]}\">\n\t\t<div class=\"elementor-element elementor-element-dcf3bec e-con-full e-flex e-con e-child\" data-id=\"dcf3bec\" data-element_type=\"container\" data-settings=\"{&quot;jet_parallax_layout_list&quot;:[]}\">\n\t\t<div class=\"elementor-element elementor-element-7072755 e-con-full e-flex e-con e-child\" data-id=\"7072755\" data-element_type=\"container\" data-settings=\"{&quot;jet_parallax_layout_list&quot;:[]}\">\n\t\t\t\t<div class=\"elementor-element elementor-element-e1077f9 elementor-widget elementor-widget-heading\" data-id=\"e1077f9\" data-element_type=\"widget\" data-widget_type=\"heading.default\">\n\t\t\t\t<div class=\"elementor-widget-container\">\n\t\t\t\t\t<span class=\"elementor-heading-title elementor-size-default\">Besuch anfragen<\/span>\t\t\t\t<\/div>\n\t\t\t\t<\/div>\n\t\t\t\t<div class=\"elementor-element elementor-element-44c6833 elementor-widget elementor-widget-heading\" data-id=\"44c6833\" data-element_type=\"widget\" data-widget_type=\"heading.default\">\n\t\t\t\t<div class=\"elementor-widget-container\">\n\t\t\t\t\t<h2 class=\"elementor-heading-title elementor-size-default\">W\u00e4hlen Sie das Datum f\u00fcr Ihren Besuch<\/h2>\t\t\t\t<\/div>\n\t\t\t\t<\/div>\n\t\t\t\t<\/div>\n\t\t\t\t<\/div>\n\t\t<div class=\"elementor-element elementor-element-13dff9a e-con-full e-flex e-con e-child\" data-id=\"13dff9a\" data-element_type=\"container\" data-settings=\"{&quot;jet_parallax_layout_list&quot;:[]}\">\n\t\t<div class=\"elementor-element elementor-element-8cad0f2 e-con-full e-flex e-con e-child\" data-id=\"8cad0f2\" data-element_type=\"container\" data-settings=\"{&quot;jet_parallax_layout_list&quot;:[]}\">\n\t\t\t\t<div class=\"elementor-element elementor-element-5a2f377 elementor-widget__width-initial elementor-widget elementor-widget-html\" data-id=\"5a2f377\" data-element_type=\"widget\" data-widget_type=\"html.default\">\n\t\t\t\t<div class=\"elementor-widget-container\">\n\t\t\t\t\t<div class=\"calendario-personalizado-container\">\n    <div id=\"calendario-personalizado\"><\/div>\n<\/div>\n\n<script src=\"https:\/\/cdn.jsdelivr.net\/npm\/flatpickr\"><\/script>\n<link rel=\"stylesheet\" href=\"https:\/\/cdn.jsdelivr.net\/npm\/flatpickr\/dist\/flatpickr.min.css\">\n<script src=\"https:\/\/cdn.jsdelivr.net\/npm\/flatpickr\/dist\/l10n\/de.js\"><\/script>\n\n<style>\n    \/* Asegura que los d\u00edas de la semana se vean bien *\/\n    .flatpickr-weekdays {\n        display: flex !important;\n        justify-content: space-between;\n        padding: 5px 10px;\n        font-weight: bold;\n        text-transform: uppercase;\n        font-size: 12px;\n    }\n<\/style>\n\n<script>\ndocument.addEventListener('DOMContentLoaded', function() {\n    const configuracionCalendario = {\n        selectorCampoTexto: 'input[name=\"form_fields[fechaInput]\"]',\n        formatoFecha: 'd\/m\/Y',\n        idioma: 'de', \/\/ Cambiado a alem\u00e1n\n        permitirEntrada: true,\n        entradaAlternativa: true,\n        formatoAlternativo: 'j F, Y',\n        deshabilitarMovil: false,\n        separadorFechas: ', '\n    };\n\n    const contenedorCalendario = document.getElementById('calendario-personalizado');\n\n    if (contenedorCalendario) {\n        \/\/ Configuraci\u00f3n completa en ALEM\u00c1N (D\u00edas y Meses)\n        const customLocale = {\n            firstDayOfWeek: 1, \/\/ Empieza en lunes (Montag)\n            weekdays: {\n                shorthand: [\"So\", \"Mo\", \"Di\", \"Mi\", \"Do\", \"Fr\", \"Sa\"],\n                longhand: [\"Sonntag\", \"Montag\", \"Dienstag\", \"Mittwoch\", \"Donnerstag\", \"Freitag\", \"Samstag\"]\n            },\n            months: {\n                shorthand: [\"Jan\", \"Feb\", \"M\u00e4r\", \"Apr\", \"Mai\", \"Jun\", \"Jul\", \"Aug\", \"Sep\", \"Okt\", \"Nov\", \"Dez\"],\n                longhand: [\"Januar\", \"Februar\", \"M\u00e4rz\", \"April\", \"Mai\", \"Juni\", \"Juli\", \"August\", \"September\", \"Oktober\", \"November\", \"Dezember\"]\n            }\n        };\n\n        flatpickr.localize(customLocale);\n\n        const calendario = flatpickr(contenedorCalendario, {\n            inline: true,\n            mode: \"single\",\n            dateFormat: configuracionCalendario.formatoFecha,\n            allowInput: configuracionCalendario.permitirEntrada,\n            altInput: configuracionCalendario.entradaAlternativa,\n            altFormat: configuracionCalendario.formatoAlternativo,\n            disableMobile: true,\n            conjunction: configuracionCalendario.separadorFechas,\n\n            onChange: function(fechasSeleccionadas, fechaStr) {\n                const campoTexto = document.querySelector(configuracionCalendario.selectorCampoTexto);\n                if (campoTexto) {\n                    campoTexto.value = fechaStr;\n                    campoTexto.dispatchEvent(new Event('change', { bubbles: true }));\n                    campoTexto.dispatchEvent(new Event('input', { bubbles: true }));\n                    console.log('Fechas seleccionadas: ' + fechaStr);\n                } else {\n                    console.log('No se encontr\u00f3 el campo de texto.');\n                }\n            },\n\n            onReady: function(selectedDates, dateStr, instance) {\n                setTimeout(function() {\n                    marcarFinesDeSemana();\n                    ajustarSelectorMes();\n                    deshabilitarMesesPasados(instance);\n\n                    const observador = new MutationObserver(function() {\n                        marcarFinesDeSemana();\n                        ajustarSelectorMes();\n                        deshabilitarMesesPasados(instance);\n                    });\n\n                    const contenedorDias = instance.calendarContainer.querySelector('.flatpickr-days');\n                    if (contenedorDias) {\n                        observador.observe(contenedorDias, { childList: true, subtree: true });\n                    }\n\n                    const contenedorMeses = instance.calendarContainer.querySelector('.flatpickr-months');\n                    if (contenedorMeses) {\n                        observador.observe(contenedorMeses, { childList: true, subtree: true });\n                    }\n                }, 100);\n            }\n        });\n\n        function marcarFinesDeSemana() {\n            const dias = document.querySelectorAll('.flatpickr-day');\n            dias.forEach(function(dia) {\n                const fecha = new Date(dia.dateObj);\n                if (fecha) {\n                    const diaSemana = fecha.getDay();\n                    if (diaSemana === 0 || diaSemana === 6) {\n                        dia.classList.add('flatpickr-weekend');\n                    }\n                }\n            });\n        }\n\n        function ajustarSelectorMes() {\n            const selectorMes = document.querySelector('.flatpickr-monthDropdown-months');\n            if (selectorMes) {\n                selectorMes.style.height = '40px';\n                selectorMes.style.minHeight = '40px';\n                selectorMes.style.overflow = 'visible';\n                selectorMes.style.position = 'relative';\n                selectorMes.style.top = '0';\n                selectorMes.style.width = '100px';\n                selectorMes.style.textAlign = 'center';\n                selectorMes.style.marginRight = '0';\n                selectorMes.style.flex = '1';\n                selectorMes.style.paddingBottom = '10px';\n                selectorMes.style.lineHeight = '1.5';\n                selectorMes.style.display = 'flex';\n                selectorMes.style.alignItems = 'center';\n                selectorMes.style.justifyContent = 'center';\n            }\n\n            const mesYA\u00f1o = document.querySelector('.flatpickr-current-month');\n            if (mesYA\u00f1o) {\n                mesYA\u00f1o.style.display = 'flex';\n                mesYA\u00f1o.style.justifyContent = 'center';\n                mesYA\u00f1o.style.alignItems = 'center';\n                mesYA\u00f1o.style.width = '200px';\n                mesYA\u00f1o.style.paddingTop = '10px';\n                mesYA\u00f1o.style.paddingBottom = '10px';\n            }\n\n            const wrapperA\u00f1o = document.querySelector('.numInputWrapper');\n            if (wrapperA\u00f1o) {\n                wrapperA\u00f1o.style.position = 'relative';\n                wrapperA\u00f1o.style.flex = '0 0 auto';\n                wrapperA\u00f1o.style.display = 'flex';\n                wrapperA\u00f1o.style.alignItems = 'center';\n            }\n\n            const inputA\u00f1o = document.querySelector('.cur-year');\n            if (inputA\u00f1o) {\n                inputA\u00f1o.style.marginLeft = '15px';\n                inputA\u00f1o.style.height = '40px';\n                inputA\u00f1o.style.lineHeight = '1.5';\n                inputA\u00f1o.style.display = 'flex';\n                inputA\u00f1o.style.alignItems = 'center';\n            }\n\n            const espaciadorExistente = document.getElementById('espaciador-mes-a\u00f1o');\n            if (!espaciadorExistente) {\n                const mesYA\u00f1o = document.querySelector('.flatpickr-current-month');\n                if (mesYA\u00f1o) {\n                    const espaciador = document.createElement('span');\n                    espaciador.id = 'espaciador-mes-a\u00f1o';\n                    espaciador.innerHTML = '&nbsp;&nbsp;';\n                    espaciador.style.display = 'inline-block';\n                    espaciador.style.width = '15px';\n\n                    const selectorMes = mesYA\u00f1o.querySelector('.flatpickr-monthDropdown-months');\n                    const wrapperA\u00f1o = mesYA\u00f1o.querySelector('.numInputWrapper');\n                    if (selectorMes && wrapperA\u00f1o) {\n                        mesYA\u00f1o.insertBefore(espaciador, wrapperA\u00f1o);\n                    }\n                }\n            }\n\n            const contenedorMeses = document.querySelector('.flatpickr-months');\n            if (contenedorMeses) {\n                contenedorMeses.style.paddingBottom = '15px';\n            }\n\n            const contenedorMes = document.querySelector('.flatpickr-month');\n            if (contenedorMes) {\n                contenedorMes.style.height = '60px';\n            }\n        }\n\n        function deshabilitarMesesPasados(instance) {\n            const hoy = new Date();\n            const mesActual = hoy.getMonth();\n            const a\u00f1oActual = hoy.getFullYear();\n\n            const wrapper = instance.calendarContainer.querySelector('.flatpickr-current-month');\n            const selectMes = wrapper ? wrapper.querySelector('.flatpickr-monthDropdown-months') : null;\n            const inputA\u00f1o = wrapper ? wrapper.querySelector('.cur-year') : null;\n\n            if (selectMes && inputA\u00f1o) {\n                const a\u00f1oSeleccionado = parseInt(inputA\u00f1o.value, 10);\n                Array.from(selectMes.options).forEach((option, index) => {\n                    if (a\u00f1oSeleccionado < a\u00f1oActual || (a\u00f1oSeleccionado === a\u00f1oActual && index < mesActual)) {\n                        option.disabled = true;\n                        option.style.display = 'none';\n                    } else {\n                        option.disabled = false;\n                        option.style.display = 'block';\n                    }\n                });\n            }\n        }\n\n        window.calendarioPersonalizado = calendario;\n    }\n});\n<\/script>\t\t\t\t<\/div>\n\t\t\t\t<\/div>\n\t\t\t\t<\/div>\n\t\t<div class=\"elementor-element elementor-element-69da944 e-con-full e-flex e-con e-child\" data-id=\"69da944\" data-element_type=\"container\" data-settings=\"{&quot;jet_parallax_layout_list&quot;:[]}\">\n\t\t\t\t<div class=\"elementor-element elementor-element-b25e910 elementor-button-align-stretch elementor-widget elementor-widget-form\" data-id=\"b25e910\" data-element_type=\"widget\" data-settings=\"{&quot;step_next_label&quot;:&quot;Siguiente&quot;,&quot;step_previous_label&quot;:&quot;Anterior&quot;,&quot;button_width&quot;:&quot;100&quot;,&quot;step_type&quot;:&quot;number_text&quot;,&quot;step_icon_shape&quot;:&quot;circle&quot;}\" data-widget_type=\"form.default\">\n\t\t\t\t<div class=\"elementor-widget-container\">\n\t\t\t\t\t\t\t<form class=\"elementor-form\" method=\"post\" name=\"Formulario solicitar visita DE\" aria-label=\"Formulario solicitar visita DE\">\n\t\t\t<input type=\"hidden\" name=\"post_id\" value=\"79251\"\/>\n\t\t\t<input type=\"hidden\" name=\"form_id\" value=\"b25e910\"\/>\n\t\t\t<input type=\"hidden\" name=\"referer_title\" value=\"\" \/>\n\n\t\t\t\n\t\t\t<div class=\"elementor-form-fields-wrapper elementor-labels-\">\n\t\t\t\t\t\t\t\t<div class=\"elementor-field-type-text elementor-field-group elementor-column elementor-field-group-field_f3c54c5 elementor-col-100 elementor-field-required\">\n\t\t\t\t\t\t\t\t\t\t\t\t<label for=\"form-field-field_f3c54c5\" class=\"elementor-field-label elementor-screen-only\">\n\t\t\t\t\t\t\t\tNombre y Apellidos\t\t\t\t\t\t\t<\/label>\n\t\t\t\t\t\t\t\t\t\t\t\t\t\t<input size=\"1\" type=\"text\" name=\"form_fields[field_f3c54c5]\" id=\"form-field-field_f3c54c5\" class=\"elementor-field elementor-size-sm  elementor-field-textual\" placeholder=\"Name*\" required=\"required\">\n\t\t\t\t\t\t\t\t\t\t\t<\/div>\n\t\t\t\t\t\t\t\t<div class=\"elementor-field-type-email elementor-field-group elementor-column elementor-field-group-fecha_calendar elementor-col-100 elementor-field-required\">\n\t\t\t\t\t\t\t\t\t\t\t\t<label for=\"form-field-fecha_calendar\" class=\"elementor-field-label elementor-screen-only\">\n\t\t\t\t\t\t\t\tCorreo electr\u00f3nico\t\t\t\t\t\t\t<\/label>\n\t\t\t\t\t\t\t\t\t\t\t\t\t\t<input size=\"1\" type=\"email\" name=\"form_fields[fecha_calendar]\" id=\"form-field-fecha_calendar\" class=\"elementor-field elementor-size-sm  elementor-field-textual\" placeholder=\"E-Mail*\" required=\"required\">\n\t\t\t\t\t\t\t\t\t\t\t<\/div>\n\t\t\t\t\t\t\t\t<div class=\"elementor-field-type-tel elementor-field-group elementor-column elementor-field-group-field_549946c elementor-col-100 elementor-field-required\">\n\t\t\t\t\t\t\t\t\t\t\t\t<label for=\"form-field-field_549946c\" class=\"elementor-field-label elementor-screen-only\">\n\t\t\t\t\t\t\t\tTel\u00e9fono\t\t\t\t\t\t\t<\/label>\n\t\t\t\t\t\t\t\t<input size=\"1\" type=\"tel\" name=\"form_fields[field_549946c]\" id=\"form-field-field_549946c\" class=\"elementor-field elementor-size-sm  elementor-field-textual\" placeholder=\"Telefon*\" required=\"required\" pattern=\"[0-9()#&amp;+*-=.]+\" title=\"Nur Nummern oder Telefon-Zeichen (#, -, *, etc) werden akzeptiert.\">\n\n\t\t\t\t\t\t<\/div>\n\t\t\t\t\t\t\t\t<div class=\"elementor-field-type-select elementor-field-group elementor-column elementor-field-group-field_e3ff70b elementor-col-100 elementor-field-required\">\n\t\t\t\t\t\t\t\t\t\t\t\t<label for=\"form-field-field_e3ff70b\" class=\"elementor-field-label elementor-screen-only\">\n\t\t\t\t\t\t\t\tPerfil\t\t\t\t\t\t\t<\/label>\n\t\t\t\t\t\t\t\t<div class=\"elementor-field elementor-select-wrapper remove-before \">\n\t\t\t<div class=\"select-caret-down-wrapper\">\n\t\t\t\t<i aria-hidden=\"true\" class=\"eicon-caret-down\"><\/i>\t\t\t<\/div>\n\t\t\t<select name=\"form_fields[field_e3ff70b]\" id=\"form-field-field_e3ff70b\" class=\"elementor-field-textual elementor-size-sm\" required=\"required\">\n\t\t\t\t\t\t\t\t\t<option value=\"\">Profil ausw\u00e4hlen...*<\/option>\n\t\t\t\t\t\t\t\t\t<option value=\"Privatperson\">Privatperson<\/option>\n\t\t\t\t\t\t\t\t\t<option value=\"Marmorverarbeiter\">Marmorverarbeiter<\/option>\n\t\t\t\t\t\t\t\t\t<option value=\"Architekt\">Architekt<\/option>\n\t\t\t\t\t\t\t\t\t<option value=\"Designer\">Designer<\/option>\n\t\t\t\t\t\t\t\t\t<option value=\"Gesch\u00e4ft\">Gesch\u00e4ft<\/option>\n\t\t\t\t\t\t\t<\/select>\n\t\t<\/div>\n\t\t\t\t\t\t<\/div>\n\t\t\t\t\t\t\t\t<div class=\"elementor-field-type-select elementor-field-group elementor-column elementor-field-group-field_38b0629 elementor-col-100 elementor-field-required\">\n\t\t\t\t\t\t\t\t\t\t\t\t<label for=\"form-field-field_38b0629\" class=\"elementor-field-label elementor-screen-only\">\n\t\t\t\t\t\t\t\tFranja Horaria\t\t\t\t\t\t\t<\/label>\n\t\t\t\t\t\t\t\t<div class=\"elementor-field elementor-select-wrapper remove-before \">\n\t\t\t<div class=\"select-caret-down-wrapper\">\n\t\t\t\t<i aria-hidden=\"true\" class=\"eicon-caret-down\"><\/i>\t\t\t<\/div>\n\t\t\t<select name=\"form_fields[field_38b0629]\" id=\"form-field-field_38b0629\" class=\"elementor-field-textual elementor-size-sm\" required=\"required\">\n\t\t\t\t\t\t\t\t\t<option value=\"\">Zeitfenster ausw\u00e4hlen...*<\/option>\n\t\t\t\t\t\t\t\t\t<option value=\"08:30 \u2013 09:30\">08:30 \u2013 09:30<\/option>\n\t\t\t\t\t\t\t\t\t<option value=\"09:30 \u2013 10:30\">09:30 \u2013 10:30<\/option>\n\t\t\t\t\t\t\t\t\t<option value=\"10:30 \u2013 11:30\">10:30 \u2013 11:30<\/option>\n\t\t\t\t\t\t\t\t\t<option value=\"11:30 \u2013 12:30\">11:30 \u2013 12:30<\/option>\n\t\t\t\t\t\t\t\t\t<option value=\"12:30 \u2013 13:30\">12:30 \u2013 13:30<\/option>\n\t\t\t\t\t\t\t\t\t<option value=\"13:30 \u2013 14:00\">13:30 \u2013 14:00<\/option>\n\t\t\t\t\t\t\t\t\t<option value=\"15:30 \u2013 16:30\">15:30 \u2013 16:30<\/option>\n\t\t\t\t\t\t\t\t\t<option value=\"16:30 \u2013 17:30\">16:30 \u2013 17:30<\/option>\n\t\t\t\t\t\t\t<\/select>\n\t\t<\/div>\n\t\t\t\t\t\t<\/div>\n\t\t\t\t\t\t\t\t<div class=\"elementor-field-type-hidden elementor-field-group elementor-column elementor-field-group-fechaInput elementor-col-100\">\n\t\t\t\t\t\t\t\t\t\t\t\t\t<input size=\"1\" type=\"hidden\" name=\"form_fields[fechaInput]\" id=\"form-field-fechaInput\" class=\"elementor-field elementor-size-sm  elementor-field-textual\">\n\t\t\t\t\t\t\t\t\t\t\t<\/div>\n\t\t\t\t\t\t\t\t<div class=\"elementor-field-type-acceptance elementor-field-group elementor-column elementor-field-group-field_365901e elementor-col-100 elementor-field-required\">\n\t\t\t\t\t\t\t\t\t\t\t\t<label for=\"form-field-field_365901e\" class=\"elementor-field-label elementor-screen-only\">\n\t\t\t\t\t\t\t\tPol\u00edtica de privacidad\t\t\t\t\t\t\t<\/label>\n\t\t\t\t\t\t\t\t<div class=\"elementor-field-subgroup\">\n\t\t\t<span class=\"elementor-field-option\">\n\t\t\t\t<input type=\"checkbox\" name=\"form_fields[field_365901e]\" id=\"form-field-field_365901e\" class=\"elementor-field elementor-size-sm  elementor-acceptance-field\" required=\"required\">\n\t\t\t\t<label for=\"form-field-field_365901e\">Ich habe die <a href=\"https:\/\/www.ascale.es\/de\/datenschutzrichtlinie\/\">Datenschutzerkl\u00e4rung<\/a> gelesen und akzeptiere sie<\/label>\t\t\t<\/span>\n\t\t<\/div>\n\t\t\t\t\t\t<\/div>\n\t\t\t\t\t\t\t\t<div class=\"elementor-field-type-acceptance elementor-field-group elementor-column elementor-field-group-field_f5b0065 elementor-col-100\">\n\t\t\t\t\t\t\t\t\t\t\t\t<label for=\"form-field-field_f5b0065\" class=\"elementor-field-label elementor-screen-only\">\n\t\t\t\t\t\t\t\tPol\u00edtica de privacidad\t\t\t\t\t\t\t<\/label>\n\t\t\t\t\t\t\t\t<div class=\"elementor-field-subgroup\">\n\t\t\t<span class=\"elementor-field-option\">\n\t\t\t\t<input type=\"checkbox\" name=\"form_fields[field_f5b0065]\" id=\"form-field-field_f5b0065\" class=\"elementor-field elementor-size-sm  elementor-acceptance-field\">\n\t\t\t\t<label for=\"form-field-field_f5b0065\">Abonnieren Sie unseren Newsletter<\/label>\t\t\t<\/span>\n\t\t<\/div>\n\t\t\t\t\t\t<\/div>\n\t\t\t\t\t\t\t\t<div class=\"elementor-field-group elementor-column elementor-field-type-submit elementor-col-100 e-form__buttons\">\n\t\t\t\t\t<button class=\"elementor-button elementor-size-sm\" type=\"submit\">\n\t\t\t\t\t\t<span class=\"elementor-button-content-wrapper\">\n\t\t\t\t\t\t\t\t\t\t\t\t\t\t\t\t\t\t\t\t\t\t<span class=\"elementor-button-text\">Senden<\/span>\n\t\t\t\t\t\t\t\t\t\t\t\t\t<\/span>\n\t\t\t\t\t<\/button>\n\t\t\t\t<\/div>\n\t\t\t<\/div>\n\t\t<\/form>\n\t\t\t\t\t\t<\/div>\n\t\t\t\t<\/div>\n\t\t\t\t<\/div>\n\t\t\t\t<\/div>\n\t\t\t\t<\/div>\n\t\t\t\t\t<\/div>\n\t\t\t\t<\/div>\n\t\t\t\t<\/div>\n\t\t","protected":false},"excerpt":{"rendered":"<p>Besuch anfragen W\u00e4hlen Sie das Datum f\u00fcr Ihren Besuch<\/p>\n","protected":false},"author":1,"featured_media":0,"parent":0,"menu_order":0,"comment_status":"closed","ping_status":"closed","template":"elementor_header_footer","meta":{"_monsterinsights_skip_tracking":false,"_monsterinsights_sitenote_active":false,"_monsterinsights_sitenote_note":"","_monsterinsights_sitenote_category":0,"footnotes":""},"class_list":["post-79251","page","type-page","status-publish","hentry"],"aioseo_notices":[],"_links":{"self":[{"href":"https:\/\/www.ascale.es\/de\/wp-json\/wp\/v2\/pages\/79251","targetHints":{"allow":["GET"]}}],"collection":[{"href":"https:\/\/www.ascale.es\/de\/wp-json\/wp\/v2\/pages"}],"about":[{"href":"https:\/\/www.ascale.es\/de\/wp-json\/wp\/v2\/types\/page"}],"author":[{"embeddable":true,"href":"https:\/\/www.ascale.es\/de\/wp-json\/wp\/v2\/users\/1"}],"replies":[{"embeddable":true,"href":"https:\/\/www.ascale.es\/de\/wp-json\/wp\/v2\/comments?post=79251"}],"version-history":[{"count":10,"href":"https:\/\/www.ascale.es\/de\/wp-json\/wp\/v2\/pages\/79251\/revisions"}],"predecessor-version":[{"id":79312,"href":"https:\/\/www.ascale.es\/de\/wp-json\/wp\/v2\/pages\/79251\/revisions\/79312"}],"wp:attachment":[{"href":"https:\/\/www.ascale.es\/de\/wp-json\/wp\/v2\/media?parent=79251"}],"curies":[{"name":"wp","href":"https:\/\/api.w.org\/{rel}","templated":true}]}}