{"id":36090,"date":"2024-08-30T00:09:58","date_gmt":"2024-08-29T22:09:58","guid":{"rendered":"https:\/\/ascale.es\/new-web\/quien-somos\/"},"modified":"2025-11-07T11:40:08","modified_gmt":"2025-11-07T10:40:08","slug":"a-propos","status":"publish","type":"page","link":"https:\/\/www.ascale.es\/fr\/a-propos\/","title":{"rendered":"\u00c0 propos"},"content":{"rendered":"\t\t<div data-elementor-type=\"wp-page\" data-elementor-id=\"36090\" class=\"elementor elementor-36090 elementor-26355\" data-elementor-post-type=\"page\">\n\t\t\t\t<div class=\"elementor-element elementor-element-3f891bf e-flex e-con-boxed e-con e-parent\" data-id=\"3f891bf\" data-element_type=\"container\" data-settings=\"{&quot;background_background&quot;:&quot;classic&quot;,&quot;jet_parallax_layout_list&quot;:[]}\">\n\t\t\t\t\t<div class=\"e-con-inner\">\n\t\t\t\t\t<\/div>\n\t\t\t\t<\/div>\n\t\t<div class=\"elementor-element elementor-element-399be87 page-section-first e-flex e-con-boxed e-con e-parent\" data-id=\"399be87\" data-element_type=\"container\" data-settings=\"{&quot;jet_parallax_layout_list&quot;:[],&quot;background_background&quot;:&quot;classic&quot;}\">\n\t\t\t\t\t<div class=\"e-con-inner\">\n\t\t\t\t<div class=\"elementor-element elementor-element-fcf0b81 elementor-absolute forma-a elementor-hidden-mobile elementor-widget elementor-widget-image\" data-id=\"fcf0b81\" data-element_type=\"widget\" data-settings=\"{&quot;_position&quot;:&quot;absolute&quot;}\" data-widget_type=\"image.default\">\n\t\t\t\t<div class=\"elementor-widget-container\">\n\t\t\t\t\t\t\t\t\t\t\t\t\t\t\t<img fetchpriority=\"high\" decoding=\"async\" width=\"800\" height=\"541\" src=\"https:\/\/www.ascale.es\/wp-content\/uploads\/2024\/08\/forma-A-2.svg\" class=\"attachment-large size-large wp-image-21375\" alt=\"\" \/>\t\t\t\t\t\t\t\t\t\t\t\t\t\t\t<\/div>\n\t\t\t\t<\/div>\n\t\t<div class=\"elementor-element elementor-element-8d765a9 e-con-full grupo-texto e-flex e-con e-child\" data-id=\"8d765a9\" data-element_type=\"container\" data-settings=\"{&quot;jet_parallax_layout_list&quot;:[]}\">\n\t\t\t\t<div class=\"elementor-element elementor-element-97f9f3c elementor-widget elementor-widget-heading\" data-id=\"97f9f3c\" data-element_type=\"widget\" data-widget_type=\"heading.default\">\n\t\t\t\t<div class=\"elementor-widget-container\">\n\t\t\t\t\t<span class=\"elementor-heading-title elementor-size-default\">\u00c0 PROPOS<\/span>\t\t\t\t<\/div>\n\t\t\t\t<\/div>\n\t\t\t\t<div class=\"elementor-element elementor-element-0e7d542 elementor-widget elementor-widget-heading\" data-id=\"0e7d542\" data-element_type=\"widget\" data-widget_type=\"heading.default\">\n\t\t\t\t<div class=\"elementor-widget-container\">\n\t\t\t\t\t<span class=\"elementor-heading-title elementor-size-default\">NOUS CR\u00c9ONS DES ESPACES RESPONSABLES<\/span>\t\t\t\t<\/div>\n\t\t\t\t<\/div>\n\t\t\t\t<div class=\"elementor-element elementor-element-0957912 elementor-widget elementor-widget-text-editor\" data-id=\"0957912\" data-element_type=\"widget\" data-widget_type=\"text-editor.default\">\n\t\t\t\t<div class=\"elementor-widget-container\">\n\t\t\t\t\t\t\t\t\t<p>Ascale fabrique des pierres fritt\u00e9es capables de transformer les espaces en exp\u00e9riences uniques, car il n\u2019y a rien de mieux que de cr\u00e9er quelque chose et de la vivre.<\/p><p>Forts de plus de 50 ans d\u2019exp\u00e9rience, nous sommes en constante \u00e9volution pour rester \u00e0 la pointe de la technologie et du design. Inspir\u00e9s par la nature et port\u00e9s par l\u2019innovation, nous proposons un grand choix de mat\u00e9riaux qui permettent aux architectes, aux designers et aux constructeurs de donner vie \u00e0 leurs id\u00e9es les plus audacieuses.<\/p><p>Ainsi, nous sommes la marque leader du march\u00e9 des tranches fritt\u00e9es grand format, gr\u00e2ce \u00e0 notre passion pour l\u2019excellence et \u00e0 notre engagement sans faille en faveur de la qualit\u00e9.<\/p>\t\t\t\t\t\t\t\t<\/div>\n\t\t\t\t<\/div>\n\t\t\t\t<div class=\"elementor-element elementor-element-bd10d97 elementor-widget elementor-widget-button\" data-id=\"bd10d97\" data-element_type=\"widget\" data-widget_type=\"button.default\">\n\t\t\t\t<div class=\"elementor-widget-container\">\n\t\t\t\t\t\t\t\t\t<div class=\"elementor-button-wrapper\">\n\t\t\t\t\t<a class=\"elementor-button elementor-button-link elementor-size-sm\" href=\"https:\/\/www.ascale.es\/fr\/contact\/\">\n\t\t\t\t\t\t<span class=\"elementor-button-content-wrapper\">\n\t\t\t\t\t\t<span class=\"elementor-button-icon\">\n\t\t\t\t<svg xmlns=\"http:\/\/www.w3.org\/2000\/svg\" width=\"29\" height=\"29\" viewBox=\"0 0 29 29\" fill=\"none\"><circle cx=\"14.5\" cy=\"14.5\" r=\"14.5\" fill=\"#D9D9D9\"><\/circle><path fill-rule=\"evenodd\" clip-rule=\"evenodd\" d=\"M14 14V6H15V14L23 14V15L15 15V23H14V15L6 15V14L14 14Z\" fill=\"white\"><\/path><\/svg>\t\t\t<\/span>\n\t\t\t\t\t\t\t\t\t<span class=\"elementor-button-text\">Contact<\/span>\n\t\t\t\t\t<\/span>\n\t\t\t\t\t<\/a>\n\t\t\t\t<\/div>\n\t\t\t\t\t\t\t\t<\/div>\n\t\t\t\t<\/div>\n\t\t\t\t<\/div>\n\t\t<div class=\"elementor-element elementor-element-af2fab3 e-con-full grupo-texto e-flex e-con e-child\" data-id=\"af2fab3\" data-element_type=\"container\" data-settings=\"{&quot;jet_parallax_layout_list&quot;:[]}\">\n\t\t\t\t<div class=\"elementor-element elementor-element-ff1004d elementor-widget elementor-widget-image\" data-id=\"ff1004d\" data-element_type=\"widget\" data-widget_type=\"image.default\">\n\t\t\t\t<div class=\"elementor-widget-container\">\n\t\t\t\t\t\t\t\t\t\t\t\t\t\t\t<img decoding=\"async\" width=\"800\" height=\"558\" src=\"https:\/\/www.ascale.es\/wp-content\/uploads\/2024\/09\/MACCHIA-VECCHIA-GOLD-1-1024x714.webp\" class=\"attachment-large size-large wp-image-27924\" alt=\"\" srcset=\"https:\/\/www.ascale.es\/wp-content\/uploads\/2024\/09\/MACCHIA-VECCHIA-GOLD-1-1024x714.webp 1024w, https:\/\/www.ascale.es\/wp-content\/uploads\/2024\/09\/MACCHIA-VECCHIA-GOLD-1-300x209.webp 300w, https:\/\/www.ascale.es\/wp-content\/uploads\/2024\/09\/MACCHIA-VECCHIA-GOLD-1-768x536.webp 768w, https:\/\/www.ascale.es\/wp-content\/uploads\/2024\/09\/MACCHIA-VECCHIA-GOLD-1-1536x1071.webp 1536w, https:\/\/www.ascale.es\/wp-content\/uploads\/2024\/09\/MACCHIA-VECCHIA-GOLD-1.webp 1920w\" sizes=\"(max-width: 800px) 100vw, 800px\" \/>\t\t\t\t\t\t\t\t\t\t\t\t\t\t\t<\/div>\n\t\t\t\t<\/div>\n\t\t\t\t<\/div>\n\t\t\t\t\t<\/div>\n\t\t\t\t<\/div>\n\t\t<div class=\"elementor-element elementor-element-6e537c8 page-section e-flex e-con-boxed e-con e-parent\" data-id=\"6e537c8\" data-element_type=\"container\" data-settings=\"{&quot;jet_parallax_layout_list&quot;:[],&quot;background_background&quot;:&quot;classic&quot;}\">\n\t\t\t\t\t<div class=\"e-con-inner\">\n\t\t<div class=\"elementor-element elementor-element-d24ca75 e-con-full grupo-texto e-flex e-con e-child\" data-id=\"d24ca75\" data-element_type=\"container\" data-settings=\"{&quot;jet_parallax_layout_list&quot;:[]}\">\n\t\t\t\t<div class=\"elementor-element elementor-element-a717f71 elementor-widget elementor-widget-image\" data-id=\"a717f71\" data-element_type=\"widget\" data-widget_type=\"image.default\">\n\t\t\t\t<div class=\"elementor-widget-container\">\n\t\t\t\t\t\t\t\t\t\t\t\t\t\t\t<img decoding=\"async\" width=\"800\" height=\"527\" src=\"https:\/\/www.ascale.es\/wp-content\/uploads\/2024\/09\/about-2.webp\" class=\"attachment-large size-large wp-image-26480\" alt=\"\" srcset=\"https:\/\/www.ascale.es\/wp-content\/uploads\/2024\/09\/about-2.webp 803w, https:\/\/www.ascale.es\/wp-content\/uploads\/2024\/09\/about-2-300x198.webp 300w, https:\/\/www.ascale.es\/wp-content\/uploads\/2024\/09\/about-2-768x506.webp 768w\" sizes=\"(max-width: 800px) 100vw, 800px\" \/>\t\t\t\t\t\t\t\t\t\t\t\t\t\t\t<\/div>\n\t\t\t\t<\/div>\n\t\t\t\t<\/div>\n\t\t<div class=\"elementor-element elementor-element-454556c e-con-full grupo-texto e-flex e-con e-child\" data-id=\"454556c\" data-element_type=\"container\" data-settings=\"{&quot;jet_parallax_layout_list&quot;:[]}\">\n\t\t\t\t<div class=\"elementor-element elementor-element-40ed909 elementor-widget elementor-widget-heading\" data-id=\"40ed909\" data-element_type=\"widget\" data-widget_type=\"heading.default\">\n\t\t\t\t<div class=\"elementor-widget-container\">\n\t\t\t\t\t<span class=\"elementor-heading-title elementor-size-default\">Vision<\/span>\t\t\t\t<\/div>\n\t\t\t\t<\/div>\n\t\t\t\t<div class=\"elementor-element elementor-element-af95e95 elementor-widget elementor-widget-heading\" data-id=\"af95e95\" data-element_type=\"widget\" data-widget_type=\"heading.default\">\n\t\t\t\t<div class=\"elementor-widget-container\">\n\t\t\t\t\t<span class=\"elementor-heading-title elementor-size-default\">PORT\u00c9S PAR L\u2019INNOVATION<\/span>\t\t\t\t<\/div>\n\t\t\t\t<\/div>\n\t\t\t\t<div class=\"elementor-element elementor-element-848a2cd elementor-widget elementor-widget-text-editor\" data-id=\"848a2cd\" data-element_type=\"widget\" data-widget_type=\"text-editor.default\">\n\t\t\t\t<div class=\"elementor-widget-container\">\n\t\t\t\t\t\t\t\t\t<p>\u00catre une r\u00e9f\u00e9rence mondiale dans le secteur de la pierre fritt\u00e9e, reconnue pour notre innovation et notre excellence.<\/p><p>Nous aspirons \u00e0 diriger le march\u00e9 gr\u00e2ce \u00e0 des solutions durables qui favorisent le d\u00e9veloppement \u00e9conomique, respectent l\u2019environnement et am\u00e9liorent le bien-\u00eatre des personnes et des communaut\u00e9s.<\/p>\t\t\t\t\t\t\t\t<\/div>\n\t\t\t\t<\/div>\n\t\t\t\t<div class=\"elementor-element elementor-element-878a466 elementor-widget elementor-widget-button\" data-id=\"878a466\" data-element_type=\"widget\" data-widget_type=\"button.default\">\n\t\t\t\t<div class=\"elementor-widget-container\">\n\t\t\t\t\t\t\t\t\t<div class=\"elementor-button-wrapper\">\n\t\t\t\t\t<a class=\"elementor-button elementor-button-link elementor-size-sm\" href=\"https:\/\/www.ascale.es\/fr\/contact\/\">\n\t\t\t\t\t\t<span class=\"elementor-button-content-wrapper\">\n\t\t\t\t\t\t<span class=\"elementor-button-icon\">\n\t\t\t\t<svg xmlns=\"http:\/\/www.w3.org\/2000\/svg\" width=\"29\" height=\"29\" viewBox=\"0 0 29 29\" fill=\"none\"><circle cx=\"14.5\" cy=\"14.5\" r=\"14.5\" fill=\"#D9D9D9\"><\/circle><path fill-rule=\"evenodd\" clip-rule=\"evenodd\" d=\"M14 14V6H15V14L23 14V15L15 15V23H14V15L6 15V14L14 14Z\" fill=\"white\"><\/path><\/svg>\t\t\t<\/span>\n\t\t\t\t\t\t\t\t\t<span class=\"elementor-button-text\">Contact<\/span>\n\t\t\t\t\t<\/span>\n\t\t\t\t\t<\/a>\n\t\t\t\t<\/div>\n\t\t\t\t\t\t\t\t<\/div>\n\t\t\t\t<\/div>\n\t\t\t\t<\/div>\n\t\t\t\t\t<\/div>\n\t\t\t\t<\/div>\n\t\t<div class=\"elementor-element elementor-element-6311685 page-section e-flex e-con-boxed e-con e-parent\" data-id=\"6311685\" data-element_type=\"container\" data-settings=\"{&quot;jet_parallax_layout_list&quot;:[],&quot;background_background&quot;:&quot;classic&quot;}\">\n\t\t\t\t\t<div class=\"e-con-inner\">\n\t\t<div class=\"elementor-element elementor-element-344e055 e-con-full grupo-texto e-flex e-con e-child\" data-id=\"344e055\" data-element_type=\"container\" data-settings=\"{&quot;jet_parallax_layout_list&quot;:[]}\">\n\t\t\t\t<div class=\"elementor-element elementor-element-1d28ab3 elementor-widget elementor-widget-heading\" data-id=\"1d28ab3\" data-element_type=\"widget\" data-widget_type=\"heading.default\">\n\t\t\t\t<div class=\"elementor-widget-container\">\n\t\t\t\t\t<span class=\"elementor-heading-title elementor-size-default\">NOTRE MISSION<\/span>\t\t\t\t<\/div>\n\t\t\t\t<\/div>\n\t\t\t\t<div class=\"elementor-element elementor-element-d671d4f elementor-widget elementor-widget-text-editor\" data-id=\"d671d4f\" data-element_type=\"widget\" data-widget_type=\"text-editor.default\">\n\t\t\t\t<div class=\"elementor-widget-container\">\n\t\t\t\t\t\t\t\t\t<p>Nous produisons et distribuons des solutions en pierre fritt\u00e9e de haute qualit\u00e9, avec un engagement envers nos clientes et clients \u00e0 travers des pratiques responsables, innovantes et durables.<\/p><p>Nous \u0153uvrons pour avoir un impact positif dans les communaut\u00e9s o\u00f9 nous op\u00e9rons, en prot\u00e9geant l\u2019environnement et en g\u00e9n\u00e9rant de la valeur pour toutes les personnes impliqu\u00e9es.<\/p>\t\t\t\t\t\t\t\t<\/div>\n\t\t\t\t<\/div>\n\t\t\t\t<\/div>\n\t\t<div class=\"elementor-element elementor-element-d937a4e e-con-full grupo-texto e-flex e-con e-child\" data-id=\"d937a4e\" data-element_type=\"container\" data-settings=\"{&quot;jet_parallax_layout_list&quot;:[]}\">\n\t\t\t\t<div class=\"elementor-element elementor-element-b1c86f6 e-transform e-transform e-transform elementor-widget elementor-widget-image\" data-id=\"b1c86f6\" data-element_type=\"widget\" data-settings=\"{&quot;_transform_translateX_effect&quot;:{&quot;unit&quot;:&quot;px&quot;,&quot;size&quot;:-50,&quot;sizes&quot;:[]},&quot;_transform_translateX_effect_mobile&quot;:{&quot;unit&quot;:&quot;px&quot;,&quot;size&quot;:0,&quot;sizes&quot;:[]},&quot;_transform_flipX_effect&quot;:&quot;transform&quot;,&quot;_transform_flipY_effect&quot;:&quot;transform&quot;,&quot;_transform_translateX_effect_tablet&quot;:{&quot;unit&quot;:&quot;px&quot;,&quot;size&quot;:&quot;&quot;,&quot;sizes&quot;:[]},&quot;_transform_translateY_effect&quot;:{&quot;unit&quot;:&quot;px&quot;,&quot;size&quot;:&quot;&quot;,&quot;sizes&quot;:[]},&quot;_transform_translateY_effect_tablet&quot;:{&quot;unit&quot;:&quot;px&quot;,&quot;size&quot;:&quot;&quot;,&quot;sizes&quot;:[]},&quot;_transform_translateY_effect_mobile&quot;:{&quot;unit&quot;:&quot;px&quot;,&quot;size&quot;:&quot;&quot;,&quot;sizes&quot;:[]}}\" data-widget_type=\"image.default\">\n\t\t\t\t<div class=\"elementor-widget-container\">\n\t\t\t\t\t\t\t\t\t\t\t\t\t\t\t<img loading=\"lazy\" decoding=\"async\" width=\"119\" height=\"96\" src=\"https:\/\/www.ascale.es\/wp-content\/uploads\/2024\/09\/comillas.svg\" class=\"attachment-large size-large wp-image-26487\" alt=\"\" \/>\t\t\t\t\t\t\t\t\t\t\t\t\t\t\t<\/div>\n\t\t\t\t<\/div>\n\t\t\t\t<div class=\"elementor-element elementor-element-4b4c2c4 elementor-widget elementor-widget-heading\" data-id=\"4b4c2c4\" data-element_type=\"widget\" data-widget_type=\"heading.default\">\n\t\t\t\t<div class=\"elementor-widget-container\">\n\t\t\t\t\t<span class=\"elementor-heading-title elementor-size-default\">ASCALE, o\u00f9 l'innovation et la nature se rencontrent pour cr\u00e9er quelque chose d'extraordinaire.<\/span>\t\t\t\t<\/div>\n\t\t\t\t<\/div>\n\t\t\t\t<div class=\"elementor-element elementor-element-9c5429b e-transform elementor-widget elementor-widget-image\" data-id=\"9c5429b\" data-element_type=\"widget\" data-settings=\"{&quot;_transform_translateX_effect&quot;:{&quot;unit&quot;:&quot;px&quot;,&quot;size&quot;:20,&quot;sizes&quot;:[]},&quot;_transform_translateX_effect_mobile&quot;:{&quot;unit&quot;:&quot;px&quot;,&quot;size&quot;:0,&quot;sizes&quot;:[]},&quot;_transform_translateX_effect_tablet&quot;:{&quot;unit&quot;:&quot;px&quot;,&quot;size&quot;:&quot;&quot;,&quot;sizes&quot;:[]},&quot;_transform_translateY_effect&quot;:{&quot;unit&quot;:&quot;px&quot;,&quot;size&quot;:&quot;&quot;,&quot;sizes&quot;:[]},&quot;_transform_translateY_effect_tablet&quot;:{&quot;unit&quot;:&quot;px&quot;,&quot;size&quot;:&quot;&quot;,&quot;sizes&quot;:[]},&quot;_transform_translateY_effect_mobile&quot;:{&quot;unit&quot;:&quot;px&quot;,&quot;size&quot;:&quot;&quot;,&quot;sizes&quot;:[]}}\" data-widget_type=\"image.default\">\n\t\t\t\t<div class=\"elementor-widget-container\">\n\t\t\t\t\t\t\t\t\t\t\t\t\t\t\t<img loading=\"lazy\" decoding=\"async\" width=\"119\" height=\"96\" src=\"https:\/\/www.ascale.es\/wp-content\/uploads\/2024\/09\/comillas.svg\" class=\"attachment-large size-large wp-image-26487\" alt=\"\" \/>\t\t\t\t\t\t\t\t\t\t\t\t\t\t\t<\/div>\n\t\t\t\t<\/div>\n\t\t\t\t<\/div>\n\t\t\t\t\t<\/div>\n\t\t\t\t<\/div>\n\t\t<div class=\"elementor-element elementor-element-d73955e page-section e-flex e-con-boxed e-con e-parent\" data-id=\"d73955e\" data-element_type=\"container\" data-settings=\"{&quot;jet_parallax_layout_list&quot;:[],&quot;background_background&quot;:&quot;classic&quot;}\">\n\t\t\t\t\t<div class=\"e-con-inner\">\n\t\t<div class=\"elementor-element elementor-element-e2236ee e-con-full grupo-texto e-flex e-con e-child\" data-id=\"e2236ee\" data-element_type=\"container\" data-settings=\"{&quot;jet_parallax_layout_list&quot;:[]}\">\n\t\t\t\t<\/div>\n\t\t<div class=\"elementor-element elementor-element-ece9560 e-con-full grupo-texto e-flex e-con e-child\" data-id=\"ece9560\" data-element_type=\"container\" data-settings=\"{&quot;jet_parallax_layout_list&quot;:[]}\">\n\t\t\t\t<div class=\"elementor-element elementor-element-1b74648 elementor-widget elementor-widget-heading\" data-id=\"1b74648\" data-element_type=\"widget\" data-widget_type=\"heading.default\">\n\t\t\t\t<div class=\"elementor-widget-container\">\n\t\t\t\t\t<span class=\"elementor-heading-title elementor-size-default\">NOS INSTALLATIONS<\/span>\t\t\t\t<\/div>\n\t\t\t\t<\/div>\n\t\t\t\t<\/div>\n\t\t\t\t\t<\/div>\n\t\t\t\t<\/div>\n\t\t<div class=\"elementor-element elementor-element-e2d36e9 page-section e-flex e-con-boxed e-con e-parent\" data-id=\"e2d36e9\" data-element_type=\"container\" data-settings=\"{&quot;jet_parallax_layout_list&quot;:[],&quot;background_background&quot;:&quot;classic&quot;}\">\n\t\t\t\t\t<div class=\"e-con-inner\">\n\t\t<div class=\"elementor-element elementor-element-59265c5 e-con-full grupo-texto e-flex e-con e-child\" data-id=\"59265c5\" data-element_type=\"container\" data-settings=\"{&quot;jet_parallax_layout_list&quot;:[]}\">\n\t\t\t\t<div class=\"elementor-element elementor-element-d2e1eed elementor-widget elementor-widget-image\" data-id=\"d2e1eed\" data-element_type=\"widget\" data-widget_type=\"image.default\">\n\t\t\t\t<div class=\"elementor-widget-container\">\n\t\t\t\t\t\t\t\t\t\t\t\t\t\t\t<img loading=\"lazy\" decoding=\"async\" width=\"800\" height=\"527\" src=\"https:\/\/www.ascale.es\/wp-content\/uploads\/2024\/09\/ROTULO-EXTERIOR-2.webp\" class=\"attachment-large size-large wp-image-28400\" alt=\"\" srcset=\"https:\/\/www.ascale.es\/wp-content\/uploads\/2024\/09\/ROTULO-EXTERIOR-2.webp 900w, https:\/\/www.ascale.es\/wp-content\/uploads\/2024\/09\/ROTULO-EXTERIOR-2-300x198.webp 300w, https:\/\/www.ascale.es\/wp-content\/uploads\/2024\/09\/ROTULO-EXTERIOR-2-768x506.webp 768w\" sizes=\"(max-width: 800px) 100vw, 800px\" \/>\t\t\t\t\t\t\t\t\t\t\t\t\t\t\t<\/div>\n\t\t\t\t<\/div>\n\t\t\t\t<\/div>\n\t\t<div class=\"elementor-element elementor-element-5a00b5a e-con-full grupo-texto e-flex e-con e-child\" data-id=\"5a00b5a\" data-element_type=\"container\" data-settings=\"{&quot;jet_parallax_layout_list&quot;:[]}\">\n\t\t\t\t<div class=\"elementor-element elementor-element-fc1d151 elementor-widget elementor-widget-text-editor\" data-id=\"fc1d151\" data-element_type=\"widget\" data-widget_type=\"text-editor.default\">\n\t\t\t\t<div class=\"elementor-widget-container\">\n\t\t\t\t\t\t\t\t\t<p>Chez Ascale, le showroom, les bureaux et l\u2019usine sont regroup\u00e9s dans un m\u00eame espace, au pied du four o\u00f9 la magie se produit : \u00e0 savoir la cr\u00e9ation de nos pierres fritt\u00e9es.<\/p><p>Implant\u00e9 au c\u0153ur de la r\u00e9gion des argiles, du terreau et de la c\u00e9ramique espagnols, notre espace industriel allie tradition et modernit\u00e9.<\/p><p>Dot\u00e9e de machines de pointe, notre usine t\u00e9moigne de notre engagement en faveur de la technologie et de la recherche et d\u00e9veloppement. Tous les d\u00e9tails visent \u00e0 stimuler l\u2019innovation et \u00e0 faire en sorte que chaque projet soit une exp\u00e9rience unique.<\/p>\t\t\t\t\t\t\t\t<\/div>\n\t\t\t\t<\/div>\n\t\t\t\t<\/div>\n\t\t\t\t\t<\/div>\n\t\t\t\t<\/div>\n\t\t<div class=\"elementor-element elementor-element-0a860af page-section e-flex e-con-boxed e-con e-parent\" data-id=\"0a860af\" data-element_type=\"container\" data-settings=\"{&quot;jet_parallax_layout_list&quot;:[],&quot;background_background&quot;:&quot;classic&quot;}\">\n\t\t\t\t\t<div class=\"e-con-inner\">\n\t\t<div class=\"elementor-element elementor-element-ef4cae5 e-con-full grupo-texto e-flex e-con e-child\" data-id=\"ef4cae5\" data-element_type=\"container\" data-settings=\"{&quot;jet_parallax_layout_list&quot;:[]}\">\n\t\t\t\t<div class=\"elementor-element elementor-element-c530284 elementor-widget elementor-widget-heading\" data-id=\"c530284\" data-element_type=\"widget\" data-widget_type=\"heading.default\">\n\t\t\t\t<div class=\"elementor-widget-container\">\n\t\t\t\t\t<span class=\"elementor-heading-title elementor-size-default\">VALEURS<\/span>\t\t\t\t<\/div>\n\t\t\t\t<\/div>\n\t\t\t\t<div class=\"elementor-element elementor-element-f13e3bb elementor-widget elementor-widget-heading\" data-id=\"f13e3bb\" data-element_type=\"widget\" data-widget_type=\"heading.default\">\n\t\t\t\t<div class=\"elementor-widget-container\">\n\t\t\t\t\t<span class=\"elementor-heading-title elementor-size-default\">GUID\u00c9S PAR L\u2019EXCELLENCE<\/span>\t\t\t\t<\/div>\n\t\t\t\t<\/div>\n\t\t\t\t<div class=\"elementor-element elementor-element-a21f6b2 elementor-widget elementor-widget-text-editor\" data-id=\"a21f6b2\" data-element_type=\"widget\" data-widget_type=\"text-editor.default\">\n\t\t\t\t<div class=\"elementor-widget-container\">\n\t\t\t\t\t\t\t\t\t<p data-start=\"139\" data-end=\"258\"><strong data-start=\"139\" data-end=\"155\">Engagement :<\/strong> Nous agissons avec effort et responsabilit\u00e9, en orientant nos actions selon les principes de PAMESA.<\/p><p data-start=\"260\" data-end=\"398\"><strong data-start=\"260\" data-end=\"276\">Excellence :<\/strong> Nous pla\u00e7ons nos clients au centre de chaque d\u00e9cision, en offrant une exp\u00e9rience fond\u00e9e sur l\u2019excellence et la qualit\u00e9.<\/p><p data-start=\"400\" data-end=\"586\"><strong data-start=\"400\" data-end=\"416\">Durabilit\u00e9 :<\/strong> Nous nous engageons dans des pratiques qui favorisent l\u2019\u00e9quilibre entre le d\u00e9veloppement \u00e9conomique et social, ainsi que la protection et la pr\u00e9servation de la nature.<\/p><p data-start=\"588\" data-end=\"738\" data-is-last-node=\"\" data-is-only-node=\"\"><strong data-start=\"588\" data-end=\"604\">Innovation :<\/strong> Nous int\u00e9grons en permanence de nouvelles tendances, de nouveaux services et produits afin d\u2019am\u00e9liorer les processus de l\u2019entreprise.<\/p>\t\t\t\t\t\t\t\t<\/div>\n\t\t\t\t<\/div>\n\t\t\t\t<\/div>\n\t\t<div class=\"elementor-element elementor-element-02c256a e-con-full grupo-texto e-flex e-con e-child\" data-id=\"02c256a\" data-element_type=\"container\" data-settings=\"{&quot;jet_parallax_layout_list&quot;:[]}\">\n\t\t\t\t<div class=\"elementor-element elementor-element-b6ee522 elementor-widget elementor-widget-image\" data-id=\"b6ee522\" data-element_type=\"widget\" data-widget_type=\"image.default\">\n\t\t\t\t<div class=\"elementor-widget-container\">\n\t\t\t\t\t\t\t\t\t\t\t\t\t\t\t<img loading=\"lazy\" decoding=\"async\" width=\"800\" height=\"527\" src=\"https:\/\/www.ascale.es\/wp-content\/uploads\/2025\/09\/Diseno-sin-titulo-10.webp\" class=\"attachment-large size-large wp-image-68194\" alt=\"F\u00e1brica piedra sinterizada gran formato ASCALE\" srcset=\"https:\/\/www.ascale.es\/wp-content\/uploads\/2025\/09\/Diseno-sin-titulo-10.webp 803w, https:\/\/www.ascale.es\/wp-content\/uploads\/2025\/09\/Diseno-sin-titulo-10-300x198.webp 300w, https:\/\/www.ascale.es\/wp-content\/uploads\/2025\/09\/Diseno-sin-titulo-10-768x506.webp 768w\" sizes=\"(max-width: 800px) 100vw, 800px\" \/>\t\t\t\t\t\t\t\t\t\t\t\t\t\t\t<\/div>\n\t\t\t\t<\/div>\n\t\t\t\t<\/div>\n\t\t\t\t\t<\/div>\n\t\t\t\t<\/div>\n\t\t<div class=\"elementor-element elementor-element-5314589 e-flex e-con-boxed e-con e-parent\" data-id=\"5314589\" data-element_type=\"container\" data-settings=\"{&quot;background_background&quot;:&quot;classic&quot;,&quot;jet_parallax_layout_list&quot;:[]}\">\n\t\t\t\t\t<div class=\"e-con-inner\">\n\t\t<div class=\"elementor-element elementor-element-ffd1ce1 e-con-full grupo-texto e-flex e-con e-child\" data-id=\"ffd1ce1\" data-element_type=\"container\" data-settings=\"{&quot;jet_parallax_layout_list&quot;:[]}\">\n\t\t\t\t<div class=\"elementor-element elementor-element-f3054b2 elementor-widget elementor-widget-button\" data-id=\"f3054b2\" data-element_type=\"widget\" data-widget_type=\"button.default\">\n\t\t\t\t<div class=\"elementor-widget-container\">\n\t\t\t\t\t\t\t\t\t<div class=\"elementor-button-wrapper\">\n\t\t\t\t\t<a class=\"elementor-button elementor-button-link elementor-size-sm\" href=\"https:\/\/www.ascale.es\/virtual-showroom-ascale\/\" target=\"_blank\">\n\t\t\t\t\t\t<span class=\"elementor-button-content-wrapper\">\n\t\t\t\t\t\t\t\t\t<span class=\"elementor-button-text\">VISITEZ NOTRE VISITE VIRTUELLE<\/span>\n\t\t\t\t\t<\/span>\n\t\t\t\t\t<\/a>\n\t\t\t\t<\/div>\n\t\t\t\t\t\t\t\t<\/div>\n\t\t\t\t<\/div>\n\t\t\t\t<\/div>\n\t\t\t\t\t<\/div>\n\t\t\t\t<\/div>\n\t\t\t\t<\/div>\n\t\t","protected":false},"excerpt":{"rendered":"<p>\u00c0 PROPOS NOUS CR\u00c9ONS DES ESPACES RESPONSABLES Ascale fabrique des pierres fritt\u00e9es capables de transformer les espaces en exp\u00e9riences uniques, car il n\u2019y a rien de mieux que de cr\u00e9er quelque chose et de la vivre. Forts de plus de 50 ans d\u2019exp\u00e9rience, nous sommes en constante \u00e9volution pour rester \u00e0 la pointe de la [&hellip;]<\/p>\n","protected":false},"author":1,"featured_media":0,"parent":0,"menu_order":0,"comment_status":"closed","ping_status":"closed","template":"","meta":{"_monsterinsights_skip_tracking":false,"_monsterinsights_sitenote_active":false,"_monsterinsights_sitenote_note":"","_monsterinsights_sitenote_category":0,"footnotes":""},"class_list":["post-36090","page","type-page","status-publish","hentry"],"aioseo_notices":[],"_links":{"self":[{"href":"https:\/\/www.ascale.es\/fr\/wp-json\/wp\/v2\/pages\/36090","targetHints":{"allow":["GET"]}}],"collection":[{"href":"https:\/\/www.ascale.es\/fr\/wp-json\/wp\/v2\/pages"}],"about":[{"href":"https:\/\/www.ascale.es\/fr\/wp-json\/wp\/v2\/types\/page"}],"author":[{"embeddable":true,"href":"https:\/\/www.ascale.es\/fr\/wp-json\/wp\/v2\/users\/1"}],"replies":[{"embeddable":true,"href":"https:\/\/www.ascale.es\/fr\/wp-json\/wp\/v2\/comments?post=36090"}],"version-history":[{"count":14,"href":"https:\/\/www.ascale.es\/fr\/wp-json\/wp\/v2\/pages\/36090\/revisions"}],"predecessor-version":[{"id":74345,"href":"https:\/\/www.ascale.es\/fr\/wp-json\/wp\/v2\/pages\/36090\/revisions\/74345"}],"wp:attachment":[{"href":"https:\/\/www.ascale.es\/fr\/wp-json\/wp\/v2\/media?parent=36090"}],"curies":[{"name":"wp","href":"https:\/\/api.w.org\/{rel}","templated":true}]}}