{"id":36143,"date":"2024-08-28T13:33:12","date_gmt":"2024-08-28T11:33:12","guid":{"rendered":"https:\/\/ascale.es\/new-web\/contacto\/"},"modified":"2026-01-23T13:35:02","modified_gmt":"2026-01-23T12:35:02","slug":"contact","status":"publish","type":"page","link":"https:\/\/www.ascale.es\/fr\/contact\/","title":{"rendered":"Contact"},"content":{"rendered":"\t\t<div data-elementor-type=\"wp-page\" data-elementor-id=\"36143\" class=\"elementor elementor-36143 elementor-24998\" data-elementor-post-type=\"page\">\n\t\t\t\t<div class=\"elementor-element elementor-element-399bfc8 e-flex e-con-boxed e-con e-parent\" data-id=\"399bfc8\" data-element_type=\"container\" data-settings=\"{&quot;background_background&quot;:&quot;classic&quot;,&quot;jet_parallax_layout_list&quot;:[]}\">\n\t\t\t\t\t<div class=\"e-con-inner\">\n\t\t\t\t<div class=\"elementor-element elementor-element-f7254db elementor-absolute forma-a elementor-hidden-mobile elementor-widget elementor-widget-image\" data-id=\"f7254db\" data-element_type=\"widget\" data-settings=\"{&quot;_position&quot;:&quot;absolute&quot;}\" data-widget_type=\"image.default\">\n\t\t\t\t<div class=\"elementor-widget-container\">\n\t\t\t\t\t\t\t\t\t\t\t\t\t\t\t<img fetchpriority=\"high\" decoding=\"async\" width=\"800\" height=\"541\" src=\"https:\/\/www.ascale.es\/wp-content\/uploads\/2024\/08\/forma-A-2.svg\" class=\"attachment-large size-large wp-image-21375\" alt=\"\" \/>\t\t\t\t\t\t\t\t\t\t\t\t\t\t\t<\/div>\n\t\t\t\t<\/div>\n\t\t\t\t\t<\/div>\n\t\t\t\t<\/div>\n\t\t<div class=\"elementor-element elementor-element-75f72ca e-flex e-con-boxed e-con e-parent\" data-id=\"75f72ca\" data-element_type=\"container\" data-settings=\"{&quot;jet_parallax_layout_list&quot;:[]}\">\n\t\t\t\t\t<div class=\"e-con-inner\">\n\t\t<div class=\"elementor-element elementor-element-25a86f6 e-con-full e-flex e-con e-child\" data-id=\"25a86f6\" data-element_type=\"container\" data-settings=\"{&quot;jet_parallax_layout_list&quot;:[]}\">\n\t\t\t\t<div class=\"elementor-element elementor-element-5dd40ff elementor-widget elementor-widget-heading\" data-id=\"5dd40ff\" data-element_type=\"widget\" data-widget_type=\"heading.default\">\n\t\t\t\t<div class=\"elementor-widget-container\">\n\t\t\t\t\t<span class=\"elementor-heading-title elementor-size-default\">Contact<\/span>\t\t\t\t<\/div>\n\t\t\t\t<\/div>\n\t\t\t\t<div class=\"elementor-element elementor-element-0b17430 elementor-widget elementor-widget-heading\" data-id=\"0b17430\" data-element_type=\"widget\" data-widget_type=\"heading.default\">\n\t\t\t\t<div class=\"elementor-widget-container\">\n\t\t\t\t\t<span class=\"elementor-heading-title elementor-size-default\">Laissez-nous votre message<\/span>\t\t\t\t<\/div>\n\t\t\t\t<\/div>\n\t\t\t\t<div class=\"elementor-element elementor-element-df186cc elementor-button-align-stretch elementor-widget elementor-widget-form\" data-id=\"df186cc\" data-element_type=\"widget\" data-settings=\"{&quot;step_next_label&quot;:&quot;Next&quot;,&quot;step_previous_label&quot;:&quot;Previous&quot;,&quot;button_width&quot;:&quot;100&quot;,&quot;step_type&quot;:&quot;number_text&quot;,&quot;step_icon_shape&quot;:&quot;circle&quot;}\" data-widget_type=\"form.default\">\n\t\t\t\t<div class=\"elementor-widget-container\">\n\t\t\t\t\t\t\t<form class=\"elementor-form\" method=\"post\" name=\"New Form\" aria-label=\"New Form\">\n\t\t\t<input type=\"hidden\" name=\"post_id\" value=\"36143\"\/>\n\t\t\t<input type=\"hidden\" name=\"form_id\" value=\"df186cc\"\/>\n\t\t\t<input type=\"hidden\" name=\"referer_title\" value=\"\" \/>\n\n\t\t\t\n\t\t\t<div class=\"elementor-form-fields-wrapper elementor-labels-\">\n\t\t\t\t\t\t\t\t<div class=\"elementor-field-type-select elementor-field-group elementor-column elementor-field-group-tipo elementor-col-100 elementor-field-required\">\n\t\t\t\t\t\t\t\t\t\t\t\t<label for=\"form-field-tipo\" class=\"elementor-field-label elementor-screen-only\">\n\t\t\t\t\t\t\t\ttipo\t\t\t\t\t\t\t<\/label>\n\t\t\t\t\t\t\t\t<div class=\"elementor-field elementor-select-wrapper remove-before \">\n\t\t\t<div class=\"select-caret-down-wrapper\">\n\t\t\t\t<i aria-hidden=\"true\" class=\"eicon-caret-down\"><\/i>\t\t\t<\/div>\n\t\t\t<select name=\"form_fields[tipo]\" id=\"form-field-tipo\" class=\"elementor-field-textual elementor-size-sm\" required=\"required\">\n\t\t\t\t\t\t\t\t\t<option value=\"Marbrier\">Marbrier<\/option>\n\t\t\t\t\t\t\t\t\t<option value=\"Architecte\">Architecte<\/option>\n\t\t\t\t\t\t\t\t\t<option value=\"Cuisiniste\">Cuisiniste<\/option>\n\t\t\t\t\t\t\t\t\t<option value=\"Particulier\">Particulier<\/option>\n\t\t\t\t\t\t\t<\/select>\n\t\t<\/div>\n\t\t\t\t\t\t<\/div>\n\t\t\t\t\t\t\t\t<div class=\"elementor-field-type-text elementor-field-group elementor-column elementor-field-group-name elementor-col-100 elementor-field-required\">\n\t\t\t\t\t\t\t\t\t\t\t\t<label for=\"form-field-name\" class=\"elementor-field-label elementor-screen-only\">\n\t\t\t\t\t\t\t\tNom\t\t\t\t\t\t\t<\/label>\n\t\t\t\t\t\t\t\t\t\t\t\t\t\t<input size=\"1\" type=\"text\" name=\"form_fields[name]\" id=\"form-field-name\" class=\"elementor-field elementor-size-sm  elementor-field-textual\" placeholder=\"Nom*\" required=\"required\">\n\t\t\t\t\t\t\t\t\t\t\t<\/div>\n\t\t\t\t\t\t\t\t<div class=\"elementor-field-type-email elementor-field-group elementor-column elementor-field-group-email elementor-col-100 elementor-field-required\">\n\t\t\t\t\t\t\t\t\t\t\t\t<label for=\"form-field-email\" class=\"elementor-field-label elementor-screen-only\">\n\t\t\t\t\t\t\t\tEmail\t\t\t\t\t\t\t<\/label>\n\t\t\t\t\t\t\t\t\t\t\t\t\t\t<input size=\"1\" type=\"email\" name=\"form_fields[email]\" id=\"form-field-email\" class=\"elementor-field elementor-size-sm  elementor-field-textual\" placeholder=\"Email*\" required=\"required\">\n\t\t\t\t\t\t\t\t\t\t\t<\/div>\n\t\t\t\t\t\t\t\t<div class=\"elementor-field-type-tel elementor-field-group elementor-column elementor-field-group-tel elementor-col-100 elementor-field-required\">\n\t\t\t\t\t\t\t\t\t\t\t\t<label for=\"form-field-tel\" class=\"elementor-field-label elementor-screen-only\">\n\t\t\t\t\t\t\t\tT\u00e9l\u00e9phone\t\t\t\t\t\t\t<\/label>\n\t\t\t\t\t\t\t\t<input size=\"1\" type=\"tel\" name=\"form_fields[tel]\" id=\"form-field-tel\" class=\"elementor-field elementor-size-sm  elementor-field-textual\" placeholder=\"T\u00e9l\u00e9phone*\" required=\"required\" pattern=\"[0-9()#&amp;+*-=.]+\" title=\"Seuls les caract\u00e8res de num\u00e9ros de t\u00e9l\u00e9phone (#, -, *, etc.) sont accept\u00e9s.\">\n\n\t\t\t\t\t\t<\/div>\n\t\t\t\t\t\t\t\t<div class=\"elementor-field-type-text elementor-field-group elementor-column elementor-field-group-pais elementor-col-100 elementor-field-required\">\n\t\t\t\t\t\t\t\t\t\t\t\t<label for=\"form-field-pais\" class=\"elementor-field-label elementor-screen-only\">\n\t\t\t\t\t\t\t\tPays\t\t\t\t\t\t\t<\/label>\n\t\t\t\t\t\t\t\t\t\t\t\t\t\t<input size=\"1\" type=\"text\" name=\"form_fields[pais]\" id=\"form-field-pais\" class=\"elementor-field elementor-size-sm  elementor-field-textual\" placeholder=\"Pays*\" required=\"required\">\n\t\t\t\t\t\t\t\t\t\t\t<\/div>\n\t\t\t\t\t\t\t\t<div class=\"elementor-field-type-text elementor-field-group elementor-column elementor-field-group-provincia elementor-col-100 elementor-field-required\">\n\t\t\t\t\t\t\t\t\t\t\t\t<label for=\"form-field-provincia\" class=\"elementor-field-label elementor-screen-only\">\n\t\t\t\t\t\t\t\tProvince\t\t\t\t\t\t\t<\/label>\n\t\t\t\t\t\t\t\t\t\t\t\t\t\t<input size=\"1\" type=\"text\" name=\"form_fields[provincia]\" id=\"form-field-provincia\" class=\"elementor-field elementor-size-sm  elementor-field-textual\" placeholder=\"Province*\" required=\"required\">\n\t\t\t\t\t\t\t\t\t\t\t<\/div>\n\t\t\t\t\t\t\t\t<div class=\"elementor-field-type-textarea elementor-field-group elementor-column elementor-field-group-message elementor-col-100 elementor-field-required\">\n\t\t\t\t\t\t\t\t\t\t\t\t<label for=\"form-field-message\" class=\"elementor-field-label elementor-screen-only\">\n\t\t\t\t\t\t\t\tMessage\t\t\t\t\t\t\t<\/label>\n\t\t\t\t\t\t<textarea class=\"elementor-field-textual elementor-field  elementor-size-sm\" name=\"form_fields[message]\" id=\"form-field-message\" rows=\"4\" placeholder=\"Message\" required=\"required\"><\/textarea>\t\t\t\t<\/div>\n\t\t\t\t\t\t\t\t<div class=\"elementor-field-type-acceptance elementor-field-group elementor-column elementor-field-group-field_3cb6607 elementor-col-100 elementor-field-required\">\n\t\t\t\t\t\t\t\t\t\t\t\t<label for=\"form-field-field_3cb6607\" class=\"elementor-field-label elementor-screen-only\">\n\t\t\t\t\t\t\t\tlegal 1\t\t\t\t\t\t\t<\/label>\n\t\t\t\t\t\t\t\t<div class=\"elementor-field-subgroup\">\n\t\t\t<span class=\"elementor-field-option\">\n\t\t\t\t<input type=\"checkbox\" name=\"form_fields[field_3cb6607]\" id=\"form-field-field_3cb6607\" class=\"elementor-field elementor-size-sm  elementor-acceptance-field\" required=\"required\" checked=\"checked\">\n\t\t\t\t<label for=\"form-field-field_3cb6607\">J'ai lu et j'accepte la <a href=\"https:\/\/www.ascale.es\/fr\/politique-de-confidentialite\/\" target=\"_blank\">Politique de confidentialit\u00e9<\/a>.<\/label>\t\t\t<\/span>\n\t\t<\/div>\n\t\t\t\t\t\t<\/div>\n\t\t\t\t\t\t\t\t<div class=\"elementor-field-type-acceptance elementor-field-group elementor-column elementor-field-group-field_a51e470 elementor-col-100\">\n\t\t\t\t\t\t\t\t\t\t\t\t<label for=\"form-field-field_a51e470\" class=\"elementor-field-label elementor-screen-only\">\n\t\t\t\t\t\t\t\tlegal 2\t\t\t\t\t\t\t<\/label>\n\t\t\t\t\t\t\t\t<div class=\"elementor-field-subgroup\">\n\t\t\t<span class=\"elementor-field-option\">\n\t\t\t\t<input type=\"checkbox\" name=\"form_fields[field_a51e470]\" id=\"form-field-field_a51e470\" class=\"elementor-field elementor-size-sm  elementor-acceptance-field\">\n\t\t\t\t<label for=\"form-field-field_a51e470\">S'abonner \u00e0 notre newsletter.<\/label>\t\t\t<\/span>\n\t\t<\/div>\n\t\t\t\t\t\t<\/div>\n\t\t\t\t\t\t\t\t<div class=\"elementor-field-type-recaptcha_v3 elementor-field-group elementor-column elementor-field-group-field_31d774e elementor-col-100 recaptcha_v3-bottomright\">\n\t\t\t\t\t<div class=\"elementor-field\" id=\"form-field-field_31d774e\"><div class=\"elementor-g-recaptcha\" data-sitekey=\"6LfGim4qAAAAAH0dvdj6vagVLJQ8Bvb-rgrqRlgo\" data-type=\"v3\" data-action=\"Form\" data-badge=\"bottomright\" data-size=\"invisible\"><\/div><\/div>\t\t\t\t<\/div>\n\t\t\t\t\t\t\t\t<div class=\"elementor-field-group elementor-column elementor-field-type-submit elementor-col-100 e-form__buttons\">\n\t\t\t\t\t<button class=\"elementor-button elementor-size-sm\" type=\"submit\">\n\t\t\t\t\t\t<span class=\"elementor-button-content-wrapper\">\n\t\t\t\t\t\t\t\t\t\t\t\t\t\t\t\t\t\t\t\t\t\t<span class=\"elementor-button-text\">Envoyer<\/span>\n\t\t\t\t\t\t\t\t\t\t\t\t\t<\/span>\n\t\t\t\t\t<\/button>\n\t\t\t\t<\/div>\n\t\t\t<\/div>\n\t\t<\/form>\n\t\t\t\t\t\t<\/div>\n\t\t\t\t<\/div>\n\t\t\t\t<div class=\"elementor-element elementor-element-6a852fe elementor-widget elementor-widget-html\" data-id=\"6a852fe\" data-element_type=\"widget\" data-widget_type=\"html.default\">\n\t\t\t\t<div class=\"elementor-widget-container\">\n\t\t\t\t\t<script>\n    document.addEventListener('DOMContentLoaded', function(){\n\tconst inputs = document.querySelectorAll('.elementor-form input, .elementor-form textarea')\n\tinputs.forEach(input => {\n\t\tinput.addEventListener('blur', () => {\n\t\t\tinput.value = input.value.replace(\/(https?:\\\/\\\/|www\\.)(\\S+)\/g, '');\n\t\t})\n\t})\n})\n<\/script>\t\t\t\t<\/div>\n\t\t\t\t<\/div>\n\t\t\t\t<\/div>\n\t\t<div class=\"elementor-element elementor-element-8751aed e-con-full e-flex e-con e-child\" data-id=\"8751aed\" data-element_type=\"container\" data-settings=\"{&quot;jet_parallax_layout_list&quot;:[]}\">\n\t\t\t\t<div class=\"elementor-element elementor-element-a37bc13 elementor-widget elementor-widget-jet-inline-svg\" data-id=\"a37bc13\" data-element_type=\"widget\" data-widget_type=\"jet-inline-svg.default\">\n\t\t\t\t<div class=\"elementor-widget-container\">\n\t\t\t\t\t<div class=\"elementor-jet-inline-svg jet-elements\"><div class=\"jet-inline-svg__wrapper\"><div class=\"jet-inline-svg jet-inline-svg--custom-width jet-inline-svg--custom-color\"><div class=\"jet-inline-svg__inner\"><svg width=\"220\" height=\"33\" viewBox=\"0 0 220 33\" fill=\"none\" xmlns=\"http:\/\/www.w3.org\/2000\/svg\">\n<g clip-path=\"url(#clip0_731_1159)\">\n<path d=\"M219.474 5.83496H192.643V11.086H219.474V5.83496Z\" fill=\"currentColor\" stroke=\"currentColor\" stroke-width=\"3\" stroke-miterlimit=\"10\"\/>\n<path d=\"M219.474 27.2178H192.643V32.4688H219.474V27.2178Z\" fill=\"currentColor\" stroke=\"currentColor\" stroke-width=\"3\" stroke-miterlimit=\"10\"\/>\n<path d=\"M214.456 16.6074H187.624V21.4683H214.456V16.6074Z\" fill=\"currentColor\" stroke=\"currentColor\" stroke-width=\"3\" stroke-miterlimit=\"10\"\/>\n<path d=\"M154.095 32.473H146.891L133.73 13.1524L120.645 32.473H98.3905C96.3004 32.473 94.3435 32.1251 92.5725 31.4397C90.7945 30.7543 89.2304 29.8018 87.9224 28.6103C86.6073 27.4153 85.5692 25.9778 84.8363 24.3329C84.1033 22.688 83.7316 20.8884 83.7316 18.9834C83.7316 17.0784 84.1033 15.2648 84.8398 13.6656C85.222 12.8361 85.6884 12.0593 86.239 11.3459H55.2343C54.1577 11.3459 53.33 11.5919 52.7689 12.0734C52.2148 12.5444 51.9483 13.1946 51.9483 14.0592C51.9483 14.9239 52.2218 15.56 52.7829 16.017C53.3616 16.4914 54.1717 16.7305 55.1957 16.7305H68.6237C71.6888 16.7305 74.063 17.3772 75.6832 18.6495C77.3279 19.95 78.1626 21.9358 78.1626 24.5508C78.1626 25.679 77.9627 26.7405 77.5664 27.7035C77.1631 28.6771 76.5564 29.5312 75.7638 30.2376C74.9713 30.9406 73.9613 31.4959 72.7689 31.8896C71.5906 32.2762 70.1948 32.4765 68.6237 32.4765H42.0518V27.2396L68.6237 27.1517C69.8862 27.1517 70.8612 26.8775 71.5205 26.3328C72.1622 25.8055 72.4743 25.1166 72.4743 24.2309C72.4743 23.2609 72.1657 22.5614 71.538 22.0869C70.8717 21.5949 69.8932 21.3418 68.6237 21.3418H55.1501C53.7368 21.3418 52.4358 21.152 51.289 20.7759C50.1282 20.3999 49.1322 19.8656 48.3256 19.1837C47.5155 18.5019 46.8808 17.6759 46.4424 16.7305C46.0006 15.785 45.7761 14.7411 45.7761 13.6269C45.7761 12.5128 45.9865 11.5146 46.3968 10.5832C46.8107 9.64823 47.4349 8.82929 48.252 8.15446C49.0586 7.48666 50.0651 6.95593 51.2329 6.58337C52.4007 6.20729 53.7474 6.01749 55.2343 6.01749H114.708V11.3388H98.394C97.135 11.3388 95.9567 11.5356 94.8906 11.9293C93.8315 12.3194 92.9057 12.8642 92.1447 13.5531C91.3872 14.2385 90.784 15.068 90.3491 16.0205C89.9213 16.9695 89.7039 18.0344 89.7039 19.1908C89.7039 20.3471 89.9213 21.391 90.3527 22.3646C90.7875 23.3417 91.3907 24.1888 92.1482 24.8812C92.9127 25.5806 93.8385 26.1394 94.8976 26.5401C95.9532 26.9408 97.1315 27.1447 98.394 27.1447H117.426L131.082 7.29335C131.398 6.80831 131.794 6.41114 132.25 6.11942C132.723 5.81715 133.288 5.66602 133.93 5.66602C134.571 5.66602 135.136 5.82066 135.595 6.12293C136.03 6.41466 136.416 6.81182 136.739 7.30037L154.095 32.4695V32.473Z\" fill=\"currentColor\" stroke=\"currentColor\" stroke-width=\"2\" stroke-miterlimit=\"10\"\/>\n<path d=\"M187.154 32.4725H158.899V6.02051H164.868V27.1477H187.154V32.4725Z\" fill=\"currentColor\" stroke=\"currentColor\" stroke-width=\"3\" stroke-miterlimit=\"10\"\/>\n<path d=\"M47.8414 32.6486H39.1583L23.854 9.48987L8.63399 32.6486H0.32959L20.6557 2.18622C21.0345 1.59223 21.5079 1.10368 22.0515 0.741656C22.6266 0.365578 23.3105 0.175781 24.0855 0.175781C24.8605 0.175781 25.5409 0.365578 26.102 0.745171H26.1055C26.6245 1.10368 27.0839 1.59223 27.4732 2.19325L47.8449 32.6451L47.8414 32.6486Z\" fill=\"currentColor\" stroke=\"currentColor\" stroke-miterlimit=\"10\"\/>\n<path d=\"M28.732 27.9877C28.732 30.5605 26.6489 32.6483 24.0818 32.6483C21.5148 32.6483 19.4316 30.564 19.4316 27.9877C19.4316 25.4114 21.5148 23.3271 24.0818 23.3271C26.6489 23.3271 28.732 25.4149 28.732 27.9877Z\" fill=\"currentColor\" stroke=\"currentColor\" stroke-miterlimit=\"10\"\/>\n<\/g>\n<defs>\n<clipPath id=\"clip0_731_1159\">\n<rect width=\"220\" height=\"33\" fill=\"currentColor\"\/>\n<\/clipPath>\n<\/defs>\n<\/svg>\n<\/div><\/div><\/div><\/div>\t\t\t\t<\/div>\n\t\t\t\t<\/div>\n\t\t\t\t<div class=\"elementor-element elementor-element-fb22d4a elementor-align-left elementor-icon-list--layout-traditional elementor-list-item-link-full_width elementor-widget elementor-widget-icon-list\" data-id=\"fb22d4a\" data-element_type=\"widget\" data-widget_type=\"icon-list.default\">\n\t\t\t\t<div class=\"elementor-widget-container\">\n\t\t\t\t\t\t\t<ul class=\"elementor-icon-list-items\">\n\t\t\t\t\t\t\t<li class=\"elementor-icon-list-item\">\n\t\t\t\t\t\t\t\t\t\t\t<a href=\"https:\/\/www.ascale.es\/en\/where-to-buy\/\">\n\n\t\t\t\t\t\t\t\t\t\t\t\t<span class=\"elementor-icon-list-icon\">\n\t\t\t\t\t\t\t<svg xmlns=\"http:\/\/www.w3.org\/2000\/svg\" width=\"29\" height=\"27\" viewBox=\"0 0 29 27\" fill=\"none\"><path d=\"M-1.37505e-08 13.5L27 13.5M27 13.5L16.8068 3.5M27 13.5L16.8068 23.5\" stroke=\"#C2C2C2\" stroke-width=\"1.5\"><\/path><\/svg>\t\t\t\t\t\t<\/span>\n\t\t\t\t\t\t\t\t\t\t<span class=\"elementor-icon-list-text\">O\u00f9 acheter<\/span>\n\t\t\t\t\t\t\t\t\t\t\t<\/a>\n\t\t\t\t\t\t\t\t\t<\/li>\n\t\t\t\t\t\t<\/ul>\n\t\t\t\t\t\t<\/div>\n\t\t\t\t<\/div>\n\t\t<div class=\"elementor-element elementor-element-a70dbdc e-con-full e-flex e-con e-child\" data-id=\"a70dbdc\" data-element_type=\"container\" data-settings=\"{&quot;jet_parallax_layout_list&quot;:[]}\">\n\t\t\t\t<div class=\"elementor-element elementor-element-3f1c342 elementor-widget elementor-widget-heading\" data-id=\"3f1c342\" data-element_type=\"widget\" data-widget_type=\"heading.default\">\n\t\t\t\t<div class=\"elementor-widget-container\">\n\t\t\t\t\t<span class=\"elementor-heading-title elementor-size-default\">CONTACT<\/span>\t\t\t\t<\/div>\n\t\t\t\t<\/div>\n\t\t\t\t<div class=\"elementor-element elementor-element-da877a3 elementor-align-left elementor-icon-list--layout-traditional elementor-list-item-link-full_width elementor-widget elementor-widget-icon-list\" data-id=\"da877a3\" data-element_type=\"widget\" data-widget_type=\"icon-list.default\">\n\t\t\t\t<div class=\"elementor-widget-container\">\n\t\t\t\t\t\t\t<ul class=\"elementor-icon-list-items\">\n\t\t\t\t\t\t\t<li class=\"elementor-icon-list-item\">\n\t\t\t\t\t\t\t\t\t\t\t<a href=\"https:\/\/www.google.com\/maps\/place\/ASCALE\/@40.0500449,-0.1681022,16z\/data=!4m6!3m5!1s0xd6009f2eb9a47bf:0xd4ca5a39f3f44483!8m2!3d40.0500449!4d-0.1681022!16s%2Fg%2F11rs0ttgzf?entry=ttu&#038;g_ep=EgoyMDI1MDMxOS4yIKXMDSoASAFQAw%3D%3D\">\n\n\t\t\t\t\t\t\t\t\t\t\t\t<span class=\"elementor-icon-list-icon\">\n\t\t\t\t\t\t\t<svg xmlns=\"http:\/\/www.w3.org\/2000\/svg\" width=\"20\" height=\"20\" viewBox=\"0 0 20 20\" fill=\"none\"><path fill-rule=\"evenodd\" clip-rule=\"evenodd\" d=\"M15.0304 10L5.67684 0.6464L4.96973 1.3535L13.6162 10L4.96973 18.6464L5.67684 19.3535L15.0304 10Z\" fill=\"#D9D9D9\"><\/path><\/svg>\t\t\t\t\t\t<\/span>\n\t\t\t\t\t\t\t\t\t\t<span class=\"elementor-icon-list-text\">Ctra. Castell\u00f3n 117, 12110<br> L\u2019Alcora, Castell\u00f3n<\/span>\n\t\t\t\t\t\t\t\t\t\t\t<\/a>\n\t\t\t\t\t\t\t\t\t<\/li>\n\t\t\t\t\t\t\t\t<li class=\"elementor-icon-list-item\">\n\t\t\t\t\t\t\t\t\t\t\t<a href=\"tel:+34964777700\">\n\n\t\t\t\t\t\t\t\t\t\t\t\t<span class=\"elementor-icon-list-icon\">\n\t\t\t\t\t\t\t<svg xmlns=\"http:\/\/www.w3.org\/2000\/svg\" width=\"20\" height=\"20\" viewBox=\"0 0 20 20\" fill=\"none\"><path fill-rule=\"evenodd\" clip-rule=\"evenodd\" d=\"M15.0304 10L5.67684 0.6464L4.96973 1.3535L13.6162 10L4.96973 18.6464L5.67684 19.3535L15.0304 10Z\" fill=\"#D9D9D9\"><\/path><\/svg>\t\t\t\t\t\t<\/span>\n\t\t\t\t\t\t\t\t\t\t<span class=\"elementor-icon-list-text\">+34 964 77 77 00<\/span>\n\t\t\t\t\t\t\t\t\t\t\t<\/a>\n\t\t\t\t\t\t\t\t\t<\/li>\n\t\t\t\t\t\t\t\t<li class=\"elementor-icon-list-item\">\n\t\t\t\t\t\t\t\t\t\t\t<a href=\"mailto:info@ascale.es\">\n\n\t\t\t\t\t\t\t\t\t\t\t\t<span class=\"elementor-icon-list-icon\">\n\t\t\t\t\t\t\t<svg xmlns=\"http:\/\/www.w3.org\/2000\/svg\" width=\"20\" height=\"20\" viewBox=\"0 0 20 20\" fill=\"none\"><path fill-rule=\"evenodd\" clip-rule=\"evenodd\" d=\"M15.0304 10L5.67684 0.6464L4.96973 1.3535L13.6162 10L4.96973 18.6464L5.67684 19.3535L15.0304 10Z\" fill=\"#D9D9D9\"><\/path><\/svg>\t\t\t\t\t\t<\/span>\n\t\t\t\t\t\t\t\t\t\t<span class=\"elementor-icon-list-text\">info@ascale.es<\/span>\n\t\t\t\t\t\t\t\t\t\t\t<\/a>\n\t\t\t\t\t\t\t\t\t<\/li>\n\t\t\t\t\t\t<\/ul>\n\t\t\t\t\t\t<\/div>\n\t\t\t\t<\/div>\n\t\t\t\t<div class=\"elementor-element elementor-element-032d57a elementor-widget elementor-widget-heading\" data-id=\"032d57a\" data-element_type=\"widget\" data-widget_type=\"heading.default\">\n\t\t\t\t<div class=\"elementor-widget-container\">\n\t\t\t\t\t<span class=\"elementor-heading-title elementor-size-default\"><a href=\"https:\/\/www.ascale.es\/fr\/demander-une-visite\/\">Demander une visite<\/a><\/span>\t\t\t\t<\/div>\n\t\t\t\t<\/div>\n\t\t\t\t<\/div>\n\t\t<div class=\"elementor-element elementor-element-7619e42 e-con-full e-flex e-con e-child\" data-id=\"7619e42\" data-element_type=\"container\" data-settings=\"{&quot;jet_parallax_layout_list&quot;:[]}\">\n\t\t\t\t<div class=\"elementor-element elementor-element-032bcb7 elementor-widget elementor-widget-heading\" data-id=\"032bcb7\" data-element_type=\"widget\" data-widget_type=\"heading.default\">\n\t\t\t\t<div class=\"elementor-widget-container\">\n\t\t\t\t\t<span class=\"elementor-heading-title elementor-size-default\">SUIVEZ-NOUS<\/span>\t\t\t\t<\/div>\n\t\t\t\t<\/div>\n\t\t\t\t<div class=\"elementor-element elementor-element-69e6d06 e-grid-align-left elementor-shape-rounded elementor-grid-0 elementor-widget elementor-widget-social-icons\" data-id=\"69e6d06\" data-element_type=\"widget\" data-widget_type=\"social-icons.default\">\n\t\t\t\t<div class=\"elementor-widget-container\">\n\t\t\t\t\t\t\t<div class=\"elementor-social-icons-wrapper elementor-grid\" role=\"list\">\n\t\t\t\t\t\t\t<span class=\"elementor-grid-item\" role=\"listitem\">\n\t\t\t\t\t<a class=\"elementor-icon elementor-social-icon elementor-social-icon-instagram elementor-repeater-item-9dafb96\" href=\"https:\/\/www.instagram.com\/ascaleofficial\" target=\"_blank\">\n\t\t\t\t\t\t<span class=\"elementor-screen-only\">Instagram<\/span>\n\t\t\t\t\t\t<i class=\"fab fa-instagram\"><\/i>\t\t\t\t\t<\/a>\n\t\t\t\t<\/span>\n\t\t\t\t\t\t\t<span class=\"elementor-grid-item\" role=\"listitem\">\n\t\t\t\t\t<a class=\"elementor-icon elementor-social-icon elementor-social-icon-facebook elementor-repeater-item-49d85eb\" href=\"https:\/\/www.facebook.com\/ascaleslabs\/\" target=\"_blank\">\n\t\t\t\t\t\t<span class=\"elementor-screen-only\">Facebook<\/span>\n\t\t\t\t\t\t<i class=\"fab fa-facebook\"><\/i>\t\t\t\t\t<\/a>\n\t\t\t\t<\/span>\n\t\t\t\t\t\t\t<span class=\"elementor-grid-item\" role=\"listitem\">\n\t\t\t\t\t<a class=\"elementor-icon elementor-social-icon elementor-social-icon-linkedin elementor-repeater-item-2d6ab79\" href=\"https:\/\/www.linkedin.com\/company\/ascaleoficial\/\" target=\"_blank\">\n\t\t\t\t\t\t<span class=\"elementor-screen-only\">Linkedin<\/span>\n\t\t\t\t\t\t<i class=\"fab fa-linkedin\"><\/i>\t\t\t\t\t<\/a>\n\t\t\t\t<\/span>\n\t\t\t\t\t\t\t<span class=\"elementor-grid-item\" role=\"listitem\">\n\t\t\t\t\t<a class=\"elementor-icon elementor-social-icon elementor-social-icon-pinterest elementor-repeater-item-0f841fa\" href=\"https:\/\/es.pinterest.com\/AscaleOfficial\/\" target=\"_blank\">\n\t\t\t\t\t\t<span class=\"elementor-screen-only\">Pinterest<\/span>\n\t\t\t\t\t\t<i class=\"fab fa-pinterest\"><\/i>\t\t\t\t\t<\/a>\n\t\t\t\t<\/span>\n\t\t\t\t\t<\/div>\n\t\t\t\t\t\t<\/div>\n\t\t\t\t<\/div>\n\t\t\t\t<\/div>\n\t\t\t\t<\/div>\n\t\t\t\t\t<\/div>\n\t\t\t\t<\/div>\n\t\t<div class=\"elementor-element elementor-element-75b9a36 e-con-full e-flex e-con e-parent\" data-id=\"75b9a36\" data-element_type=\"container\" data-settings=\"{&quot;jet_parallax_layout_list&quot;:[]}\">\n\t\t\t\t<div class=\"elementor-element elementor-element-310ca1b elementor-widget elementor-widget-google_maps\" data-id=\"310ca1b\" data-element_type=\"widget\" data-widget_type=\"google_maps.default\">\n\t\t\t\t<div class=\"elementor-widget-container\">\n\t\t\t\t\t\t\t<div class=\"elementor-custom-embed\">\n\t\t\t<iframe loading=\"lazy\"\n\t\t\t\t\tsrc=\"https:\/\/maps.google.com\/maps?q=Ctra.%20Castell%C3%B3n%20117%2012110%20L%E2%80%99Alcora%2C%20Castell%C3%B3n&#038;t=m&#038;z=16&#038;output=embed&#038;iwloc=near\"\n\t\t\t\t\ttitle=\"Ctra. Castell\u00f3n 117 12110 L\u2019Alcora, Castell\u00f3n\"\n\t\t\t\t\taria-label=\"Ctra. Castell\u00f3n 117 12110 L\u2019Alcora, Castell\u00f3n\"\n\t\t\t><\/iframe>\n\t\t<\/div>\n\t\t\t\t\t\t<\/div>\n\t\t\t\t<\/div>\n\t\t\t\t<\/div>\n\t\t\t\t<\/div>\n\t\t","protected":false},"excerpt":{"rendered":"<p>Contact Laissez-nous votre message O\u00f9 acheter CONTACT Ctra. Castell\u00f3n 117, 12110 L\u2019Alcora, Castell\u00f3n +34 964 77 77 00 info@ascale.es Demander une visite SUIVEZ-NOUS Instagram Facebook Linkedin Pinterest<\/p>\n","protected":false},"author":1,"featured_media":0,"parent":0,"menu_order":0,"comment_status":"closed","ping_status":"closed","template":"","meta":{"_monsterinsights_skip_tracking":false,"_monsterinsights_sitenote_active":false,"_monsterinsights_sitenote_note":"","_monsterinsights_sitenote_category":0,"footnotes":""},"class_list":["post-36143","page","type-page","status-publish","hentry"],"aioseo_notices":[],"_links":{"self":[{"href":"https:\/\/www.ascale.es\/fr\/wp-json\/wp\/v2\/pages\/36143","targetHints":{"allow":["GET"]}}],"collection":[{"href":"https:\/\/www.ascale.es\/fr\/wp-json\/wp\/v2\/pages"}],"about":[{"href":"https:\/\/www.ascale.es\/fr\/wp-json\/wp\/v2\/types\/page"}],"author":[{"embeddable":true,"href":"https:\/\/www.ascale.es\/fr\/wp-json\/wp\/v2\/users\/1"}],"replies":[{"embeddable":true,"href":"https:\/\/www.ascale.es\/fr\/wp-json\/wp\/v2\/comments?post=36143"}],"version-history":[{"count":40,"href":"https:\/\/www.ascale.es\/fr\/wp-json\/wp\/v2\/pages\/36143\/revisions"}],"predecessor-version":[{"id":79344,"href":"https:\/\/www.ascale.es\/fr\/wp-json\/wp\/v2\/pages\/36143\/revisions\/79344"}],"wp:attachment":[{"href":"https:\/\/www.ascale.es\/fr\/wp-json\/wp\/v2\/media?parent=36143"}],"curies":[{"name":"wp","href":"https:\/\/api.w.org\/{rel}","templated":true}]}}