{"id":36276,"date":"2024-09-18T13:55:07","date_gmt":"2024-09-18T11:55:07","guid":{"rendered":"https:\/\/ascale.es\/new-web\/rsc\/"},"modified":"2025-07-08T10:15:11","modified_gmt":"2025-07-08T08:15:11","slug":"rsc","status":"publish","type":"page","link":"https:\/\/www.ascale.es\/it\/rsc\/","title":{"rendered":"RSC"},"content":{"rendered":"\t\t<div data-elementor-type=\"wp-page\" data-elementor-id=\"36276\" class=\"elementor elementor-36276 elementor-28643\" data-elementor-post-type=\"page\">\n\t\t\t\t<div class=\"elementor-element elementor-element-51b259e e-flex e-con-boxed e-con e-parent\" data-id=\"51b259e\" data-element_type=\"container\" data-settings=\"{&quot;background_background&quot;:&quot;classic&quot;,&quot;jet_parallax_layout_list&quot;:[]}\">\n\t\t\t\t\t<div class=\"e-con-inner\">\n\t\t\t\t\t<\/div>\n\t\t\t\t<\/div>\n\t\t<div class=\"elementor-element elementor-element-c09ca4b page-section-first e-flex e-con-boxed e-con e-parent\" data-id=\"c09ca4b\" data-element_type=\"container\" data-settings=\"{&quot;jet_parallax_layout_list&quot;:[],&quot;background_background&quot;:&quot;classic&quot;}\">\n\t\t\t\t\t<div class=\"e-con-inner\">\n\t\t<div class=\"elementor-element elementor-element-eed9e37 e-con-full e-flex e-con e-child\" data-id=\"eed9e37\" data-element_type=\"container\" data-settings=\"{&quot;jet_parallax_layout_list&quot;:[]}\">\n\t\t\t\t<div class=\"elementor-element elementor-element-f786776 elementor-widget elementor-widget-image\" data-id=\"f786776\" data-element_type=\"widget\" data-widget_type=\"image.default\">\n\t\t\t\t<div class=\"elementor-widget-container\">\n\t\t\t\t\t\t\t\t\t\t\t\t\t\t\t<img fetchpriority=\"high\" decoding=\"async\" width=\"800\" height=\"533\" src=\"https:\/\/www.ascale.es\/wp-content\/uploads\/2025\/07\/VillarrealCF-RealMadridCF-361.webp\" class=\"attachment-large size-large wp-image-63178\" alt=\"\" srcset=\"https:\/\/www.ascale.es\/wp-content\/uploads\/2025\/07\/VillarrealCF-RealMadridCF-361.webp 2835w, https:\/\/www.ascale.es\/wp-content\/uploads\/2025\/07\/VillarrealCF-RealMadridCF-361-300x200.webp 300w, https:\/\/www.ascale.es\/wp-content\/uploads\/2025\/07\/VillarrealCF-RealMadridCF-361-768x512.webp 768w, https:\/\/www.ascale.es\/wp-content\/uploads\/2025\/07\/VillarrealCF-RealMadridCF-361-1536x1024.webp 1536w, https:\/\/www.ascale.es\/wp-content\/uploads\/2025\/07\/VillarrealCF-RealMadridCF-361-2048x1365.webp 2048w\" sizes=\"(max-width: 800px) 100vw, 800px\" \/>\t\t\t\t\t\t\t\t\t\t\t\t\t\t\t<\/div>\n\t\t\t\t<\/div>\n\t\t\t\t<\/div>\n\t\t<div class=\"elementor-element elementor-element-ef0501b e-con-full grupo-texto e-flex e-con e-child\" data-id=\"ef0501b\" data-element_type=\"container\" data-settings=\"{&quot;jet_parallax_layout_list&quot;:[]}\">\n\t\t\t\t<div class=\"elementor-element elementor-element-9f37b8c elementor-widget elementor-widget-image\" data-id=\"9f37b8c\" data-element_type=\"widget\" data-widget_type=\"image.default\">\n\t\t\t\t<div class=\"elementor-widget-container\">\n\t\t\t\t\t\t\t\t\t\t\t\t\t\t\t<img decoding=\"async\" width=\"250\" height=\"250\" src=\"https:\/\/www.ascale.es\/wp-content\/uploads\/2025\/04\/Sin-titulo-250-x-250-px.png\" class=\"attachment-large size-large wp-image-50491\" alt=\"\" srcset=\"https:\/\/www.ascale.es\/wp-content\/uploads\/2025\/04\/Sin-titulo-250-x-250-px.png 250w, https:\/\/www.ascale.es\/wp-content\/uploads\/2025\/04\/Sin-titulo-250-x-250-px-150x150.png 150w\" sizes=\"(max-width: 250px) 100vw, 250px\" \/>\t\t\t\t\t\t\t\t\t\t\t\t\t\t\t<\/div>\n\t\t\t\t<\/div>\n\t\t\t\t<div class=\"elementor-element elementor-element-a79bd1e elementor-widget elementor-widget-heading\" data-id=\"a79bd1e\" data-element_type=\"widget\" data-widget_type=\"heading.default\">\n\t\t\t\t<div class=\"elementor-widget-container\">\n\t\t\t\t\t<span class=\"elementor-heading-title elementor-size-default\">SIAMO VILLARREAL<\/span>\t\t\t\t<\/div>\n\t\t\t\t<\/div>\n\t\t\t\t<div class=\"elementor-element elementor-element-dbcfe58 elementor-widget elementor-widget-text-editor\" data-id=\"dbcfe58\" data-element_type=\"widget\" data-widget_type=\"text-editor.default\">\n\t\t\t\t<div class=\"elementor-widget-container\">\n\t\t\t\t\t\t\t\t\t<p>ASCALE \u00e8 orgogliosa della partnership con la societ\u00e0 sportiva Villarreal CF. Questa collaborazione celebra i valori condivisi di impegno ed eccellenza, che sono al centro sia del nostro lavoro che della passione della societ\u00e0.<\/p><p>Uniti nel nostro impegno, guardiamo al futuro con ottimismo, fiduciosi che questa unione sar\u00e0 la guida del progresso e dell&#8217;orgoglio a ogni passo che intraprenderemo insieme.<\/p>\t\t\t\t\t\t\t\t<\/div>\n\t\t\t\t<\/div>\n\t\t\t\t<\/div>\n\t\t\t\t\t<\/div>\n\t\t\t\t<\/div>\n\t\t<div class=\"elementor-element elementor-element-229cbfd page-section e-flex e-con-boxed e-con e-parent\" data-id=\"229cbfd\" data-element_type=\"container\" data-settings=\"{&quot;jet_parallax_layout_list&quot;:[],&quot;background_background&quot;:&quot;classic&quot;}\">\n\t\t\t\t\t<div class=\"e-con-inner\">\n\t\t<div class=\"elementor-element elementor-element-4123ae1 e-con-full grupo-texto e-flex e-con e-child\" data-id=\"4123ae1\" data-element_type=\"container\" data-settings=\"{&quot;jet_parallax_layout_list&quot;:[]}\">\n\t\t\t\t<div class=\"elementor-element elementor-element-2a7b961 elementor-widget elementor-widget-text-editor\" data-id=\"2a7b961\" data-element_type=\"widget\" data-widget_type=\"text-editor.default\">\n\t\t\t\t<div class=\"elementor-widget-container\">\n\t\t\t\t\t\t\t\t\t<p>ASCALE \u00e8 anche sponsor ufficiale dell\u2019<strong>Aspar Team<\/strong> di motociclismo e della squadra di pallavolo <strong>Pamesa Voleibol Teruel<\/strong>. Condividiamo l&#8217;impegno per l&#8217;eccellenza e lo sforzo, cercando ispirazione e progresso in ogni disciplina. Queste alleanze riflettono la nostra dedizione al progresso e celebrano lo spirito di miglioramento dello sport.<\/p>\t\t\t\t\t\t\t\t<\/div>\n\t\t\t\t<\/div>\n\t\t\t\t<\/div>\n\t\t<div class=\"elementor-element elementor-element-9274d3b e-con-full grupo-texto e-grid e-con e-child\" data-id=\"9274d3b\" data-element_type=\"container\" data-settings=\"{&quot;jet_parallax_layout_list&quot;:[]}\">\n\t\t\t\t<div class=\"elementor-element elementor-element-a703a46 elementor-widget elementor-widget-image\" data-id=\"a703a46\" data-element_type=\"widget\" data-widget_type=\"image.default\">\n\t\t\t\t<div class=\"elementor-widget-container\">\n\t\t\t\t\t\t\t\t\t\t\t\t\t\t\t<img decoding=\"async\" width=\"283\" height=\"121\" src=\"https:\/\/www.ascale.es\/wp-content\/uploads\/2024\/09\/logo-negro.png\" class=\"attachment-large size-large wp-image-32264\" alt=\"\" \/>\t\t\t\t\t\t\t\t\t\t\t\t\t\t\t<\/div>\n\t\t\t\t<\/div>\n\t\t\t\t<div class=\"elementor-element elementor-element-38b1068 elementor-widget elementor-widget-image\" data-id=\"38b1068\" data-element_type=\"widget\" data-widget_type=\"image.default\">\n\t\t\t\t<div class=\"elementor-widget-container\">\n\t\t\t\t\t\t\t\t\t\t\t\t\t\t\t<img loading=\"lazy\" decoding=\"async\" width=\"272\" height=\"165\" src=\"https:\/\/www.ascale.es\/wp-content\/uploads\/2025\/04\/Diseno-sin-titulo-3.png\" class=\"attachment-large size-large wp-image-50504\" alt=\"\" \/>\t\t\t\t\t\t\t\t\t\t\t\t\t\t\t<\/div>\n\t\t\t\t<\/div>\n\t\t\t\t<\/div>\n\t\t\t\t\t<\/div>\n\t\t\t\t<\/div>\n\t\t<div class=\"elementor-element elementor-element-d8bc147 page-section e-flex e-con-boxed e-con e-parent\" data-id=\"d8bc147\" data-element_type=\"container\" data-settings=\"{&quot;jet_parallax_layout_list&quot;:[],&quot;background_background&quot;:&quot;classic&quot;}\">\n\t\t\t\t\t<div class=\"e-con-inner\">\n\t\t<div class=\"elementor-element elementor-element-79bd951 e-con-full grupo-texto e-flex e-con e-child\" data-id=\"79bd951\" data-element_type=\"container\" data-settings=\"{&quot;jet_parallax_layout_list&quot;:[]}\">\n\t\t\t\t<div class=\"elementor-element elementor-element-a1a48c0 elementor-widget elementor-widget-heading\" data-id=\"a1a48c0\" data-element_type=\"widget\" data-widget_type=\"heading.default\">\n\t\t\t\t<div class=\"elementor-widget-container\">\n\t\t\t\t\t<span class=\"elementor-heading-title elementor-size-default\">Fabbrica dei sogni<\/span>\t\t\t\t<\/div>\n\t\t\t\t<\/div>\n\t\t\t\t<div class=\"elementor-element elementor-element-a99206e elementor-widget elementor-widget-text-editor\" data-id=\"a99206e\" data-element_type=\"widget\" data-widget_type=\"text-editor.default\">\n\t\t\t\t<div class=\"elementor-widget-container\">\n\t\t\t\t\t\t\t\t\t<p>In Gruppo Pamesa promuoviamo l&#8217;inclusione sociale attraverso azioni concrete, come la nostra &#8220;fabbrica dei sogni&#8221;. Qui, le persone con disabilit\u00e0 svolgono un ruolo chiave nella creazione delle nostre reti e mosaici trencad\u00eds. Ogni pezzo riflette il loro talento e la loro dedizione, trasformando le nostre differenze in una fonte di creativit\u00e0 e arte.<\/p><p>Apprezziamo profondamente il modo in cui la collaborazione e l&#8217;impegno congiunto arricchiscono il nostro lavoro e ci consentono di muoverci verso un futuro pi\u00f9 inclusivo.<\/p>\t\t\t\t\t\t\t\t<\/div>\n\t\t\t\t<\/div>\n\t\t\t\t<\/div>\n\t\t<div class=\"elementor-element elementor-element-715094f e-con-full grupo-texto e-flex e-con e-child\" data-id=\"715094f\" data-element_type=\"container\" data-settings=\"{&quot;jet_parallax_layout_list&quot;:[]}\">\n\t\t\t\t<div class=\"elementor-element elementor-element-c0881e3 elementor-widget elementor-widget-video\" data-id=\"c0881e3\" data-element_type=\"widget\" data-settings=\"{&quot;video_type&quot;:&quot;hosted&quot;,&quot;autoplay&quot;:&quot;yes&quot;,&quot;mute&quot;:&quot;yes&quot;,&quot;controls&quot;:&quot;yes&quot;}\" data-widget_type=\"video.default\">\n\t\t\t\t<div class=\"elementor-widget-container\">\n\t\t\t\t\t\t\t<div class=\"e-hosted-video elementor-wrapper elementor-open-inline\">\n\t\t\t\t\t<video class=\"elementor-video\" src=\"https:\/\/www.ascale.es\/wp-content\/uploads\/2024\/09\/grupo_pamesa_-_fabrica_de_suenos-1080p.mp4\" autoplay=\"\" controls=\"\" muted=\"muted\" controlsList=\"nodownload\"><\/video>\n\t\t\t\t<\/div>\n\t\t\t\t\t\t<\/div>\n\t\t\t\t<\/div>\n\t\t\t\t<\/div>\n\t\t\t\t\t<\/div>\n\t\t\t\t<\/div>\n\t\t\t\t<\/div>\n\t\t","protected":false},"excerpt":{"rendered":"<p>SIAMO VILLARREAL ASCALE \u00e8 orgogliosa della partnership con la societ\u00e0 sportiva Villarreal CF. Questa collaborazione celebra i valori condivisi di impegno ed eccellenza, che sono al centro sia del nostro lavoro che della passione della societ\u00e0. Uniti nel nostro impegno, guardiamo al futuro con ottimismo, fiduciosi che questa unione sar\u00e0 la guida del progresso e [&hellip;]<\/p>\n","protected":false},"author":1,"featured_media":0,"parent":0,"menu_order":0,"comment_status":"closed","ping_status":"closed","template":"elementor_header_footer","meta":{"_monsterinsights_skip_tracking":false,"_monsterinsights_sitenote_active":false,"_monsterinsights_sitenote_note":"","_monsterinsights_sitenote_category":0,"footnotes":""},"class_list":["post-36276","page","type-page","status-publish","hentry"],"aioseo_notices":[],"_links":{"self":[{"href":"https:\/\/www.ascale.es\/it\/wp-json\/wp\/v2\/pages\/36276","targetHints":{"allow":["GET"]}}],"collection":[{"href":"https:\/\/www.ascale.es\/it\/wp-json\/wp\/v2\/pages"}],"about":[{"href":"https:\/\/www.ascale.es\/it\/wp-json\/wp\/v2\/types\/page"}],"author":[{"embeddable":true,"href":"https:\/\/www.ascale.es\/it\/wp-json\/wp\/v2\/users\/1"}],"replies":[{"embeddable":true,"href":"https:\/\/www.ascale.es\/it\/wp-json\/wp\/v2\/comments?post=36276"}],"version-history":[{"count":15,"href":"https:\/\/www.ascale.es\/it\/wp-json\/wp\/v2\/pages\/36276\/revisions"}],"predecessor-version":[{"id":63194,"href":"https:\/\/www.ascale.es\/it\/wp-json\/wp\/v2\/pages\/36276\/revisions\/63194"}],"wp:attachment":[{"href":"https:\/\/www.ascale.es\/it\/wp-json\/wp\/v2\/media?parent=36276"}],"curies":[{"name":"wp","href":"https:\/\/api.w.org\/{rel}","templated":true}]}}