{"id":36366,"date":"2024-08-30T01:54:15","date_gmt":"2024-08-29T23:54:15","guid":{"rendered":"https:\/\/ascale.es\/new-web\/aviso-legal\/"},"modified":"2025-09-19T12:32:04","modified_gmt":"2025-09-19T10:32:04","slug":"aviso-legal","status":"publish","type":"page","link":"https:\/\/www.ascale.es\/it\/aviso-legal\/","title":{"rendered":"Avvertenze legali"},"content":{"rendered":"\t\t<div data-elementor-type=\"wp-page\" data-elementor-id=\"36366\" class=\"elementor elementor-36366 elementor-26392\" data-elementor-post-type=\"page\">\n\t\t\t\t<div class=\"elementor-element elementor-element-7336528b e-flex e-con-boxed e-con e-parent\" data-id=\"7336528b\" data-element_type=\"container\" data-e-type=\"container\" data-settings=\"{&quot;jet_parallax_layout_list&quot;:[]}\">\n\t\t\t\t\t<div class=\"e-con-inner\">\n\t\t\t\t<div class=\"elementor-element elementor-element-52eba48 elementor-widget elementor-widget-heading\" data-id=\"52eba48\" data-element_type=\"widget\" data-e-type=\"widget\" data-widget_type=\"heading.default\">\n\t\t\t\t<div class=\"elementor-widget-container\">\n\t\t\t\t\t<h2 class=\"elementor-heading-title elementor-size-default\">Avvertenze legali<\/h2>\t\t\t\t<\/div>\n\t\t\t\t<\/div>\n\t\t\t\t<div class=\"elementor-element elementor-element-144deca0 elementor-widget elementor-widget-text-editor\" data-id=\"144deca0\" data-element_type=\"widget\" data-e-type=\"widget\" data-widget_type=\"text-editor.default\">\n\t\t\t\t<div class=\"elementor-widget-container\">\n\t\t\t\t\t\t\t\t\t<h5>1. INFORMAZIONI LEGALI<\/h5><p>In conformit\u00e0 con il dovere di informazione stabilito dall\u2019Articolo 10 della Legge 34\/2002 sui Servizi della Societ\u00e0 dell\u2019Informazione e sul Commercio Elettronico, vi informiamo che il proprietario del sito web <a href=\"https:\/\/www.ascale.es\/\">https:\/\/www.ascale.es<\/a> (di seguito, il \u201cSito Web\u201d) \u00e8 <strong>ASCALE ELITE S.L.U.<\/strong> I dati identificativi e di contatto del proprietario del sito web sono i seguenti:<\/p><ul><li>Nome della societ\u00e0: <strong>ASCALE ELITE S.L.U.<\/strong><\/li><li>Codice fiscale (NIF): <strong>B56480981<\/strong><\/li><li>Indirizzo: <strong>Castell\u00f3n 117 (Partida Foyes Ferraes 5D), 12110 Alcora, Castell\u00f3n, Spagna<\/strong><\/li><li>Informazioni sul Registro delle Imprese:<\/li><li>Email: <strong><a href=\"mailto:info@ascale.es\">info@ascale.es<\/a><\/strong><\/li><li>Telefono di contatto: <a href=\"tel:+34964777700\"><strong>+34 964 77 77 00<\/strong><\/a><\/li><\/ul><h5>2. FINALIT\u00c0 E AMBITO DI APPLICAZIONE<\/h5><p><strong>2.1.<\/strong> Questo Avviso Legale stabilisce le condizioni generali di utilizzo che regolano l\u2019accesso, la navigazione e l\u2019utilizzo del Sito Web, nonch\u00e9 le responsabilit\u00e0 derivanti dall\u2019uso dei suoi contenuti. Inoltre, la fornitura di determinati servizi o attivit\u00e0 nell\u2019ambito del Sito Web pu\u00f2 essere soggetta a condizioni specifiche che possono sostituire, integrare e\/o modificare queste condizioni generali di utilizzo.<\/p><p><strong>2.2.<\/strong> Questo Sito Web \u00e8 un servizio messo a disposizione da ASCALE ELITE S.L.U. agli utenti di Internet a scopo informativo, con l\u2019obiettivo principale di stabilire un contatto con gli utenti interessati all\u2019attivit\u00e0 di ASCALE ELITE. Il Sito Web non offre vendite online dei suoi prodotti; fornisce invece informazioni sul processo di acquisto che pu\u00f2 essere effettuato presso le sue strutture.<\/p><p><strong>2.3.<\/strong> L\u2019accesso e l\u2019uso di questo Sito Web conferiscono al visitatore lo status di <strong>UTENTE<\/strong> e implicano l\u2019accettazione piena e incondizionata, da tale accesso e\/o uso, di ciascuna condizione di utilizzo inclusa in questo Avviso Legale, nella versione pubblicata al momento dell\u2019accesso. A tali fini, <strong>UTENTE<\/strong> indica qualsiasi persona che accede, naviga, utilizza o partecipa ai servizi e alle attivit\u00e0 sviluppate sul Sito Web.<\/p><p><strong>2.4.<\/strong> L\u2019UTENTE si impegna a fare un corretto uso del Sito Web in conformit\u00e0 alle leggi applicabili, alla buona fede, all\u2019ordine pubblico, alle consuetudini e a questo Avviso Legale, e sar\u00e0 responsabile verso ASCALE ELITE S.L.U. e verso terzi per eventuali danni derivanti dalla mancata osservanza di tale obbligo.<\/p><h5>3. ACCESSO E UTILIZZO DEL SITO WEB<\/h5><p><strong>3.1.<\/strong> L\u2019accesso a questo Sito Web \u00e8 libero e aperto, fatta eccezione per il costo della connessione alla rete di telecomunicazioni fornita dall\u2019operatore contrattuale dell\u2019UTENTE.<\/p><p data-start=\"204\" data-end=\"368\"><strong data-start=\"204\" data-end=\"212\">3.2.<\/strong> L\u2019UTENTE si assume la responsabilit\u00e0 dell\u2019uso del Sito Web e si impegna a utilizzare i contenuti in modo diligente e legale. In particolare, l\u2019UTENTE si impegna a non:<\/p><ul data-start=\"369\" data-end=\"1930\" data-is-last-node=\"\" data-is-only-node=\"\"><li data-start=\"369\" data-end=\"464\"><p data-start=\"371\" data-end=\"464\">Utilizzare false identit\u00e0 o impersonare altri utenti nell\u2019uso del Sito Web o dei suoi servizi.<\/p><\/li><li data-start=\"465\" data-end=\"833\"><p data-start=\"467\" data-end=\"833\">Introdurre virus informatici o compiere azioni suscettibili di alterare, danneggiare, interrompere o generare errori nei documenti elettronici, dati o sistemi fisici e logici di ASCALE ELITE S.L.U. o di terzi, nonch\u00e9 ostacolare l\u2019accesso di altri utenti consumando massivamente le risorse informatiche attraverso le quali ASCALE ELITE S.L.U. fornisce i propri servizi.<\/p><\/li><li data-start=\"834\" data-end=\"912\"><p data-start=\"836\" data-end=\"912\">Tentare di accedere e, se del caso, utilizzare gli account email di altri utenti.<\/p><\/li><li data-start=\"913\" data-end=\"1168\"><p data-start=\"915\" data-end=\"1168\">Riprodurre, copiare, distribuire, rendere disponibili o altrimenti comunicare pubblicamente, trasformare o modificare i contenuti del Sito Web per scopi commerciali, su qualsiasi supporto e mediante qualsiasi mezzo tecnico, senza la previa autorizzazione espressa del titolare dei diritti.<\/p><\/li><li data-start=\"1169\" data-end=\"1302\"><p data-start=\"1171\" data-end=\"1302\">Introdurre o incorporare, come propria attivit\u00e0 commerciale o professionale, i contenuti e\/o i servizi presentati su questo Sito Web.<\/p><\/li><li data-start=\"1303\" data-end=\"1399\"><p data-start=\"1305\" data-end=\"1399\">Violare qualsiasi diritto di propriet\u00e0 intellettuale o industriale derivante dai contenuti del Sito Web.<\/p><\/li><li data-start=\"1400\" data-end=\"1665\"><p data-start=\"1402\" data-end=\"1665\">Utilizzare i contenuti e\/o le informazioni ottenute tramite questo Sito Web per scopi pubblicitari o promozionali, per inviare pubblicit\u00e0 di qualsiasi tipo e comunicazioni per vendite o altri scopi commerciali, o per raccogliere, commercializzare o divulgare tali informazioni in qualsiasi modo.<\/p><\/li><li data-start=\"1666\" data-end=\"1930\" data-is-last-node=\"\"><p data-start=\"1668\" data-end=\"1930\" data-is-last-node=\"\">Utilizzare questo Sito Web, o i contenuti e\/o servizi ottenuti su di esso, per svolgere attivit\u00e0 contrarie alla legge, alla morale, ai buoni costumi o all\u2019ordine pubblico, o per scopi o effetti illeciti, vietati o dannosi che ledano i diritti e gli interessi di terzi.<\/p><\/li><\/ul><h5>4. PROTEZIONE DEI DATI PERSONALI<\/h5><p><strong>4.1.<\/strong> ASCALE ELITE S.L.U. si impegna a trattare i dati personali in modo da rispettare i diritti dei loro titolari, e in conformit\u00e0 con le normative sulla protezione dei dati vigenti in ogni momento.<\/p><p><strong>4.2.<\/strong> Nella sezione \u201cPolitica sulla Privacy\u201d (<a href=\"https:\/\/www.ascale.es\/politica-de-privacidad\/\">https:\/\/www.ascale.es\/politica-de-privacidad\/<br \/><\/a>) del Sito Web, agli UTENTI vengono forniti permanentemente le informazioni legali o la politica sulla privacy relative alle varie attivit\u00e0 di trattamento dei dati svolte da ASCALE ELITE S.L.U. in relazione alla gestione dei dati degli utenti del sito web.<\/p><p><strong>4.3.<\/strong> Qualora l\u2019UTENTE compili volontariamente uno dei moduli di raccolta dati online disponibili sul Sito Web per accedere a determinati servizi o contenuti, si impegna a fornire informazioni accurate e veritiere, nonch\u00e9 a comunicare ad ASCALE ELITE S.L.U. eventuali modifiche delle stesse. Salvo diversa indicazione espressa, i dati richiesti nei nostri moduli sono necessari per elaborare la richiesta.<\/p><p>In ogni caso, il modulo online pertinente per la raccolta dei dati personali dell\u2019UTENTE includer\u00e0 un link all\u2019informativa sulla privacy corrispondente applicabile al trattamento dei dati personali forniti. L\u2019accettazione espressa di detta informativa da parte dell\u2019UTENTE sar\u00e0 richiesta affinch\u00e9 il modulo sia considerato debitamente compilato e il processo di invio completato. Il contenuto di tale politica sulla privacy pu\u00f2 essere modificato per adattarlo ai cambiamenti legislativi, nonch\u00e9 ai criteri e posizioni emesse dalle Autorit\u00e0 competenti per la Protezione dei Dati.<\/p><p><strong>4.4.<\/strong> Se un UTENTE fornisce dati personali di altri individui, \u00e8 obbligato a rispettare tutti gli obblighi derivanti dalle normative sulla protezione dei dati applicabili in relazione a tali dati, in particolare il dovere di informare e ottenere il consenso del soggetto dei dati.<\/p><p><strong>4.5.<\/strong> I minori di 14 anni non sono autorizzati a fornire dati personali tramite il Sito Web, ed \u00e8 richiesta l\u2019autorizzazione preventiva espressa dei genitori o tutori. In ogni caso, questo Sito Web non \u00e8 rivolto ai minori.<\/p><h5>5. PROPRIET\u00c0 INTELLETTUALE E INDUSTRIALE<\/h5><p><strong>5.1.<\/strong> Tutti gli elementi del Sito Web (inclusi, a titolo esemplificativo ma non esaustivo, codici sorgente, basi di dati, design, immagini, fotografie, disegni, grafica, animazioni, applicazioni, motori di ricerca, pagine, loghi, marchi e nomi commerciali) sono di propriet\u00e0 di ASCALE ELITE S.L.U. o le sono stati concessi in licenza (salvo indicazione espressa contraria). Pertanto, i diritti di paternit\u00e0 e di sfruttamento in tutte le loro forme e ambiti sono protetti dalle leggi nazionali e internazionali sulla propriet\u00e0 intellettuale e industriale, la cui violazione costituisce attivit\u00e0 illecita e penale.<\/p><p><strong>5.2.<\/strong> In nessun caso si intender\u00e0 che l\u2019accesso e la navigazione dell\u2019UTENTE sul Sito Web comportino rinuncia, trasferimento, licenza o cessione totale o parziale di tali diritti da parte di ASCALE ELITE S.L.U., n\u00e9 che conferiscano all\u2019UTENTE alcun diritto di utilizzo, traduzione, adattamento, alterazione, sfruttamento, riproduzione, distribuzione o comunicazione pubblica a fini commerciali di tali contenuti, senza previa autorizzazione espressa di ASCALE ELITE S.L.U. o del titolare dei diritti. La mancata osservanza di quanto sopra autorizza ASCALE ELITE S.L.U. o i titolari dei diritti corrispondenti a intraprendere azioni legali appropriate.<\/p><p><strong>5.3.<\/strong> \u00c8 vietata la distribuzione, modifica, trasferimento o comunicazione pubblica dei contenuti, cos\u00ec come qualsiasi altro atto non espressamente autorizzato dal titolare dei diritti.<\/p><p><strong>5.4.<\/strong> La riproduzione (stampa e download) di estratti dei contenuti del Sito Web \u00e8 autorizzata solo se effettuata per uso personale o privato, o per scopi di ricerca o studio.<\/p><h5>6. MARCHI<\/h5><p>Tutti i marchi, loghi ed emblemi visualizzati su questo Sito Web sono di propriet\u00e0 di ASCALE ELITE S.L.U. o di societ\u00e0 terze. L\u2019uso, senza il consenso preventivo, di qualsiasi elemento di questo Sito Web protetto dalla normativa sulla propriet\u00e0 industriale applicabile \u00e8 espressamente vietato. In particolare, marchi, nomi commerciali, insegne, nomi, loghi, slogan o qualsiasi segno distintivo appartenente al Proprietario non possono essere utilizzati.<\/p><h5>7. ESCLUSIONE DI GARANZIE E RESPONSABILIT\u00c0<\/h5><p><strong>7.1.<\/strong> Il contenuto di questo Sito Web \u00e8 destinato a scopi informativi e a stabilire un canale di comunicazione con gli UTENTI. ASCALE ELITE S.L.U. non garantisce pienamente l\u2019accesso a tutti i contenuti, n\u00e9 la loro completezza, correttezza, validit\u00e0 o tempestivit\u00e0, n\u00e9 la loro idoneit\u00e0 o utilit\u00e0 per uno scopo specifico. ASCALE ELITE S.L.U. esclude, nei limiti consentiti dalla legge, qualsiasi responsabilit\u00e0 per danni di qualsiasi tipo derivanti da, ma non limitati a: errori o omissioni nei contenuti, mancanza di disponibilit\u00e0 del Sito Web, o trasmissione di virus o programmi dannosi nei contenuti. Tuttavia, ASCALE ELITE S.L.U. dichiara di aver adottato tutte le misure necessarie, nei limiti delle proprie possibilit\u00e0 e della tecnologia disponibile, per garantire il funzionamento del Sito Web e prevenire l\u2019esistenza e la trasmissione di virus e altri componenti dannosi agli UTENTI.<\/p><p><strong>7.2.<\/strong> ASCALE ELITE S.L.U. non \u00e8 responsabile dell\u2019uso che l\u2019UTENTE fa dei servizi e dei contenuti del Sito Web. L\u2019UTENTE riconosce e accetta che l\u2019uso del Sito Web, cos\u00ec come dei suoi servizi e contenuti, avviene a proprio esclusivo rischio e responsabilit\u00e0.<\/p><p><strong>7.3.<\/strong> L\u2019UTENTE sar\u00e0 l\u2019unico responsabile dei contributi e dei commenti che effettua su questo Sito Web. ASCALE ELITE S.L.U. si riserva il diritto di rimuovere quelli che, a suo giudizio, ritiene inappropriati, senza assumersi responsabilit\u00e0 per i commenti pubblicati dagli UTENTI.<\/p><h5>8. LINK<\/h5><p><strong>8.1.<\/strong> Nel caso in cui il Sito Web contenga link o collegamenti ad altri siti web, ASCALE ELITE S.L.U. non esercita alcun controllo su tali siti e contenuti. In nessun caso ASCALE ELITE S.L.U. assume responsabilit\u00e0 per i contenuti dei siti web esterni collegati, n\u00e9 garantisce la disponibilit\u00e0 tecnica, qualit\u00e0, affidabilit\u00e0, accuratezza, ampiezza, veridicit\u00e0, legalit\u00e0 o validit\u00e0 di qualsiasi materiale o informazione in essi contenuti. A questo riguardo, se gli UTENTI hanno conoscenza effettiva di attivit\u00e0 illecite svolte tramite tali siti web di terzi, devono informare immediatamente ASCALE ELITE S.L.U. affinch\u00e9 il link di accesso possa essere disabilitato.<\/p><p><strong>8.2.<\/strong> Allo stesso modo, l\u2019inclusione di qualsiasi tipo di link da parte di ASCALE ELITE S.L.U. ad altri siti web non implica alcun tipo di relazione, associazione, collaborazione o dipendenza tra ASCALE ELITE S.L.U. e il proprietario del sito web esterno.<\/p><h5>9. DIRITTO DI ESCLUSIONE<\/h5><p>ASCALE ELITE S.L.U. si riserva il diritto di negare o ritirare l\u2019accesso a questo Sito Web e\/o ai contenuti e servizi offerti in esso, senza preavviso, agli UTENTI che non rispettano queste condizioni generali di utilizzo o eventuali condizioni particolari che possono essere stabilite.<\/p><h5>10. DISPOSIZIONI GENERALI<\/h5><p><strong>10.1.<\/strong> In caso di discrepanza tra le disposizioni di queste condizioni generali di utilizzo e le condizioni specifiche di ciascun servizio particolare, prevalgono queste ultime.<\/p><p><strong>10.2.<\/strong> Se una qualsiasi disposizione o contenuto di questo Avviso Legale fosse dichiarato nullo o inapplicabile, in tutto o in parte, da una decisione finale di un Tribunale competente, tale nullit\u00e0 o inapplicabilit\u00e0 non influir\u00e0 sulle restanti disposizioni delle condizioni di utilizzo, che rimarranno valide in ogni aspetto.<\/p><p><strong>10.3.<\/strong> La mancata esercitazione o applicazione da parte di ASCALE ELITE S.L.U. di qualsiasi diritto o disposizione contenuta in queste condizioni di utilizzo non costituisce rinuncia allo stesso, salvo che venga riconosciuto e concordato per iscritto.<\/p><p><strong>10.4.<\/strong> ASCALE ELITE S.L.U. pu\u00f2 modificare, in tutto o in parte, in qualsiasi momento, le condizioni qui indicate, e tali modifiche avranno effetto dal momento della loro pubblicazione su questo Sito Web.<\/p><h5>11. SOCIAL MEDIA<\/h5><p>ASCALE ELITE S.L.U. pu\u00f2 attualmente o in futuro essere presente su piattaforme di social media dove ritiene opportuno stabilire una presenza.<\/p><p>Questi spazi saranno considerati ufficiali, con ASCALE ELITE S.L.U. che non assume responsabilit\u00e0 per l\u2019uso o i contenuti forniti in altri account o spazi aperti sui social media da terzi. ASCALE ELITE S.L.U. non assume responsabilit\u00e0 neanche per l\u2019uso o i contenuti forniti attraverso account o spazi aperti dai suoi rappresentanti pubblici, creati privatamente o tramite partiti politici o altri gruppi a cui possono appartenere.<\/p><p>ASCALE ELITE S.L.U., come amministratore dei propri spazi su tali reti, pu\u00f2 decidere di non pubblicare e\/o cancellare qualsiasi contenuto pubblicato in essi.<\/p><p>In ogni caso, l\u2019UTENTE \u00e8 l\u2019unico responsabile dei contenuti che pu\u00f2 pubblicare sui social network di ASCALE ELITE S.L.U. I termini e condizioni generali di utilizzo del Sito Web si applicano pienamente ai social network, fatto salvo quanto previsto dai termini, condizioni o politiche stabilite dal social network stesso.<\/p><p>Inoltre, si noti che il Sito Web pu\u00f2 integrare plugin o componenti aggiuntivi dei social network, nel qual caso si dovr\u00e0 considerare quanto segue:<\/p><ul><li>Se sei registrato come utente del social network (Facebook, Twitter (\u201cX\u201d), Instagram, ecc.) e durante la visita a questo Sito Web sei connesso a uno di tali network, cliccando sui loro plugin, il social network ricever\u00e0 l\u2019informazione che hai visitato il Sito Web. Fornir\u00e0 inoltre informazioni sul tuo profilo utente del social network (nome, email, foto, ecc.).<\/li><li>Se non sei registrato sul social network, o non sei connesso durante la visita al Sito Web, il social network pu\u00f2 comunque ricevere e memorizzare il tuo indirizzo IP.<\/li><li>Se non vuoi che un social network raccolga dati personali o li condivida con noi o con terzi, controlla l\u2019informativa sulla privacy del social network corrispondente e disconnettiti prima di visitare questo Sito Web. Puoi anche eliminare eventuali cookie installati dal social network sul tuo computer utilizzando le funzioni del tuo browser.<\/li><\/ul><h5>12. LEGGE APPLICABILE E GIURISDIZIONE<\/h5><p>Il rapporto tra ASCALE ELITE S.L.U. e l\u2019UTENTE sar\u00e0 regolato dalla legge spagnola vigente, e qualsiasi controversia sar\u00e0 sottoposta ai tribunali di Castell\u00f3n.<\/p>\t\t\t\t\t\t\t\t<\/div>\n\t\t\t\t<\/div>\n\t\t\t\t\t<\/div>\n\t\t\t\t<\/div>\n\t\t\t\t<\/div>\n\t\t","protected":false},"excerpt":{"rendered":"<p>1. INFORMAZIONI LEGALI In conformit\u00e0 con il dovere di informazione stabilito dall\u2019Articolo 10 della Legge 34\/2002 sui Servizi della Societ\u00e0 dell\u2019Informazione e sul Commercio Elettronico, vi informiamo che il proprietario del sito web https:\/\/www.ascale.es (di seguito, il \u201cSito Web\u201d) \u00e8 ASCALE ELITE S.L.U. I dati identificativi e di contatto del proprietario del sito web sono [&hellip;]<\/p>\n","protected":false},"author":1,"featured_media":0,"parent":0,"menu_order":0,"comment_status":"closed","ping_status":"closed","template":"","meta":{"_monsterinsights_skip_tracking":false,"_monsterinsights_sitenote_active":false,"_monsterinsights_sitenote_note":"","_monsterinsights_sitenote_category":0,"footnotes":""},"class_list":["post-36366","page","type-page","status-publish","hentry"],"aioseo_notices":[],"_links":{"self":[{"href":"https:\/\/www.ascale.es\/it\/wp-json\/wp\/v2\/pages\/36366","targetHints":{"allow":["GET"]}}],"collection":[{"href":"https:\/\/www.ascale.es\/it\/wp-json\/wp\/v2\/pages"}],"about":[{"href":"https:\/\/www.ascale.es\/it\/wp-json\/wp\/v2\/types\/page"}],"author":[{"embeddable":true,"href":"https:\/\/www.ascale.es\/it\/wp-json\/wp\/v2\/users\/1"}],"replies":[{"embeddable":true,"href":"https:\/\/www.ascale.es\/it\/wp-json\/wp\/v2\/comments?post=36366"}],"version-history":[{"count":9,"href":"https:\/\/www.ascale.es\/it\/wp-json\/wp\/v2\/pages\/36366\/revisions"}],"predecessor-version":[{"id":69207,"href":"https:\/\/www.ascale.es\/it\/wp-json\/wp\/v2\/pages\/36366\/revisions\/69207"}],"wp:attachment":[{"href":"https:\/\/www.ascale.es\/it\/wp-json\/wp\/v2\/media?parent=36366"}],"curies":[{"name":"wp","href":"https:\/\/api.w.org\/{rel}","templated":true}]}}