{"id":36379,"date":"2024-08-30T01:54:00","date_gmt":"2024-08-29T23:54:00","guid":{"rendered":"https:\/\/ascale.es\/new-web\/politica-de-privacidad\/"},"modified":"2025-10-21T12:51:15","modified_gmt":"2025-10-21T10:51:15","slug":"politica-de-privacidad","status":"publish","type":"page","link":"https:\/\/www.ascale.es\/it\/politica-de-privacidad\/","title":{"rendered":"Pol\u00edtica de privacidad"},"content":{"rendered":"\t\t<div data-elementor-type=\"wp-page\" data-elementor-id=\"36379\" class=\"elementor elementor-36379 elementor-26393\" data-elementor-post-type=\"page\">\n\t\t\t\t<div class=\"elementor-element elementor-element-5e0936ec e-flex e-con-boxed e-con e-parent\" data-id=\"5e0936ec\" data-element_type=\"container\" data-settings=\"{&quot;jet_parallax_layout_list&quot;:[]}\">\n\t\t\t\t\t<div class=\"e-con-inner\">\n\t\t\t\t<div class=\"elementor-element elementor-element-d70c3da elementor-widget elementor-widget-heading\" data-id=\"d70c3da\" data-element_type=\"widget\" data-widget_type=\"heading.default\">\n\t\t\t\t<div class=\"elementor-widget-container\">\n\t\t\t\t\t<h2 class=\"elementor-heading-title elementor-size-default\">Pol\u00edtica de privacidad<\/h2>\t\t\t\t<\/div>\n\t\t\t\t<\/div>\n\t\t\t\t<div class=\"elementor-element elementor-element-7cfa8d59 elementor-widget elementor-widget-text-editor\" data-id=\"7cfa8d59\" data-element_type=\"widget\" data-widget_type=\"text-editor.default\">\n\t\t\t\t<div class=\"elementor-widget-container\">\n\t\t\t\t\t\t\t\t\t<p>A continuaci\u00f3n, describimos el tratamiento de sus datos personales y los derechos que le asisten con arreglo a la normativa vigente de protecci\u00f3n de datos -Reglamento (UE) 2016\/679 del Parlamento Europeo y del Consejo de 27 de de abril de 2016, relativo a la protecci\u00f3n de las personas f\u00edsicas en lo que respecta al tratamiento de datos personales (en adelante, \u201cRGPD\u201d), y la Ley Org\u00e1nica 3\/2018, de 5 de diciembre, de Protecci\u00f3n de Datos Personales y garant\u00eda de los derechos digitales (en adelante, \u201cLOPDGDD\u201d).<\/p><p>\u00a0<\/p><ol><li><strong> Responsable del tratamiento y datos de contacto<\/strong>. La entidad responsable del tratamiento de sus datos ASCALE ELITE S.L.U, con domicilio social en Ctra.Castell\u00f3n 117 (Partida Foyes Ferraes 5D) 12110 Alcora, Castell\u00f3n, Spain. Encaso de que lo desee, puede contactar con nosotros a trav\u00e9s del correo electr\u00f3nico en la siguiente direcci\u00f3n\u00a0<a href=\"mailto:lopd@ascale.es\">lopd@ascale.es<\/a>o bien a trav\u00e9s de la direcci\u00f3n postal anteriormente descrita.<\/li><li><strong> \u00bfCon qu\u00e9 finalidad(es) trataremos sus datos y sobre qu\u00e9 base jur\u00eddica?<\/strong>Sus datos personales se tratan, de conformidad con lo dispuesto en el RGPD, sobre la base legal y con las finalidades que a continuaci\u00f3n se\u00f1alamos:<\/li><\/ol><p>a) Consentimiento del interesado. El tratamiento de sus datos personales se realizar\u00e1, siempre y cuando nos haya dado su consentimiento, a trav\u00e9s de la marcaci\u00f3n de la correspondiente casilla de aceptaci\u00f3n a la presente Pol\u00edtica de Privacidad situada en cada formulario, con las siguientes finalidades, en funci\u00f3n del formulario completado en cada caso y de los consentimientos que nos haya prestado:<\/p><ul><li><strong>Formulario de contacto:<\/strong> Dar respuesta, en primera instancia, a las consultas, solicitudes, comentarios, dudas, quejas o cualquier otra inquietud que nos haya hecho llegar a trav\u00e9s del formulario de contacto.<\/li><li><strong>Suscripci\u00f3n a la newsletter:<\/strong> Remitirle de manera peri\u00f3dica la newsletter a trav\u00e9s de medios electr\u00f3nicos.<\/li><li><strong>Formulario \u201cTrabaja en Ascale\u201d:<\/strong> Atender su solicitud para participar en procesos de selecci\u00f3n de personal.<\/li><li><strong>Registro de garant\u00eda:<\/strong> Gestionar el registro de su producto en la web para hacer efectiva la garant\u00eda, as\u00ed como gestionar, en su caso, reclamaciones relacionadas con el producto.<\/li><\/ul><p>\u00a0<\/p><p><i><span data-olk-copy-source=\"MessageBody\">b) Ejecuci\u00f3n contractual. El tratamiento de sus datos se realizar\u00e1 en base a la necesidad para la ejecuci\u00f3n de un contrato en el que el interesado es parte o para la aplicaci\u00f3n a petici\u00f3n de este de medidas precontractuales.<\/span><\/i><\/p><p>\u00b7<i>Participaci\u00f3n en sorteos: Gestionar su participaci\u00f3n conforme a las Bases Legales del sorteo.<\/i><\/p><p>\u00b7<i>Registro de garant\u00eda:\u00a0Gestionar el registro de su producto en la web para hacer efectiva la garant\u00eda, as\u00ed como gestionar, en su caso, reclamaciones relacionadas con el producto.<\/i><\/p><p><i>c) Inter\u00e9s leg\u00edtimo. En base a los intereses leg\u00edtimos de ASCALE, sus datos podr\u00e1n ser tratados con los siguientes fines:<\/i><\/p><p>\u00b7<i>Env\u00edo de comunicaciones comerciales. El env\u00edo de comunicaciones comerciales a los titulares de garant\u00edas, por de cualquier medio, incluyendo los electr\u00f3nicos (email, WhatsApp, SMS, etc.), relativas a productos de ASCALE, similares a los previamente adquiridos por el cliente, de conformidad con lo dispuesto en la Ley 34\/2002, de servicios de la sociedad de la informaci\u00f3n y de comercio electr\u00f3nico. Podr\u00e1 oponerse a recibir este tipo de comunicaciones en cualquier momento.<\/i><\/p><p>Adem\u00e1s, incluimos un enlace al canal de denuncias, redirigi\u00e9ndole a https:\/\/www.pamesagrupoempresarial.com\/canal-de-denuncias\/ . Puede consultar la pol\u00edtica de privacidad de PAMESA GRUPO EMPRESARIAL, S.L.U. en el siguiente enlace: <a href=\"https:\/\/www.pamesagrupoempresarial.com\/politica-de-privacidad\/\">https:\/\/www.pamesagrupoempresarial.com\/politica-de-privacidad\/<\/a><\/p><p>Usted podr\u00e1 revocar en cualquier momento su consentimiento. Esto es aplicable igualmente en caso de que su consentimiento fuera otorgado antes de la entrada en vigor del RGPD. Cabe destacar que la oposici\u00f3n a un determinado tratamiento y la revocaci\u00f3n del consentimiento no tienen car\u00e1cter retroactivo.<\/p><ol start=\"3\"><li><strong> Decisiones individuales automatizadas y creaci\u00f3n de perfiles.<\/strong> No utilizamos procesos de toma de decisiones completamente automatizados de acuerdo con lo descrito en el art\u00edculo 22 del RGPD. En caso de que puntualmente empleemos este procedimiento, usted ser\u00e1 informado de ello y tendr\u00e1 derecho a obtener la intervenci\u00f3n humana en la toma de decisi\u00f3n.<\/li><li><strong> \u00bfA qu\u00e9 destinatarios se comunicar\u00e1n sus datos?<\/strong>Para llevar a cabo todas las finalidades anteriormente descritas, ASCALE ELITE, S.L.U. cuenta con la colaboraci\u00f3n de terceros proveedores de servicios que pueden tener acceso a los datos personales como consecuencia de la ejecuci\u00f3n de los servicios contratados. En cualquier caso, ASCALE ELITE, S.L.U. sigue unos criterios estrictos de selecci\u00f3n de dichos terceros con el fin de dar cumplimiento a sus obligaciones en protecci\u00f3n de datos y firma con ellos su correspondiente contrato de encargado de tratamiento conforme al art\u00edculo 28 RGPD, donde estos terceros se obligan a cumplir con sus obligaciones en protecci\u00f3n de datos, y en concreto, a cumplir con las medidas jur\u00eddicas, t\u00e9cnicas y organizativas, al tratamiento de los datos personales para las finalidades pactadas, y la prohibici\u00f3n de tratar dichos datos personales para otras finalidades o cesi\u00f3n a terceros.<\/li><\/ol><p>Adicionalmente, ASCALE ELITE, S.L.U. podr\u00e1 comunicar los datos de car\u00e1cter personal y cualquier otra informaci\u00f3n del usuario cuando le sea requerida por autoridades p\u00fablicas u otros organismos competentes, en cumplimiento de una obligaci\u00f3n legal de comunicaci\u00f3n.<\/p><p>Sus datos no ser\u00e1n objeto de transferencias internacionales, salvo lo dispuesto en la Pol\u00edtica de Cookies.<\/p><ol start=\"5\"><li><strong> \u00bfCu\u00e1nto tiempo conservaremos sus datos?\u00a0<\/strong>ASCALE ELITE, S.L.U. cumplir\u00e1 lo dispuesto en la normativa vigente en cuanto al deber de supresi\u00f3n de la informaci\u00f3n personal una vez alcanzada la finalidad perseguida, o bien cuando revoque su consentimiento para el tratamiento de la misma, quedando a disposici\u00f3n exclusiva de Jueces y Tribunales, el Ministerio Fiscal o las Administraciones P\u00fablicas competentes para la atenci\u00f3n de las posibles responsabilidades nacidas del tratamiento, y solo durante los plazos de descripci\u00f3n de dichas responsabilidades. Una vez transcurran dichos plazos, se eliminar\u00e1 definitivamente esa informaci\u00f3n mediante m\u00e9todos seguros.<\/li><li><strong> \u00bfC\u00f3mo hemos obtenido sus datos?<\/strong>Los datos personales que ASCALE ELITE, S.L.U. trata son los datos personales recabados a trav\u00e9s de los formularios habilitados en la p\u00e1gina web.<\/li><li><strong> \u00bfCu\u00e1les son sus derechos cuando nos facilita sus datos?<\/strong>De acuerdo con lo dispuesto en el RGPD, as\u00ed como en la LOPDGDD, usted tiene derecho a ejercitar, si as\u00ed lo desea, los derechos de acceso, rectificaci\u00f3n y supresi\u00f3n de datos, as\u00ed como solicitar que se limite el tratamiento de sus datos personales, oponerse al mismo, solicitar la portabilidad de sus datos, as\u00ed como no ser objeto de decisiones individuales automatizadas.<\/li><\/ol><p>Adicionalmente, en caso de que el tratamiento de datos personales descrito se base en el consentimiento prestado por su parte, usted puede revocar en cualquier momento dicho consentimiento. En este sentido, cabe destacar que la revocaci\u00f3n del consentimiento prestado no afectar\u00e1 a la licitud del tratamiento realizado con anterioridad a la retirada de dicho consentimiento.<\/p><p>Usted puede ejercitar los derechos anteriormente descritos a trav\u00e9s de los siguientes canales, aportando, en caso necesario, la documentaci\u00f3n necesaria que nos permita verificar su identidad:<\/p><ol><li>Por escrito, mediante solicitud dirigida a Ctra. Castell\u00f3n 117 (Partida Foyes Ferraes 5D) 12110 Alcora, Castell\u00f3n, Spain.<\/li><li>Mediante correo electr\u00f3nico a la siguientedirecci\u00f3n\u00a0<a href=\"mailto:lopd@ascale.es\">lopd@ascale.es<\/a><\/li><\/ol><p>\u00a0<\/p><ol start=\"8\"><li><strong> \u00bfAnte qui\u00e9n puede ejercitar sus reclamaciones?<\/strong>En caso de que entienda que se han visto vulnerados sus derechos en materia de protecci\u00f3n de datos o tenga cualquier reclamaci\u00f3n relativa a su informaci\u00f3n personal usted podr\u00e1 dirigirse al Delegado de Protecci\u00f3n de Datos, cuyos datos de contacto puede encontrar en el apartado 1.<\/li><\/ol><p>En cualquier caso, los interesados siempre podr\u00e1n acudir ante la Agencia Espa\u00f1ola de Protecci\u00f3n de Datos, autoridad de control en materia de protecci\u00f3n de datos,\u00a0<a href=\"https:\/\/www.agpd.es\/\">https:\/\/www.agpd.es<\/a>, C\/Jorge Juan n\u00famero 5, 28001, Madrid.<\/p><ol start=\"9\"><li><strong> Cookies<\/strong><\/li><\/ol><p>ASCALE ELITE S.L.U puede recopilar informaci\u00f3n enviada por los interesados autom\u00e1ticamente en relaci\u00f3n con nuestra p\u00e1gina web, a trav\u00e9s de dispositivos de almacenamiento y recuperaci\u00f3n de datos (\u201cCookies\u201d), siempre y cuando el usuario haya dado su consentimiento previo para ello de acuerdo con lo que se indica en la ventana emergente del navegador del usuario cuando accede por primera vez a la Web y en los dem\u00e1s t\u00e9rminos y condiciones que se indican en la Pol\u00edtica de Cookies: <a href=\"https:\/\/www.ascale.es\/cookie-policy-eu\/\">https:\/\/www.ascale.es\/cookie-policy-eu\/<\/a><\/p><ol start=\"10\"><li><strong> Cambios en la Pol\u00edtica de Privacidad<\/strong><\/li><\/ol><p>Es posible que actualicemos esta Pol\u00edtica, por lo que le recomendamos revisarla peri\u00f3dicamente con el objetivo de estar adecuadamente informado sobre c\u00f3mo y para qu\u00e9 tratamos sus datos personales.<\/p><p>\u00daltima actualizaci\u00f3n de la pol\u00edtica: 31 de julio de 2025<\/p>\t\t\t\t\t\t\t\t<\/div>\n\t\t\t\t<\/div>\n\t\t\t\t\t<\/div>\n\t\t\t\t<\/div>\n\t\t\t\t<\/div>\n\t\t","protected":false},"excerpt":{"rendered":"<p>A continuaci\u00f3n, describimos el tratamiento de sus datos personales y los derechos que le asisten con arreglo a la normativa vigente de protecci\u00f3n de datos -Reglamento (UE) 2016\/679 del Parlamento Europeo y del Consejo de 27 de de abril de 2016, relativo a la protecci\u00f3n de las personas f\u00edsicas en lo que respecta al tratamiento [&hellip;]<\/p>\n","protected":false},"author":1,"featured_media":0,"parent":0,"menu_order":0,"comment_status":"closed","ping_status":"closed","template":"","meta":{"_monsterinsights_skip_tracking":false,"_monsterinsights_sitenote_active":false,"_monsterinsights_sitenote_note":"","_monsterinsights_sitenote_category":0,"footnotes":""},"class_list":["post-36379","page","type-page","status-publish","hentry"],"aioseo_notices":[],"_links":{"self":[{"href":"https:\/\/www.ascale.es\/it\/wp-json\/wp\/v2\/pages\/36379","targetHints":{"allow":["GET"]}}],"collection":[{"href":"https:\/\/www.ascale.es\/it\/wp-json\/wp\/v2\/pages"}],"about":[{"href":"https:\/\/www.ascale.es\/it\/wp-json\/wp\/v2\/types\/page"}],"author":[{"embeddable":true,"href":"https:\/\/www.ascale.es\/it\/wp-json\/wp\/v2\/users\/1"}],"replies":[{"embeddable":true,"href":"https:\/\/www.ascale.es\/it\/wp-json\/wp\/v2\/comments?post=36379"}],"version-history":[{"count":27,"href":"https:\/\/www.ascale.es\/it\/wp-json\/wp\/v2\/pages\/36379\/revisions"}],"predecessor-version":[{"id":71915,"href":"https:\/\/www.ascale.es\/it\/wp-json\/wp\/v2\/pages\/36379\/revisions\/71915"}],"wp:attachment":[{"href":"https:\/\/www.ascale.es\/it\/wp-json\/wp\/v2\/media?parent=36379"}],"curies":[{"name":"wp","href":"https:\/\/api.w.org\/{rel}","templated":true}]}}