{"id":39323,"date":"2024-08-08T12:32:30","date_gmt":"2024-08-08T10:32:30","guid":{"rendered":"https:\/\/ascale.es\/colecciones\/"},"modified":"2026-04-08T18:20:14","modified_gmt":"2026-04-08T16:20:14","slug":"colecoes","status":"publish","type":"page","link":"https:\/\/www.ascale.es\/pt-pt\/colecoes\/","title":{"rendered":"Cole\u00e7\u00f5es"},"content":{"rendered":"\t\t<div data-elementor-type=\"wp-page\" data-elementor-id=\"39323\" class=\"elementor elementor-39323 elementor-20132\" data-elementor-post-type=\"page\">\n\t\t\t\t<div class=\"elementor-element elementor-element-46a9206 page-section-first e-flex e-con-boxed e-con e-parent\" data-id=\"46a9206\" data-element_type=\"container\" data-settings=\"{&quot;jet_parallax_layout_list&quot;:[]}\">\n\t\t\t\t\t<div class=\"e-con-inner\">\n\t\t<div class=\"elementor-element elementor-element-0da0cbb e-con-full e-flex e-con e-child\" data-id=\"0da0cbb\" data-element_type=\"container\" data-settings=\"{&quot;jet_parallax_layout_list&quot;:[]}\">\n\t\t\t\t<div class=\"elementor-element elementor-element-203696f elementor-widget elementor-widget-heading\" data-id=\"203696f\" data-element_type=\"widget\" data-widget_type=\"heading.default\">\n\t\t\t\t<div class=\"elementor-widget-container\">\n\t\t\t\t\t<span class=\"elementor-heading-title elementor-size-default\">COLE\u00c7\u00d5ES <\/span>\t\t\t\t<\/div>\n\t\t\t\t<\/div>\n\t\t\t\t<div class=\"elementor-element elementor-element-e780fe8 elementor-widget elementor-widget-heading\" data-id=\"e780fe8\" data-element_type=\"widget\" data-widget_type=\"heading.default\">\n\t\t\t\t<div class=\"elementor-widget-container\">\n\t\t\t\t\t<span class=\"elementor-heading-title elementor-size-default\">DESCOBRIR OS CONTE\u00daDOS QUE O INSPIRAM<\/span>\t\t\t\t<\/div>\n\t\t\t\t<\/div>\n\t\t\t\t<\/div>\n\t\t<div class=\"elementor-element elementor-element-fde2129 e-con-full e-flex e-con e-child\" data-id=\"fde2129\" data-element_type=\"container\" data-settings=\"{&quot;jet_parallax_layout_list&quot;:[]}\">\n\t\t\t\t<div class=\"elementor-element elementor-element-31c9d5f elementor-widget elementor-widget-spacer\" data-id=\"31c9d5f\" data-element_type=\"widget\" data-widget_type=\"spacer.default\">\n\t\t\t\t<div class=\"elementor-widget-container\">\n\t\t\t\t\t\t\t<div class=\"elementor-spacer\">\n\t\t\t<div class=\"elementor-spacer-inner\"><\/div>\n\t\t<\/div>\n\t\t\t\t\t\t<\/div>\n\t\t\t\t<\/div>\n\t\t\t\t<div class=\"elementor-element elementor-element-47e70e9 elementor-widget elementor-widget-text-editor\" data-id=\"47e70e9\" data-element_type=\"widget\" data-widget_type=\"text-editor.default\">\n\t\t\t\t<div class=\"elementor-widget-container\">\n\t\t\t\t\t\t\t\t\t<p>Queremos dar vida ao seu projeto. Descubra a versatilidade e a resist\u00eancia das nossas colec\u00e7\u00f5es. Temos o material perfeito para cada tipo de espa\u00e7o e para cada necessidade.<\/p><p>Aventure-se a descobri-los todos.<\/p>\t\t\t\t\t\t\t\t<\/div>\n\t\t\t\t<\/div>\n\t\t\t\t<div class=\"elementor-element elementor-element-5264e27 elementor-widget elementor-widget-button\" data-id=\"5264e27\" data-element_type=\"widget\" data-widget_type=\"button.default\">\n\t\t\t\t<div class=\"elementor-widget-container\">\n\t\t\t\t\t\t\t\t\t<div class=\"elementor-button-wrapper\">\n\t\t\t\t\t<a class=\"elementor-button elementor-button-link elementor-size-sm\" href=\"https:\/\/www.ascale.es\/pt-pt\/productos\/\">\n\t\t\t\t\t\t<span class=\"elementor-button-content-wrapper\">\n\t\t\t\t\t\t<span class=\"elementor-button-icon\">\n\t\t\t\t<svg xmlns=\"http:\/\/www.w3.org\/2000\/svg\" width=\"29\" height=\"29\" viewBox=\"0 0 29 29\" fill=\"none\"><circle cx=\"14.5\" cy=\"14.5\" r=\"14.5\" fill=\"#D9D9D9\"><\/circle><path fill-rule=\"evenodd\" clip-rule=\"evenodd\" d=\"M14 14V6H15V14L23 14V15L15 15V23H14V15L6 15V14L14 14Z\" fill=\"white\"><\/path><\/svg>\t\t\t<\/span>\n\t\t\t\t\t\t\t\t\t<span class=\"elementor-button-text\">Ver todos<\/span>\n\t\t\t\t\t<\/span>\n\t\t\t\t\t<\/a>\n\t\t\t\t<\/div>\n\t\t\t\t\t\t\t\t<\/div>\n\t\t\t\t<\/div>\n\t\t\t\t<\/div>\n\t\t\t\t\t<\/div>\n\t\t\t\t<\/div>\n\t\t<div class=\"elementor-element elementor-element-bf95e0b page-section e-flex e-con-boxed e-con e-parent\" data-id=\"bf95e0b\" data-element_type=\"container\" data-settings=\"{&quot;jet_parallax_layout_list&quot;:[]}\">\n\t\t\t\t\t<div class=\"e-con-inner\">\n\t\t\t\t<div class=\"elementor-element elementor-element-2eff51a elementor-widget elementor-widget-jet-listing-grid\" data-id=\"2eff51a\" data-element_type=\"widget\" data-settings=\"{&quot;columns&quot;:&quot;auto&quot;,&quot;columns_tablet&quot;:&quot;auto&quot;,&quot;columns_mobile&quot;:&quot;1&quot;,&quot;column_min_width&quot;:200}\" data-widget_type=\"jet-listing-grid.default\">\n\t\t\t\t<div class=\"elementor-widget-container\">\n\t\t\t\t\t<div class=\"jet-listing-grid jet-listing\"><div class=\"jet-listing-grid__items grid-col-desk-auto grid-col-tablet-auto grid-col-mobile-1 jet-listing-grid--21883 jet-equal-columns__wrapper\" data-queried-id=\"39323|WP_Post\" data-nav=\"{&quot;enabled&quot;:false,&quot;type&quot;:null,&quot;more_el&quot;:null,&quot;query&quot;:[],&quot;widget_settings&quot;:{&quot;lisitng_id&quot;:21883,&quot;posts_num&quot;:30,&quot;columns&quot;:&quot;auto&quot;,&quot;columns_tablet&quot;:&quot;auto&quot;,&quot;columns_mobile&quot;:1,&quot;column_min_width&quot;:200,&quot;column_min_width_tablet&quot;:240,&quot;column_min_width_mobile&quot;:240,&quot;inline_columns_css&quot;:false,&quot;is_archive_template&quot;:&quot;&quot;,&quot;post_status&quot;:[&quot;publish&quot;],&quot;use_random_posts_num&quot;:&quot;&quot;,&quot;max_posts_num&quot;:9,&quot;not_found_message&quot;:&quot;No data was found&quot;,&quot;is_masonry&quot;:false,&quot;equal_columns_height&quot;:&quot;yes&quot;,&quot;use_load_more&quot;:&quot;&quot;,&quot;load_more_id&quot;:&quot;&quot;,&quot;load_more_type&quot;:&quot;click&quot;,&quot;load_more_offset&quot;:{&quot;unit&quot;:&quot;px&quot;,&quot;size&quot;:0,&quot;sizes&quot;:[]},&quot;use_custom_post_types&quot;:&quot;&quot;,&quot;custom_post_types&quot;:[],&quot;hide_widget_if&quot;:&quot;&quot;,&quot;carousel_enabled&quot;:&quot;&quot;,&quot;slides_to_scroll&quot;:&quot;1&quot;,&quot;arrows&quot;:&quot;true&quot;,&quot;arrow_icon&quot;:&quot;fa fa-angle-left&quot;,&quot;dots&quot;:&quot;&quot;,&quot;autoplay&quot;:&quot;true&quot;,&quot;pause_on_hover&quot;:&quot;true&quot;,&quot;autoplay_speed&quot;:5000,&quot;infinite&quot;:&quot;true&quot;,&quot;center_mode&quot;:&quot;&quot;,&quot;effect&quot;:&quot;slide&quot;,&quot;speed&quot;:500,&quot;inject_alternative_items&quot;:&quot;&quot;,&quot;injection_items&quot;:[],&quot;scroll_slider_enabled&quot;:&quot;&quot;,&quot;scroll_slider_on&quot;:[&quot;desktop&quot;,&quot;tablet&quot;,&quot;mobile&quot;],&quot;custom_query&quot;:&quot;yes&quot;,&quot;custom_query_id&quot;:&quot;23&quot;,&quot;_element_id&quot;:&quot;&quot;,&quot;collapse_first_last_gap&quot;:false,&quot;list_tag_selection&quot;:&quot;&quot;,&quot;list_items_wrapper_tag&quot;:&quot;div&quot;,&quot;list_item_tag&quot;:&quot;div&quot;,&quot;empty_items_wrapper_tag&quot;:&quot;div&quot;}}\" data-page=\"1\" data-pages=\"1\" data-listing-source=\"query\" data-listing-id=\"21883\" data-query-id=\"23\"><div class=\"jet-listing-grid__item jet-listing-dynamic-post-211 jet-equal-columns\" data-post-id=\"211\"  >\t\t<div data-elementor-type=\"jet-listing-items\" data-elementor-id=\"21883\" class=\"elementor elementor-21883\" data-elementor-post-type=\"jet-engine\">\n\t\t\t\t<a class=\"elementor-element elementor-element-0b3687e e-con-full e-flex e-con e-parent\" data-id=\"0b3687e\" data-element_type=\"container\" data-settings=\"{&quot;jet_parallax_layout_list&quot;:[],&quot;background_background&quot;:&quot;classic&quot;}\" href=\"https:\/\/www.ascale.es\/pt-pt\/colecciones\/bodytech-pt\/\">\n\t\t\t\t<div class=\"elementor-element elementor-element-63b6b2f elementor-widget elementor-widget-image\" data-id=\"63b6b2f\" data-element_type=\"widget\" data-widget_type=\"image.default\">\n\t\t\t\t<div class=\"elementor-widget-container\">\n\t\t\t\t\t\t\t\t\t\t\t\t\t\t\t<img fetchpriority=\"high\" decoding=\"async\" width=\"800\" height=\"365\" src=\"https:\/\/www.ascale.es\/wp-content\/uploads\/2026\/04\/bodytech.webp\" class=\"attachment-large size-large wp-image-85153\" alt=\"\" srcset=\"https:\/\/www.ascale.es\/wp-content\/uploads\/2026\/04\/bodytech.webp 1920w, https:\/\/www.ascale.es\/wp-content\/uploads\/2026\/04\/bodytech-300x137.webp 300w, https:\/\/www.ascale.es\/wp-content\/uploads\/2026\/04\/bodytech-768x351.webp 768w, https:\/\/www.ascale.es\/wp-content\/uploads\/2026\/04\/bodytech-1536x702.webp 1536w\" sizes=\"(max-width: 800px) 100vw, 800px\" \/>\t\t\t\t\t\t\t\t\t\t\t\t\t\t\t<\/div>\n\t\t\t\t<\/div>\n\t\t<div class=\"elementor-element elementor-element-fc3f65c e-con-full overlay e-flex e-con e-child\" data-id=\"fc3f65c\" data-element_type=\"container\" data-settings=\"{&quot;jet_parallax_layout_list&quot;:[],&quot;position&quot;:&quot;absolute&quot;}\">\n\t\t\t\t<div class=\"elementor-element elementor-element-e081410 elementor-widget elementor-widget-heading\" data-id=\"e081410\" data-element_type=\"widget\" data-widget_type=\"heading.default\">\n\t\t\t\t<div class=\"elementor-widget-container\">\n\t\t\t\t\t<h3 class=\"elementor-heading-title elementor-size-default\">Bodytech<\/h3>\t\t\t\t<\/div>\n\t\t\t\t<\/div>\n\t\t\t\t<\/div>\n\t\t\t\t<\/a>\n\t\t\t\t<\/div>\n\t\t<\/div><div class=\"jet-listing-grid__item jet-listing-dynamic-post-212 jet-equal-columns\" data-post-id=\"212\"  >\t\t<div data-elementor-type=\"jet-listing-items\" data-elementor-id=\"21883\" class=\"elementor elementor-21883\" data-elementor-post-type=\"jet-engine\">\n\t\t\t\t<a class=\"elementor-element elementor-element-0b3687e e-con-full e-flex e-con e-parent\" data-id=\"0b3687e\" data-element_type=\"container\" data-settings=\"{&quot;jet_parallax_layout_list&quot;:[],&quot;background_background&quot;:&quot;classic&quot;}\" href=\"https:\/\/www.ascale.es\/pt-pt\/colecciones\/luxury-pt\/\">\n\t\t\t\t<div class=\"elementor-element elementor-element-63b6b2f elementor-widget elementor-widget-image\" data-id=\"63b6b2f\" data-element_type=\"widget\" data-widget_type=\"image.default\">\n\t\t\t\t<div class=\"elementor-widget-container\">\n\t\t\t\t\t\t\t\t\t\t\t\t\t\t\t<img decoding=\"async\" width=\"800\" height=\"365\" src=\"https:\/\/www.ascale.es\/wp-content\/uploads\/2026\/04\/luxury.webp\" class=\"attachment-large size-large wp-image-85177\" alt=\"\" srcset=\"https:\/\/www.ascale.es\/wp-content\/uploads\/2026\/04\/luxury.webp 1920w, https:\/\/www.ascale.es\/wp-content\/uploads\/2026\/04\/luxury-300x137.webp 300w, https:\/\/www.ascale.es\/wp-content\/uploads\/2026\/04\/luxury-768x351.webp 768w, https:\/\/www.ascale.es\/wp-content\/uploads\/2026\/04\/luxury-1536x702.webp 1536w\" sizes=\"(max-width: 800px) 100vw, 800px\" \/>\t\t\t\t\t\t\t\t\t\t\t\t\t\t\t<\/div>\n\t\t\t\t<\/div>\n\t\t<div class=\"elementor-element elementor-element-fc3f65c e-con-full overlay e-flex e-con e-child\" data-id=\"fc3f65c\" data-element_type=\"container\" data-settings=\"{&quot;jet_parallax_layout_list&quot;:[],&quot;position&quot;:&quot;absolute&quot;}\">\n\t\t\t\t<div class=\"elementor-element elementor-element-e081410 elementor-widget elementor-widget-heading\" data-id=\"e081410\" data-element_type=\"widget\" data-widget_type=\"heading.default\">\n\t\t\t\t<div class=\"elementor-widget-container\">\n\t\t\t\t\t<h3 class=\"elementor-heading-title elementor-size-default\">Luxury<\/h3>\t\t\t\t<\/div>\n\t\t\t\t<\/div>\n\t\t\t\t<\/div>\n\t\t\t\t<\/a>\n\t\t\t\t<\/div>\n\t\t<\/div><div class=\"jet-listing-grid__item jet-listing-dynamic-post-215 jet-equal-columns\" data-post-id=\"215\"  >\t\t<div data-elementor-type=\"jet-listing-items\" data-elementor-id=\"21883\" class=\"elementor elementor-21883\" data-elementor-post-type=\"jet-engine\">\n\t\t\t\t<a class=\"elementor-element elementor-element-0b3687e e-con-full e-flex e-con e-parent\" data-id=\"0b3687e\" data-element_type=\"container\" data-settings=\"{&quot;jet_parallax_layout_list&quot;:[],&quot;background_background&quot;:&quot;classic&quot;}\" href=\"https:\/\/www.ascale.es\/pt-pt\/colecciones\/marmore\/\">\n\t\t\t\t<div class=\"elementor-element elementor-element-63b6b2f elementor-widget elementor-widget-image\" data-id=\"63b6b2f\" data-element_type=\"widget\" data-widget_type=\"image.default\">\n\t\t\t\t<div class=\"elementor-widget-container\">\n\t\t\t\t\t\t\t\t\t\t\t\t\t\t\t<img decoding=\"async\" width=\"800\" height=\"365\" src=\"https:\/\/www.ascale.es\/wp-content\/uploads\/2026\/04\/marble.webp\" class=\"attachment-large size-large wp-image-85185\" alt=\"\" srcset=\"https:\/\/www.ascale.es\/wp-content\/uploads\/2026\/04\/marble.webp 1920w, https:\/\/www.ascale.es\/wp-content\/uploads\/2026\/04\/marble-300x137.webp 300w, https:\/\/www.ascale.es\/wp-content\/uploads\/2026\/04\/marble-768x351.webp 768w, https:\/\/www.ascale.es\/wp-content\/uploads\/2026\/04\/marble-1536x702.webp 1536w\" sizes=\"(max-width: 800px) 100vw, 800px\" \/>\t\t\t\t\t\t\t\t\t\t\t\t\t\t\t<\/div>\n\t\t\t\t<\/div>\n\t\t<div class=\"elementor-element elementor-element-fc3f65c e-con-full overlay e-flex e-con e-child\" data-id=\"fc3f65c\" data-element_type=\"container\" data-settings=\"{&quot;jet_parallax_layout_list&quot;:[],&quot;position&quot;:&quot;absolute&quot;}\">\n\t\t\t\t<div class=\"elementor-element elementor-element-e081410 elementor-widget elementor-widget-heading\" data-id=\"e081410\" data-element_type=\"widget\" data-widget_type=\"heading.default\">\n\t\t\t\t<div class=\"elementor-widget-container\">\n\t\t\t\t\t<h3 class=\"elementor-heading-title elementor-size-default\">M\u00e1rmore<\/h3>\t\t\t\t<\/div>\n\t\t\t\t<\/div>\n\t\t\t\t<\/div>\n\t\t\t\t<\/a>\n\t\t\t\t<\/div>\n\t\t<\/div><div class=\"jet-listing-grid__item jet-listing-dynamic-post-216 jet-equal-columns\" data-post-id=\"216\"  >\t\t<div data-elementor-type=\"jet-listing-items\" data-elementor-id=\"21883\" class=\"elementor elementor-21883\" data-elementor-post-type=\"jet-engine\">\n\t\t\t\t<a class=\"elementor-element elementor-element-0b3687e e-con-full e-flex e-con e-parent\" data-id=\"0b3687e\" data-element_type=\"container\" data-settings=\"{&quot;jet_parallax_layout_list&quot;:[],&quot;background_background&quot;:&quot;classic&quot;}\" href=\"https:\/\/www.ascale.es\/pt-pt\/colecciones\/pedras\/\">\n\t\t\t\t<div class=\"elementor-element elementor-element-63b6b2f elementor-widget elementor-widget-image\" data-id=\"63b6b2f\" data-element_type=\"widget\" data-widget_type=\"image.default\">\n\t\t\t\t<div class=\"elementor-widget-container\">\n\t\t\t\t\t\t\t\t\t\t\t\t\t\t\t<img loading=\"lazy\" decoding=\"async\" width=\"800\" height=\"365\" src=\"https:\/\/www.ascale.es\/wp-content\/uploads\/2026\/04\/stone-2.webp\" class=\"attachment-large size-large wp-image-86285\" alt=\"\" srcset=\"https:\/\/www.ascale.es\/wp-content\/uploads\/2026\/04\/stone-2.webp 1920w, https:\/\/www.ascale.es\/wp-content\/uploads\/2026\/04\/stone-2-300x137.webp 300w, https:\/\/www.ascale.es\/wp-content\/uploads\/2026\/04\/stone-2-768x351.webp 768w, https:\/\/www.ascale.es\/wp-content\/uploads\/2026\/04\/stone-2-1536x702.webp 1536w\" sizes=\"(max-width: 800px) 100vw, 800px\" \/>\t\t\t\t\t\t\t\t\t\t\t\t\t\t\t<\/div>\n\t\t\t\t<\/div>\n\t\t<div class=\"elementor-element elementor-element-fc3f65c e-con-full overlay e-flex e-con e-child\" data-id=\"fc3f65c\" data-element_type=\"container\" data-settings=\"{&quot;jet_parallax_layout_list&quot;:[],&quot;position&quot;:&quot;absolute&quot;}\">\n\t\t\t\t<div class=\"elementor-element elementor-element-e081410 elementor-widget elementor-widget-heading\" data-id=\"e081410\" data-element_type=\"widget\" data-widget_type=\"heading.default\">\n\t\t\t\t<div class=\"elementor-widget-container\">\n\t\t\t\t\t<h3 class=\"elementor-heading-title elementor-size-default\">Pedras<\/h3>\t\t\t\t<\/div>\n\t\t\t\t<\/div>\n\t\t\t\t<\/div>\n\t\t\t\t<\/a>\n\t\t\t\t<\/div>\n\t\t<\/div><div class=\"jet-listing-grid__item jet-listing-dynamic-post-217 jet-equal-columns\" data-post-id=\"217\"  >\t\t<div data-elementor-type=\"jet-listing-items\" data-elementor-id=\"21883\" class=\"elementor elementor-21883\" data-elementor-post-type=\"jet-engine\">\n\t\t\t\t<a class=\"elementor-element elementor-element-0b3687e e-con-full e-flex e-con e-parent\" data-id=\"0b3687e\" data-element_type=\"container\" data-settings=\"{&quot;jet_parallax_layout_list&quot;:[],&quot;background_background&quot;:&quot;classic&quot;}\" href=\"https:\/\/www.ascale.es\/pt-pt\/colecciones\/cimento\/\">\n\t\t\t\t<div class=\"elementor-element elementor-element-63b6b2f elementor-widget elementor-widget-image\" data-id=\"63b6b2f\" data-element_type=\"widget\" data-widget_type=\"image.default\">\n\t\t\t\t<div class=\"elementor-widget-container\">\n\t\t\t\t\t\t\t\t\t\t\t\t\t\t\t<img loading=\"lazy\" decoding=\"async\" width=\"800\" height=\"365\" src=\"https:\/\/www.ascale.es\/wp-content\/uploads\/2026\/04\/cement.webp\" class=\"attachment-large size-large wp-image-85161\" alt=\"\" srcset=\"https:\/\/www.ascale.es\/wp-content\/uploads\/2026\/04\/cement.webp 1920w, https:\/\/www.ascale.es\/wp-content\/uploads\/2026\/04\/cement-300x137.webp 300w, https:\/\/www.ascale.es\/wp-content\/uploads\/2026\/04\/cement-768x351.webp 768w, https:\/\/www.ascale.es\/wp-content\/uploads\/2026\/04\/cement-1536x702.webp 1536w\" sizes=\"(max-width: 800px) 100vw, 800px\" \/>\t\t\t\t\t\t\t\t\t\t\t\t\t\t\t<\/div>\n\t\t\t\t<\/div>\n\t\t<div class=\"elementor-element elementor-element-fc3f65c e-con-full overlay e-flex e-con e-child\" data-id=\"fc3f65c\" data-element_type=\"container\" data-settings=\"{&quot;jet_parallax_layout_list&quot;:[],&quot;position&quot;:&quot;absolute&quot;}\">\n\t\t\t\t<div class=\"elementor-element elementor-element-e081410 elementor-widget elementor-widget-heading\" data-id=\"e081410\" data-element_type=\"widget\" data-widget_type=\"heading.default\">\n\t\t\t\t<div class=\"elementor-widget-container\">\n\t\t\t\t\t<h3 class=\"elementor-heading-title elementor-size-default\">Cimento<\/h3>\t\t\t\t<\/div>\n\t\t\t\t<\/div>\n\t\t\t\t<\/div>\n\t\t\t\t<\/a>\n\t\t\t\t<\/div>\n\t\t<\/div><div class=\"jet-listing-grid__item jet-listing-dynamic-post-218 jet-equal-columns\" data-post-id=\"218\"  >\t\t<div data-elementor-type=\"jet-listing-items\" data-elementor-id=\"21883\" class=\"elementor elementor-21883\" data-elementor-post-type=\"jet-engine\">\n\t\t\t\t<a class=\"elementor-element elementor-element-0b3687e e-con-full e-flex e-con e-parent\" data-id=\"0b3687e\" data-element_type=\"container\" data-settings=\"{&quot;jet_parallax_layout_list&quot;:[],&quot;background_background&quot;:&quot;classic&quot;}\" href=\"https:\/\/www.ascale.es\/pt-pt\/colecciones\/natura-pt\/\">\n\t\t\t\t<div class=\"elementor-element elementor-element-63b6b2f elementor-widget elementor-widget-image\" data-id=\"63b6b2f\" data-element_type=\"widget\" data-widget_type=\"image.default\">\n\t\t\t\t<div class=\"elementor-widget-container\">\n\t\t\t\t\t\t\t\t\t\t\t\t\t\t\t<img loading=\"lazy\" decoding=\"async\" width=\"800\" height=\"365\" src=\"https:\/\/www.ascale.es\/wp-content\/uploads\/2026\/04\/natura.webp\" class=\"attachment-large size-large wp-image-85193\" alt=\"\" srcset=\"https:\/\/www.ascale.es\/wp-content\/uploads\/2026\/04\/natura.webp 1920w, https:\/\/www.ascale.es\/wp-content\/uploads\/2026\/04\/natura-300x137.webp 300w, https:\/\/www.ascale.es\/wp-content\/uploads\/2026\/04\/natura-768x351.webp 768w, https:\/\/www.ascale.es\/wp-content\/uploads\/2026\/04\/natura-1536x702.webp 1536w\" sizes=\"(max-width: 800px) 100vw, 800px\" \/>\t\t\t\t\t\t\t\t\t\t\t\t\t\t\t<\/div>\n\t\t\t\t<\/div>\n\t\t<div class=\"elementor-element elementor-element-fc3f65c e-con-full overlay e-flex e-con e-child\" data-id=\"fc3f65c\" data-element_type=\"container\" data-settings=\"{&quot;jet_parallax_layout_list&quot;:[],&quot;position&quot;:&quot;absolute&quot;}\">\n\t\t\t\t<div class=\"elementor-element elementor-element-e081410 elementor-widget elementor-widget-heading\" data-id=\"e081410\" data-element_type=\"widget\" data-widget_type=\"heading.default\">\n\t\t\t\t<div class=\"elementor-widget-container\">\n\t\t\t\t\t<h3 class=\"elementor-heading-title elementor-size-default\">Natura<\/h3>\t\t\t\t<\/div>\n\t\t\t\t<\/div>\n\t\t\t\t<\/div>\n\t\t\t\t<\/a>\n\t\t\t\t<\/div>\n\t\t<\/div><div class=\"jet-listing-grid__item jet-listing-dynamic-post-220 jet-equal-columns\" data-post-id=\"220\"  >\t\t<div data-elementor-type=\"jet-listing-items\" data-elementor-id=\"21883\" class=\"elementor elementor-21883\" data-elementor-post-type=\"jet-engine\">\n\t\t\t\t<a class=\"elementor-element elementor-element-0b3687e e-con-full e-flex e-con e-parent\" data-id=\"0b3687e\" data-element_type=\"container\" data-settings=\"{&quot;jet_parallax_layout_list&quot;:[],&quot;background_background&quot;:&quot;classic&quot;}\" href=\"https:\/\/www.ascale.es\/pt-pt\/colecciones\/essenciais\/\">\n\t\t\t\t<div class=\"elementor-element elementor-element-63b6b2f elementor-widget elementor-widget-image\" data-id=\"63b6b2f\" data-element_type=\"widget\" data-widget_type=\"image.default\">\n\t\t\t\t<div class=\"elementor-widget-container\">\n\t\t\t\t\t\t\t\t\t\t\t\t\t\t\t<img loading=\"lazy\" decoding=\"async\" width=\"800\" height=\"365\" src=\"https:\/\/www.ascale.es\/wp-content\/uploads\/2026\/04\/essentials.webp\" class=\"attachment-large size-large wp-image-85169\" alt=\"\" srcset=\"https:\/\/www.ascale.es\/wp-content\/uploads\/2026\/04\/essentials.webp 1920w, https:\/\/www.ascale.es\/wp-content\/uploads\/2026\/04\/essentials-300x137.webp 300w, https:\/\/www.ascale.es\/wp-content\/uploads\/2026\/04\/essentials-768x351.webp 768w, https:\/\/www.ascale.es\/wp-content\/uploads\/2026\/04\/essentials-1536x702.webp 1536w\" sizes=\"(max-width: 800px) 100vw, 800px\" \/>\t\t\t\t\t\t\t\t\t\t\t\t\t\t\t<\/div>\n\t\t\t\t<\/div>\n\t\t<div class=\"elementor-element elementor-element-fc3f65c e-con-full overlay e-flex e-con e-child\" data-id=\"fc3f65c\" data-element_type=\"container\" data-settings=\"{&quot;jet_parallax_layout_list&quot;:[],&quot;position&quot;:&quot;absolute&quot;}\">\n\t\t\t\t<div class=\"elementor-element elementor-element-e081410 elementor-widget elementor-widget-heading\" data-id=\"e081410\" data-element_type=\"widget\" data-widget_type=\"heading.default\">\n\t\t\t\t<div class=\"elementor-widget-container\">\n\t\t\t\t\t<h3 class=\"elementor-heading-title elementor-size-default\">Essenciais<\/h3>\t\t\t\t<\/div>\n\t\t\t\t<\/div>\n\t\t\t\t<\/div>\n\t\t\t\t<\/a>\n\t\t\t\t<\/div>\n\t\t<\/div><\/div><\/div>\t\t\t\t<\/div>\n\t\t\t\t<\/div>\n\t\t\t\t\t<\/div>\n\t\t\t\t<\/div>\n\t\t\t\t<\/div>\n\t\t","protected":false},"excerpt":{"rendered":"<p>COLE\u00c7\u00d5ES DESCOBRIR OS CONTE\u00daDOS QUE O INSPIRAM Queremos dar vida ao seu projeto. Descubra a versatilidade e a resist\u00eancia das nossas colec\u00e7\u00f5es. Temos o material perfeito para cada tipo de espa\u00e7o e para cada necessidade. Aventure-se a descobri-los todos. Ver todos<\/p>\n","protected":false},"author":1,"featured_media":0,"parent":0,"menu_order":0,"comment_status":"closed","ping_status":"closed","template":"","meta":{"_monsterinsights_skip_tracking":false,"_monsterinsights_sitenote_active":false,"_monsterinsights_sitenote_note":"","_monsterinsights_sitenote_category":0,"footnotes":""},"class_list":["post-39323","page","type-page","status-publish","hentry"],"aioseo_notices":[],"_links":{"self":[{"href":"https:\/\/www.ascale.es\/pt-pt\/wp-json\/wp\/v2\/pages\/39323","targetHints":{"allow":["GET"]}}],"collection":[{"href":"https:\/\/www.ascale.es\/pt-pt\/wp-json\/wp\/v2\/pages"}],"about":[{"href":"https:\/\/www.ascale.es\/pt-pt\/wp-json\/wp\/v2\/types\/page"}],"author":[{"embeddable":true,"href":"https:\/\/www.ascale.es\/pt-pt\/wp-json\/wp\/v2\/users\/1"}],"replies":[{"embeddable":true,"href":"https:\/\/www.ascale.es\/pt-pt\/wp-json\/wp\/v2\/comments?post=39323"}],"version-history":[{"count":17,"href":"https:\/\/www.ascale.es\/pt-pt\/wp-json\/wp\/v2\/pages\/39323\/revisions"}],"predecessor-version":[{"id":85735,"href":"https:\/\/www.ascale.es\/pt-pt\/wp-json\/wp\/v2\/pages\/39323\/revisions\/85735"}],"wp:attachment":[{"href":"https:\/\/www.ascale.es\/pt-pt\/wp-json\/wp\/v2\/media?parent=39323"}],"curies":[{"name":"wp","href":"https:\/\/api.w.org\/{rel}","templated":true}]}}