{"id":39326,"date":"2024-08-14T13:27:31","date_gmt":"2024-08-14T11:27:31","guid":{"rendered":"https:\/\/ascale.es\/espacios\/"},"modified":"2026-03-30T17:02:41","modified_gmt":"2026-03-30T15:02:41","slug":"espacos","status":"publish","type":"page","link":"https:\/\/www.ascale.es\/pt-pt\/espacos\/","title":{"rendered":"Espa\u00e7os"},"content":{"rendered":"\t\t<div data-elementor-type=\"wp-page\" data-elementor-id=\"39326\" class=\"elementor elementor-39326 elementor-21517\" data-elementor-post-type=\"page\">\n\t\t\t\t<div class=\"elementor-element elementor-element-46a9206 page-section-first e-flex e-con-boxed e-con e-parent\" data-id=\"46a9206\" data-element_type=\"container\" data-settings=\"{&quot;jet_parallax_layout_list&quot;:[]}\">\n\t\t\t\t\t<div class=\"e-con-inner\">\n\t\t<div class=\"elementor-element elementor-element-0da0cbb e-con-full e-flex e-con e-child\" data-id=\"0da0cbb\" data-element_type=\"container\" data-settings=\"{&quot;jet_parallax_layout_list&quot;:[]}\">\n\t\t\t\t<div class=\"elementor-element elementor-element-203696f elementor-widget elementor-widget-heading\" data-id=\"203696f\" data-element_type=\"widget\" data-widget_type=\"heading.default\">\n\t\t\t\t<div class=\"elementor-widget-container\">\n\t\t\t\t\t<span class=\"elementor-heading-title elementor-size-default\">PROJETOS<\/span>\t\t\t\t<\/div>\n\t\t\t\t<\/div>\n\t\t\t\t<div class=\"elementor-element elementor-element-e780fe8 elementor-widget elementor-widget-heading\" data-id=\"e780fe8\" data-element_type=\"widget\" data-widget_type=\"heading.default\">\n\t\t\t\t<div class=\"elementor-widget-container\">\n\t\t\t\t\t<span class=\"elementor-heading-title elementor-size-default\">Transformamos os seus espa\u00e7os em algo \u00fanico<\/span>\t\t\t\t<\/div>\n\t\t\t\t<\/div>\n\t\t\t\t<\/div>\n\t\t<div class=\"elementor-element elementor-element-fde2129 e-con-full e-flex e-con e-child\" data-id=\"fde2129\" data-element_type=\"container\" data-settings=\"{&quot;jet_parallax_layout_list&quot;:[]}\">\n\t\t\t\t<div class=\"elementor-element elementor-element-31c9d5f elementor-widget elementor-widget-spacer\" data-id=\"31c9d5f\" data-element_type=\"widget\" data-widget_type=\"spacer.default\">\n\t\t\t\t<div class=\"elementor-widget-container\">\n\t\t\t\t\t\t\t<div class=\"elementor-spacer\">\n\t\t\t<div class=\"elementor-spacer-inner\"><\/div>\n\t\t<\/div>\n\t\t\t\t\t\t<\/div>\n\t\t\t\t<\/div>\n\t\t\t\t<div class=\"elementor-element elementor-element-47e70e9 elementor-widget elementor-widget-text-editor\" data-id=\"47e70e9\" data-element_type=\"widget\" data-widget_type=\"text-editor.default\">\n\t\t\t\t<div class=\"elementor-widget-container\">\n\t\t\t\t\t\t\t\t\t<p>Cada espa\u00e7o tem uma personalidade \u00fanica. Queremos inspir\u00e1-lo e satisfazer todas as necessidades do seu projeto com a nossa tecnologia e funcionalidade.<\/p><p>D\u00ea vida ao espa\u00e7o com a Ascale.<\/p>\t\t\t\t\t\t\t\t<\/div>\n\t\t\t\t<\/div>\n\t\t\t\t<\/div>\n\t\t\t\t\t<\/div>\n\t\t\t\t<\/div>\n\t\t<div class=\"elementor-element elementor-element-85122a8 page-section e-flex e-con-boxed e-con e-parent\" data-id=\"85122a8\" data-element_type=\"container\" data-settings=\"{&quot;jet_parallax_layout_list&quot;:[]}\">\n\t\t\t\t\t<div class=\"e-con-inner\">\n\t\t<a class=\"elementor-element elementor-element-8833f24 e-con-full e-flex e-con e-child\" data-id=\"8833f24\" data-element_type=\"container\" data-settings=\"{&quot;background_background&quot;:&quot;classic&quot;,&quot;jet_parallax_layout_list&quot;:[]}\" href=\"https:\/\/www.ascale.es\/en\/spaces\/banos\/\">\n\t\t\t\t<div class=\"elementor-element elementor-element-ee59bbc elementor-widget elementor-widget-heading\" data-id=\"ee59bbc\" data-element_type=\"widget\" data-widget_type=\"heading.default\">\n\t\t\t\t<div class=\"elementor-widget-container\">\n\t\t\t\t\t<h3 class=\"elementor-heading-title elementor-size-default\">Casas de banho<\/h3>\t\t\t\t<\/div>\n\t\t\t\t<\/div>\n\t\t\t\t<\/a>\n\t\t<a class=\"elementor-element elementor-element-bc215fb e-con-full e-flex e-con e-child\" data-id=\"bc215fb\" data-element_type=\"container\" data-settings=\"{&quot;background_background&quot;:&quot;classic&quot;,&quot;jet_parallax_layout_list&quot;:[]}\" href=\"https:\/\/www.ascale.es\/en\/spaces\/cocinas\/\">\n\t\t\t\t<div class=\"elementor-element elementor-element-7fe0fe5 elementor-widget elementor-widget-heading\" data-id=\"7fe0fe5\" data-element_type=\"widget\" data-widget_type=\"heading.default\">\n\t\t\t\t<div class=\"elementor-widget-container\">\n\t\t\t\t\t<h3 class=\"elementor-heading-title elementor-size-default\">Cozinha<\/h3>\t\t\t\t<\/div>\n\t\t\t\t<\/div>\n\t\t\t\t<\/a>\n\t\t<a class=\"elementor-element elementor-element-38ec0df e-con-full e-flex e-con e-child\" data-id=\"38ec0df\" data-element_type=\"container\" data-settings=\"{&quot;background_background&quot;:&quot;classic&quot;,&quot;jet_parallax_layout_list&quot;:[]}\" href=\"https:\/\/www.ascale.es\/en\/spaces\/salones\/\">\n\t\t\t\t<div class=\"elementor-element elementor-element-4386660 elementor-widget elementor-widget-heading\" data-id=\"4386660\" data-element_type=\"widget\" data-widget_type=\"heading.default\">\n\t\t\t\t<div class=\"elementor-widget-container\">\n\t\t\t\t\t<h3 class=\"elementor-heading-title elementor-size-default\">Salas<\/h3>\t\t\t\t<\/div>\n\t\t\t\t<\/div>\n\t\t\t\t<\/a>\n\t\t<a class=\"elementor-element elementor-element-835577f e-con-full e-flex e-con e-child\" data-id=\"835577f\" data-element_type=\"container\" data-settings=\"{&quot;background_background&quot;:&quot;classic&quot;,&quot;jet_parallax_layout_list&quot;:[]}\" href=\"https:\/\/www.ascale.es\/en\/spaces\/exteriores\/\">\n\t\t\t\t<div class=\"elementor-element elementor-element-a46964c elementor-widget elementor-widget-heading\" data-id=\"a46964c\" data-element_type=\"widget\" data-widget_type=\"heading.default\">\n\t\t\t\t<div class=\"elementor-widget-container\">\n\t\t\t\t\t<h3 class=\"elementor-heading-title elementor-size-default\">Exteriores<\/h3>\t\t\t\t<\/div>\n\t\t\t\t<\/div>\n\t\t\t\t<\/a>\n\t\t\t\t\t<\/div>\n\t\t\t\t<\/div>\n\t\t\t\t<\/div>\n\t\t","protected":false},"excerpt":{"rendered":"<p>PROJETOS Transformamos os seus espa\u00e7os em algo \u00fanico Cada espa\u00e7o tem uma personalidade \u00fanica. Queremos inspir\u00e1-lo e satisfazer todas as necessidades do seu projeto com a nossa tecnologia e funcionalidade. D\u00ea vida ao espa\u00e7o com a Ascale. Casas de banho Cozinha Salas Exteriores<\/p>\n","protected":false},"author":1,"featured_media":0,"parent":0,"menu_order":0,"comment_status":"closed","ping_status":"closed","template":"","meta":{"_monsterinsights_skip_tracking":false,"_monsterinsights_sitenote_active":false,"_monsterinsights_sitenote_note":"","_monsterinsights_sitenote_category":0,"footnotes":""},"class_list":["post-39326","page","type-page","status-publish","hentry"],"aioseo_notices":[],"_links":{"self":[{"href":"https:\/\/www.ascale.es\/pt-pt\/wp-json\/wp\/v2\/pages\/39326","targetHints":{"allow":["GET"]}}],"collection":[{"href":"https:\/\/www.ascale.es\/pt-pt\/wp-json\/wp\/v2\/pages"}],"about":[{"href":"https:\/\/www.ascale.es\/pt-pt\/wp-json\/wp\/v2\/types\/page"}],"author":[{"embeddable":true,"href":"https:\/\/www.ascale.es\/pt-pt\/wp-json\/wp\/v2\/users\/1"}],"replies":[{"embeddable":true,"href":"https:\/\/www.ascale.es\/pt-pt\/wp-json\/wp\/v2\/comments?post=39326"}],"version-history":[{"count":10,"href":"https:\/\/www.ascale.es\/pt-pt\/wp-json\/wp\/v2\/pages\/39326\/revisions"}],"predecessor-version":[{"id":84835,"href":"https:\/\/www.ascale.es\/pt-pt\/wp-json\/wp\/v2\/pages\/39326\/revisions\/84835"}],"wp:attachment":[{"href":"https:\/\/www.ascale.es\/pt-pt\/wp-json\/wp\/v2\/media?parent=39326"}],"curies":[{"name":"wp","href":"https:\/\/api.w.org\/{rel}","templated":true}]}}