{"id":39332,"date":"2024-08-30T01:54:00","date_gmt":"2024-08-29T23:54:00","guid":{"rendered":"https:\/\/ascale.es\/politica-de-privacidad\/"},"modified":"2024-10-15T15:25:47","modified_gmt":"2024-10-15T15:25:47","slug":"politica-de-privacidad","status":"publish","type":"page","link":"https:\/\/www.ascale.es\/pt-pt\/politica-de-privacidad\/","title":{"rendered":"Pol\u00edtica de Privacidade"},"content":{"rendered":"\t\t<div data-elementor-type=\"wp-page\" data-elementor-id=\"39332\" class=\"elementor elementor-39332 elementor-26393\" data-elementor-post-type=\"page\">\n\t\t\t\t<div class=\"elementor-element elementor-element-5e0936ec e-flex e-con-boxed e-con e-parent\" data-id=\"5e0936ec\" data-element_type=\"container\" data-settings=\"{&quot;jet_parallax_layout_list&quot;:[]}\">\n\t\t\t\t\t<div class=\"e-con-inner\">\n\t\t\t\t<div class=\"elementor-element elementor-element-d70c3da elementor-widget elementor-widget-heading\" data-id=\"d70c3da\" data-element_type=\"widget\" data-widget_type=\"heading.default\">\n\t\t\t\t<div class=\"elementor-widget-container\">\n\t\t\t\t\t<h2 class=\"elementor-heading-title elementor-size-default\">Pol\u00edtica de Privacidade<\/h2>\t\t\t\t<\/div>\n\t\t\t\t<\/div>\n\t\t\t\t<div class=\"elementor-element elementor-element-7cfa8d59 elementor-widget elementor-widget-text-editor\" data-id=\"7cfa8d59\" data-element_type=\"widget\" data-widget_type=\"text-editor.default\">\n\t\t\t\t<div class=\"elementor-widget-container\">\n\t\t\t\t\t\t\t\t\t<p>A seguir, descrevemos o tratamento de seus dados pessoais e os direitos que lhe assistem de acordo com a legisla\u00e7\u00e3o vigente de prote\u00e7\u00e3o de dados &#8211; Regulamento (UE) 2016\/679 do Parlamento Europeu e do Conselho de 27 de abril de 2016, relativo \u00e0 prote\u00e7\u00e3o das pessoas f\u00edsicas no que diz respeito ao tratamento de dados pessoais, e legisla\u00e7\u00e3o complementar, doravante denominada &#8220;legisla\u00e7\u00e3o de prote\u00e7\u00e3o de dados&#8221; ou &#8220;RGPD&#8221;.<\/p><p>Respons\u00e1vel pelo tratamento e dados de contato. A entidade respons\u00e1vel pelo tratamento de seus dados \u00e9 ASCALE ELITE S.L.U., com sede social na Ctra. Castell\u00f3n 117 (Partida Foyes Ferraes 5D) 12110 Alcora, Castell\u00f3n, Espanha. Caso deseje, pode entrar em contato conosco atrav\u00e9s do e-mail: lopd@ascale.es ou via endere\u00e7o postal descrito acima.<\/p><p>Com que finalidade(s) trataremos seus dados e com base jur\u00eddica? Seus dados pessoais s\u00e3o tratados, de acordo com o RGPD, com base legal e para as finalidades que a seguir detalhamos:<\/p><p>a) Consentimento do interessado. O tratamento dos seus dados pessoais ser\u00e1 realizado, desde que tenha nos dado o seu consentimento, com as seguintes finalidades, dependendo do formul\u00e1rio preenchido em cada caso e dos consentimentos prestados:<\/p><p>Formul\u00e1rio de contato: Responder, em primeira inst\u00e2ncia, \u00e0s consultas, solicita\u00e7\u00f5es, coment\u00e1rios, d\u00favidas, reclama\u00e7\u00f5es ou qualquer outra quest\u00e3o que nos tenha enviado por meio do formul\u00e1rio de contato. Assinatura da newsletter: Enviar periodicamente a newsletter por meios eletr\u00f4nicos.<\/p><p>Voc\u00ea poder\u00e1 revogar seu consentimento a qualquer momento. Isso tamb\u00e9m se aplica caso seu consentimento tenha sido concedido antes da entrada em vigor do Regulamento Geral de Prote\u00e7\u00e3o de Dados da UE, ou seja, antes de 25 de maio de 2018. \u00c9 importante destacar que a oposi\u00e7\u00e3o a determinado tratamento e a revoga\u00e7\u00e3o do consentimento n\u00e3o t\u00eam efeito retroativo.<\/p><p>Decis\u00f5es individuais automatizadas e cria\u00e7\u00e3o de perfis. N\u00e3o utilizamos processos de tomada de decis\u00f5es totalmente automatizados conforme descrito no artigo 22 do RGPD. Caso em algum momento utilizemos este procedimento, voc\u00ea ser\u00e1 informado e ter\u00e1 o direito de obter a interven\u00e7\u00e3o humana no processo de decis\u00e3o.<\/p><p>A que destinat\u00e1rios seus dados ser\u00e3o comunicados? Para realizar todas as finalidades descritas anteriormente, a ASCALE ELITE, S.L.U. conta com a colabora\u00e7\u00e3o de fornecedores de servi\u00e7os terceiros que podem ter acesso a dados pessoais em decorr\u00eancia da execu\u00e7\u00e3o dos servi\u00e7os contratados. Em qualquer caso, a ASCALE ELITE, S.L.U. segue crit\u00e9rios rigorosos de sele\u00e7\u00e3o desses terceiros para garantir o cumprimento das suas obriga\u00e7\u00f5es de prote\u00e7\u00e3o de dados e firma com eles os correspondentes acordos de prote\u00e7\u00e3o de dados, nos quais esses terceiros se comprometem a cumprir as suas obriga\u00e7\u00f5es de prote\u00e7\u00e3o de dados, especialmente no que se refere \u00e0s medidas legais, t\u00e9cnicas e organizacionais para o tratamento dos dados pessoais, e \u00e0 proibi\u00e7\u00e3o de tratar esses dados para outras finalidades ou transferi-los a terceiros.<\/p><p>Al\u00e9m disso, a ASCALE ELITE, S.L.U. poder\u00e1 divulgar os dados pessoais e qualquer outra informa\u00e7\u00e3o do usu\u00e1rio quando solicitado por autoridades p\u00fablicas no exerc\u00edcio das fun\u00e7\u00f5es legitimamente atribu\u00eddas e em conformidade com as disposi\u00e7\u00f5es aplic\u00e1veis, sempre que necess\u00e1rio.<\/p><p>Por quanto tempo manteremos seus dados? A ASCALE ELITE, S.L.U. cumprir\u00e1 as disposi\u00e7\u00f5es da legisla\u00e7\u00e3o vigente quanto ao dever de eliminar as informa\u00e7\u00f5es pessoais ap\u00f3s a finalidade ser alcan\u00e7ada ou quando o consentimento for revogado, mantendo os dados \u00e0 disposi\u00e7\u00e3o exclusiva de Ju\u00edzes e Tribunais, do Minist\u00e9rio P\u00fablico ou das Administra\u00e7\u00f5es P\u00fablicas competentes para atender \u00e0s poss\u00edveis responsabilidades resultantes do tratamento, e apenas durante os prazos de prescri\u00e7\u00e3o dessas responsabilidades. Ap\u00f3s esses prazos, as informa\u00e7\u00f5es ser\u00e3o eliminadas definitivamente por meio de m\u00e9todos seguros.<\/p><p>Como obtivemos seus dados? Os dados pessoais que a ASCALE ELITE, S.L.U. trata s\u00e3o os dados pessoais coletados atrav\u00e9s dos formul\u00e1rios disponibilizados no site.<\/p><p>Quais s\u00e3o seus direitos quando nos fornece seus dados? De acordo com o Regulamento Geral de Prote\u00e7\u00e3o de Dados, bem como a legisla\u00e7\u00e3o nacional em mat\u00e9ria de prote\u00e7\u00e3o de dados, voc\u00ea tem o direito de exercer, caso deseje, os direitos de acesso, retifica\u00e7\u00e3o e elimina\u00e7\u00e3o de dados, assim como solicitar a limita\u00e7\u00e3o do tratamento de seus dados pessoais, opor-se a este, solicitar a portabilidade de seus dados, bem como n\u00e3o ser submetido a decis\u00f5es individuais automatizadas.<\/p><p>Al\u00e9m disso, no caso de o tratamento de dados pessoais descrito basear-se no consentimento fornecido por voc\u00ea, poder\u00e1 revogar esse consentimento a qualquer momento. Nesse sentido, destaca-se que a revoga\u00e7\u00e3o do consentimento n\u00e3o afetar\u00e1 a legalidade do tratamento realizado anteriormente \u00e0 sua retirada.<\/p><p>Voc\u00ea pode exercer os direitos acima mencionados pelos seguintes canais, fornecendo a documenta\u00e7\u00e3o necess\u00e1ria para verificarmos sua identidade (c\u00f3pia do DNI, passaporte, NIE, etc.):<\/p><p>Por escrito, mediante solicita\u00e7\u00e3o dirigida \u00e0 Ctra. Castell\u00f3n 117 (Partida Foyes Ferraes 5D) 12110 Alcora, Castell\u00f3n, Espanha. Por e-mail para o seguinte endere\u00e7o: lopd@ascale.es<\/p><p>A quem pode apresentar suas reclama\u00e7\u00f5es? Caso entenda que seus direitos de prote\u00e7\u00e3o de dados foram violados ou tenha qualquer reclama\u00e7\u00e3o relativa \u00e0s suas informa\u00e7\u00f5es pessoais, voc\u00ea poder\u00e1 entrar em contato com o Delegado de Prote\u00e7\u00e3o de Dados, cujos dados de contato podem ser encontrados no item 1.<br \/>Em qualquer caso, os interessados sempre poder\u00e3o recorrer \u00e0 Ag\u00eancia Espanhola de Prote\u00e7\u00e3o de Dados, a autoridade de controle em mat\u00e9ria de prote\u00e7\u00e3o de dados, atrav\u00e9s do site https:\/\/www.agpd.es, ou no endere\u00e7o C\/Jorge Juan n\u00famero 5, 28001, Madrid.<\/p>\t\t\t\t\t\t\t\t<\/div>\n\t\t\t\t<\/div>\n\t\t\t\t\t<\/div>\n\t\t\t\t<\/div>\n\t\t\t\t<\/div>\n\t\t","protected":false},"excerpt":{"rendered":"<p>A seguir, descrevemos o tratamento de seus dados pessoais e os direitos que lhe assistem de acordo com a legisla\u00e7\u00e3o vigente de prote\u00e7\u00e3o de dados &#8211; Regulamento (UE) 2016\/679 do Parlamento Europeu e do Conselho de 27 de abril de 2016, relativo \u00e0 prote\u00e7\u00e3o das pessoas f\u00edsicas no que diz respeito ao tratamento de dados [&hellip;]<\/p>\n","protected":false},"author":1,"featured_media":0,"parent":0,"menu_order":0,"comment_status":"closed","ping_status":"closed","template":"","meta":{"_monsterinsights_skip_tracking":false,"_monsterinsights_sitenote_active":false,"_monsterinsights_sitenote_note":"","_monsterinsights_sitenote_category":0,"footnotes":""},"class_list":["post-39332","page","type-page","status-publish","hentry"],"aioseo_notices":[],"_links":{"self":[{"href":"https:\/\/www.ascale.es\/pt-pt\/wp-json\/wp\/v2\/pages\/39332","targetHints":{"allow":["GET"]}}],"collection":[{"href":"https:\/\/www.ascale.es\/pt-pt\/wp-json\/wp\/v2\/pages"}],"about":[{"href":"https:\/\/www.ascale.es\/pt-pt\/wp-json\/wp\/v2\/types\/page"}],"author":[{"embeddable":true,"href":"https:\/\/www.ascale.es\/pt-pt\/wp-json\/wp\/v2\/users\/1"}],"replies":[{"embeddable":true,"href":"https:\/\/www.ascale.es\/pt-pt\/wp-json\/wp\/v2\/comments?post=39332"}],"version-history":[{"count":4,"href":"https:\/\/www.ascale.es\/pt-pt\/wp-json\/wp\/v2\/pages\/39332\/revisions"}],"predecessor-version":[{"id":39360,"href":"https:\/\/www.ascale.es\/pt-pt\/wp-json\/wp\/v2\/pages\/39332\/revisions\/39360"}],"wp:attachment":[{"href":"https:\/\/www.ascale.es\/pt-pt\/wp-json\/wp\/v2\/media?parent=39332"}],"curies":[{"name":"wp","href":"https:\/\/api.w.org\/{rel}","templated":true}]}}