{"id":39334,"date":"2024-09-18T13:55:07","date_gmt":"2024-09-18T11:55:07","guid":{"rendered":"https:\/\/ascale.es\/rsc\/"},"modified":"2025-07-08T10:35:25","modified_gmt":"2025-07-08T08:35:25","slug":"rsc","status":"publish","type":"page","link":"https:\/\/www.ascale.es\/pt-pt\/rsc\/","title":{"rendered":"RSC"},"content":{"rendered":"\t\t<div data-elementor-type=\"wp-page\" data-elementor-id=\"39334\" class=\"elementor elementor-39334 elementor-28643\" data-elementor-post-type=\"page\">\n\t\t\t\t<div class=\"elementor-element elementor-element-51b259e e-flex e-con-boxed e-con e-parent\" data-id=\"51b259e\" data-element_type=\"container\" data-settings=\"{&quot;background_background&quot;:&quot;classic&quot;,&quot;jet_parallax_layout_list&quot;:[]}\">\n\t\t\t\t\t<div class=\"e-con-inner\">\n\t\t\t\t\t<\/div>\n\t\t\t\t<\/div>\n\t\t<div class=\"elementor-element elementor-element-c09ca4b page-section-first e-flex e-con-boxed e-con e-parent\" data-id=\"c09ca4b\" data-element_type=\"container\" data-settings=\"{&quot;jet_parallax_layout_list&quot;:[],&quot;background_background&quot;:&quot;classic&quot;}\">\n\t\t\t\t\t<div class=\"e-con-inner\">\n\t\t<div class=\"elementor-element elementor-element-eed9e37 e-con-full e-flex e-con e-child\" data-id=\"eed9e37\" data-element_type=\"container\" data-settings=\"{&quot;jet_parallax_layout_list&quot;:[]}\">\n\t\t\t\t<div class=\"elementor-element elementor-element-f786776 elementor-widget elementor-widget-image\" data-id=\"f786776\" data-element_type=\"widget\" data-widget_type=\"image.default\">\n\t\t\t\t<div class=\"elementor-widget-container\">\n\t\t\t\t\t\t\t\t\t\t\t\t\t\t\t<img fetchpriority=\"high\" decoding=\"async\" width=\"800\" height=\"533\" src=\"https:\/\/www.ascale.es\/wp-content\/uploads\/2025\/07\/VillarrealCF-RealMadridCF-361.webp\" class=\"attachment-large size-large wp-image-63179\" alt=\"\" srcset=\"https:\/\/www.ascale.es\/wp-content\/uploads\/2025\/07\/VillarrealCF-RealMadridCF-361.webp 2835w, https:\/\/www.ascale.es\/wp-content\/uploads\/2025\/07\/VillarrealCF-RealMadridCF-361-300x200.webp 300w, https:\/\/www.ascale.es\/wp-content\/uploads\/2025\/07\/VillarrealCF-RealMadridCF-361-768x512.webp 768w, https:\/\/www.ascale.es\/wp-content\/uploads\/2025\/07\/VillarrealCF-RealMadridCF-361-1536x1024.webp 1536w, https:\/\/www.ascale.es\/wp-content\/uploads\/2025\/07\/VillarrealCF-RealMadridCF-361-2048x1365.webp 2048w\" sizes=\"(max-width: 800px) 100vw, 800px\" \/>\t\t\t\t\t\t\t\t\t\t\t\t\t\t\t<\/div>\n\t\t\t\t<\/div>\n\t\t\t\t<\/div>\n\t\t<div class=\"elementor-element elementor-element-ef0501b e-con-full grupo-texto e-flex e-con e-child\" data-id=\"ef0501b\" data-element_type=\"container\" data-settings=\"{&quot;jet_parallax_layout_list&quot;:[]}\">\n\t\t\t\t<div class=\"elementor-element elementor-element-9f37b8c elementor-widget elementor-widget-image\" data-id=\"9f37b8c\" data-element_type=\"widget\" data-widget_type=\"image.default\">\n\t\t\t\t<div class=\"elementor-widget-container\">\n\t\t\t\t\t\t\t\t\t\t\t\t\t\t\t<img decoding=\"async\" width=\"250\" height=\"250\" src=\"https:\/\/www.ascale.es\/wp-content\/uploads\/2025\/04\/Sin-titulo-250-x-250-px.png\" class=\"attachment-large size-large wp-image-50492\" alt=\"\" srcset=\"https:\/\/www.ascale.es\/wp-content\/uploads\/2025\/04\/Sin-titulo-250-x-250-px.png 250w, https:\/\/www.ascale.es\/wp-content\/uploads\/2025\/04\/Sin-titulo-250-x-250-px-150x150.png 150w\" sizes=\"(max-width: 250px) 100vw, 250px\" \/>\t\t\t\t\t\t\t\t\t\t\t\t\t\t\t<\/div>\n\t\t\t\t<\/div>\n\t\t\t\t<div class=\"elementor-element elementor-element-a79bd1e elementor-widget elementor-widget-heading\" data-id=\"a79bd1e\" data-element_type=\"widget\" data-widget_type=\"heading.default\">\n\t\t\t\t<div class=\"elementor-widget-container\">\n\t\t\t\t\t<span class=\"elementor-heading-title elementor-size-default\">SOMOS VILLARREAL<\/span>\t\t\t\t<\/div>\n\t\t\t\t<\/div>\n\t\t\t\t<div class=\"elementor-element elementor-element-dbcfe58 elementor-widget elementor-widget-text-editor\" data-id=\"dbcfe58\" data-element_type=\"widget\" data-widget_type=\"text-editor.default\">\n\t\t\t\t<div class=\"elementor-widget-container\">\n\t\t\t\t\t\t\t\t\t<p>Ascale orgulha-se da sua alian\u00e7a com o Villarreal CF. Esta parceria celebra os valores partilhados de esfor\u00e7o e excel\u00eancia, que s\u00e3o o cora\u00e7\u00e3o tanto do nosso trabalho como da paix\u00e3o do clube.<\/p><p>Unidos no nosso compromisso, olhamos para o futuro com otimismo, confiantes de que esta uni\u00e3o impulsionar\u00e1 o progresso e o orgulho em cada passo que dermos juntos.<\/p>\t\t\t\t\t\t\t\t<\/div>\n\t\t\t\t<\/div>\n\t\t\t\t<\/div>\n\t\t\t\t\t<\/div>\n\t\t\t\t<\/div>\n\t\t<div class=\"elementor-element elementor-element-229cbfd page-section e-flex e-con-boxed e-con e-parent\" data-id=\"229cbfd\" data-element_type=\"container\" data-settings=\"{&quot;jet_parallax_layout_list&quot;:[],&quot;background_background&quot;:&quot;classic&quot;}\">\n\t\t\t\t\t<div class=\"e-con-inner\">\n\t\t<div class=\"elementor-element elementor-element-4123ae1 e-con-full grupo-texto e-flex e-con e-child\" data-id=\"4123ae1\" data-element_type=\"container\" data-settings=\"{&quot;jet_parallax_layout_list&quot;:[]}\">\n\t\t\t\t<div class=\"elementor-element elementor-element-2a7b961 elementor-widget elementor-widget-text-editor\" data-id=\"2a7b961\" data-element_type=\"widget\" data-widget_type=\"text-editor.default\">\n\t\t\t\t<div class=\"elementor-widget-container\">\n\t\t\t\t\t\t\t\t\t<p>N\u00e3o podemos deixar de mencionar ASPAR E O VOLEIBOL!<\/p><p>A Ascale tamb\u00e9m \u00e9 sponsor oficial da <strong>Aspar Team<\/strong> e da <strong>Pamesa Voleibol Teruel<\/strong>. Partilhamos um compromisso com a excel\u00eancia e o esfor\u00e7o, procurando inspirar e avan\u00e7ar em todas as disciplinas. Estas alian\u00e7as refletem a nossa dedica\u00e7\u00e3o ao progresso e celebram o esp\u00edrito de supera\u00e7\u00e3o no desporto.<\/p>\t\t\t\t\t\t\t\t<\/div>\n\t\t\t\t<\/div>\n\t\t\t\t<\/div>\n\t\t<div class=\"elementor-element elementor-element-9274d3b e-con-full grupo-texto e-grid e-con e-child\" data-id=\"9274d3b\" data-element_type=\"container\" data-settings=\"{&quot;jet_parallax_layout_list&quot;:[]}\">\n\t\t\t\t<div class=\"elementor-element elementor-element-a703a46 elementor-widget elementor-widget-image\" data-id=\"a703a46\" data-element_type=\"widget\" data-widget_type=\"image.default\">\n\t\t\t\t<div class=\"elementor-widget-container\">\n\t\t\t\t\t\t\t\t\t\t\t\t\t\t\t<img decoding=\"async\" width=\"283\" height=\"121\" src=\"https:\/\/www.ascale.es\/wp-content\/uploads\/2024\/09\/logo-negro.png\" class=\"attachment-large size-large wp-image-38723\" alt=\"\" \/>\t\t\t\t\t\t\t\t\t\t\t\t\t\t\t<\/div>\n\t\t\t\t<\/div>\n\t\t\t\t<div class=\"elementor-element elementor-element-38b1068 elementor-widget elementor-widget-image\" data-id=\"38b1068\" data-element_type=\"widget\" data-widget_type=\"image.default\">\n\t\t\t\t<div class=\"elementor-widget-container\">\n\t\t\t\t\t\t\t\t\t\t\t\t\t\t\t<img loading=\"lazy\" decoding=\"async\" width=\"272\" height=\"165\" src=\"https:\/\/www.ascale.es\/wp-content\/uploads\/2025\/04\/Diseno-sin-titulo-3.png\" class=\"attachment-large size-large wp-image-50505\" alt=\"\" \/>\t\t\t\t\t\t\t\t\t\t\t\t\t\t\t<\/div>\n\t\t\t\t<\/div>\n\t\t\t\t<\/div>\n\t\t\t\t\t<\/div>\n\t\t\t\t<\/div>\n\t\t<div class=\"elementor-element elementor-element-d8bc147 page-section e-flex e-con-boxed e-con e-parent\" data-id=\"d8bc147\" data-element_type=\"container\" data-settings=\"{&quot;jet_parallax_layout_list&quot;:[],&quot;background_background&quot;:&quot;classic&quot;}\">\n\t\t\t\t\t<div class=\"e-con-inner\">\n\t\t<div class=\"elementor-element elementor-element-79bd951 e-con-full grupo-texto e-flex e-con e-child\" data-id=\"79bd951\" data-element_type=\"container\" data-settings=\"{&quot;jet_parallax_layout_list&quot;:[]}\">\n\t\t\t\t<div class=\"elementor-element elementor-element-a1a48c0 elementor-widget elementor-widget-heading\" data-id=\"a1a48c0\" data-element_type=\"widget\" data-widget_type=\"heading.default\">\n\t\t\t\t<div class=\"elementor-widget-container\">\n\t\t\t\t\t<span class=\"elementor-heading-title elementor-size-default\">F\u00e1brica de sonhos <\/span>\t\t\t\t<\/div>\n\t\t\t\t<\/div>\n\t\t\t\t<div class=\"elementor-element elementor-element-a99206e elementor-widget elementor-widget-text-editor\" data-id=\"a99206e\" data-element_type=\"widget\" data-widget_type=\"text-editor.default\">\n\t\t\t\t<div class=\"elementor-widget-container\">\n\t\t\t\t\t\t\t\t\t<p>No Grupo Pamesa promovemos a inclus\u00e3o social atrav\u00e9s de a\u00e7\u00f5es concretas, como a nossa \u201cf\u00e1brica de sonhos\u201d. Aqui, as pessoas com defici\u00eancia desempenham um papel fundamental na cria\u00e7\u00e3o das nossas malhas e trencad\u00eds.<\/p><p>Cada pe\u00e7a \u00e9 um reflexo do seu talento e dedica\u00e7\u00e3o, transformando as nossas diferen\u00e7as numa fonte de criatividade e arte. Valorizamos profundamente a forma como a colabora\u00e7\u00e3o e o esfor\u00e7o conjunto enriquecem o nosso trabalho e nos permitem avan\u00e7ar para um futuro mais inclusivo.<\/p>\t\t\t\t\t\t\t\t<\/div>\n\t\t\t\t<\/div>\n\t\t\t\t<\/div>\n\t\t<div class=\"elementor-element elementor-element-715094f e-con-full grupo-texto e-flex e-con e-child\" data-id=\"715094f\" data-element_type=\"container\" data-settings=\"{&quot;jet_parallax_layout_list&quot;:[]}\">\n\t\t\t\t<div class=\"elementor-element elementor-element-c0881e3 elementor-widget elementor-widget-video\" data-id=\"c0881e3\" data-element_type=\"widget\" data-settings=\"{&quot;video_type&quot;:&quot;hosted&quot;,&quot;autoplay&quot;:&quot;yes&quot;,&quot;mute&quot;:&quot;yes&quot;,&quot;controls&quot;:&quot;yes&quot;}\" data-widget_type=\"video.default\">\n\t\t\t\t<div class=\"elementor-widget-container\">\n\t\t\t\t\t\t\t<div class=\"e-hosted-video elementor-wrapper elementor-open-inline\">\n\t\t\t\t\t<video class=\"elementor-video\" src=\"https:\/\/www.ascale.es\/wp-content\/uploads\/2024\/09\/grupo_pamesa_-_fabrica_de_suenos-1080p.mp4\" autoplay=\"\" controls=\"\" muted=\"muted\" controlsList=\"nodownload\"><\/video>\n\t\t\t\t<\/div>\n\t\t\t\t\t\t<\/div>\n\t\t\t\t<\/div>\n\t\t\t\t<\/div>\n\t\t\t\t\t<\/div>\n\t\t\t\t<\/div>\n\t\t\t\t<\/div>\n\t\t","protected":false},"excerpt":{"rendered":"<p>SOMOS VILLARREAL Ascale orgulha-se da sua alian\u00e7a com o Villarreal CF. Esta parceria celebra os valores partilhados de esfor\u00e7o e excel\u00eancia, que s\u00e3o o cora\u00e7\u00e3o tanto do nosso trabalho como da paix\u00e3o do clube. Unidos no nosso compromisso, olhamos para o futuro com otimismo, confiantes de que esta uni\u00e3o impulsionar\u00e1 o progresso e o orgulho [&hellip;]<\/p>\n","protected":false},"author":1,"featured_media":0,"parent":0,"menu_order":0,"comment_status":"closed","ping_status":"closed","template":"elementor_header_footer","meta":{"_monsterinsights_skip_tracking":false,"_monsterinsights_sitenote_active":false,"_monsterinsights_sitenote_note":"","_monsterinsights_sitenote_category":0,"footnotes":""},"class_list":["post-39334","page","type-page","status-publish","hentry"],"aioseo_notices":[],"_links":{"self":[{"href":"https:\/\/www.ascale.es\/pt-pt\/wp-json\/wp\/v2\/pages\/39334","targetHints":{"allow":["GET"]}}],"collection":[{"href":"https:\/\/www.ascale.es\/pt-pt\/wp-json\/wp\/v2\/pages"}],"about":[{"href":"https:\/\/www.ascale.es\/pt-pt\/wp-json\/wp\/v2\/types\/page"}],"author":[{"embeddable":true,"href":"https:\/\/www.ascale.es\/pt-pt\/wp-json\/wp\/v2\/users\/1"}],"replies":[{"embeddable":true,"href":"https:\/\/www.ascale.es\/pt-pt\/wp-json\/wp\/v2\/comments?post=39334"}],"version-history":[{"count":15,"href":"https:\/\/www.ascale.es\/pt-pt\/wp-json\/wp\/v2\/pages\/39334\/revisions"}],"predecessor-version":[{"id":63200,"href":"https:\/\/www.ascale.es\/pt-pt\/wp-json\/wp\/v2\/pages\/39334\/revisions\/63200"}],"wp:attachment":[{"href":"https:\/\/www.ascale.es\/pt-pt\/wp-json\/wp\/v2\/media?parent=39334"}],"curies":[{"name":"wp","href":"https:\/\/api.w.org\/{rel}","templated":true}]}}